{"id":6169,"date":"2024-02-27T10:08:09","date_gmt":"2024-02-27T09:08:09","guid":{"rendered":"http:\/\/nextbrain.ai\/?page_id=6169"},"modified":"2024-03-20T10:39:26","modified_gmt":"2024-03-20T09:39:26","slug":"security","status":"publish","type":"page","link":"https:\/\/nextbrain.ai\/fr\/security","title":{"rendered":"S\u00e9curit\u00e9"},"content":{"rendered":"<p>NextBrain s'engage \u00e0 la s\u00e9curit\u00e9 des donn\u00e9es que vous traitez avec nous. \u00c0 cet \u00e9gard, nous avons construit nos syst\u00e8mes \u00e0 partir de z\u00e9ro en nous basant sur les meilleures pratiques en mati\u00e8re de s\u00e9curit\u00e9 et de protection des donn\u00e9es.<\/p>\n<p><strong>S\u00e9curit\u00e9 de l'information<\/strong><\/p>\n<ol>\n<li>Lorsque vous t\u00e9l\u00e9chargez des ensembles de donn\u00e9es sur NextBrain, ils sont stock\u00e9s de mani\u00e8re crypt\u00e9e. Seules les personnes avec qui vous les partagez explicitement auront acc\u00e8s.<\/li>\n<li>Toutes les donn\u00e9es et statistiques associ\u00e9es \u00e0 un ensemble de donn\u00e9es seront compl\u00e8tement supprim\u00e9es lorsque vous supprimerez le mod\u00e8le auquel elles sont associ\u00e9es.<\/li>\n<li>Tous les mod\u00e8les et ensembles de donn\u00e9es associ\u00e9s \u00e0 un espace de travail seront compl\u00e8tement supprim\u00e9s lorsque vous supprimerez l'espace de travail lui-m\u00eame.<\/li>\n<li>Tous les param\u00e8tres d'importation avec automatisation ou planification que vous effectuez sont 100 % crypt\u00e9s. Par exemple, lors de l'enregistrement des informations d'identification de la base de donn\u00e9es \u00e0 partir desquelles vous souhaitez extraire des informations.<\/li>\n<li>\u00c0 aucun moment, aucun mot de passe d'acc\u00e8s \u00e0 vos services ne vous sera renvoy\u00e9 ou envoy\u00e9 \u00e0 des personnes autoris\u00e9es. Cependant, vous pouvez le supprimer \u00e0 tout moment.<\/li>\n<li>Les donn\u00e9es que nous traitons dans les diff\u00e9rents processus avant de les afficher \u00e0 l'utilisateur sont \u00e9galement chiffr\u00e9es lorsqu'elles circulent entre les syst\u00e8mes des diff\u00e9rentes technologies que nous utilisons.<\/li>\n<li>Toutes nos connexions de nos diff\u00e9rentes applications utilisent des protocoles cryptographiques standard (TLS).<\/li>\n<\/ol>\n<p><strong>S\u00e9curit\u00e9 de l'infrastructure<\/strong><\/p>\n<ol>\n<li>Nous avons des sauvegardes quotidiennes en cas de perte de donn\u00e9es ou de d\u00e9faillance du syst\u00e8me \u00e9chappant \u00e0 notre contr\u00f4le dans la base de donn\u00e9es o\u00f9 nous stockons les informations NextBrain (dossiers utilisateurs, statistiques de requ\u00eates, etc...).<\/li>\n<li>Nous utilisons \u00e0 la fois Amazon Web Services et Google Cloud Platform pour nos services, en tirant parti des cadres de s\u00e9curit\u00e9 robustes que ces plateformes offrent, car les deux organisations se conforment aux r\u00e9glementations requises par les certifications les plus importantes au monde.<\/li>\n<li>NextBrain peut \u00eatre d\u00e9ploy\u00e9 sur votre propre infrastructure.<\/li>\n<li>Pour <strong>s\u00e9curit\u00e9 renforc\u00e9e<\/strong>, vous pouvez choisir de d\u00e9ployer notre solution de mani\u00e8re \u00e0 r\u00e9pondre au mieux \u00e0 vos besoins. Cela inclut l'installation sur vos propres serveurs physiques ou le d\u00e9ploiement dans votre environnement cloud pr\u00e9f\u00e9r\u00e9, tel que AWS, GCP ou tout autre fournisseur. Cette approche offre non seulement la flexibilit\u00e9 de travailler au sein d'infrastructures famili\u00e8res, mais permet \u00e9galement l'application de mesures de s\u00e9curit\u00e9 suppl\u00e9mentaires, telles que la mise en \u0153uvre d'un VPN ou l'isolement complet du syst\u00e8me de l'acc\u00e8s r\u00e9seau externe, pour garantir la protection maximale de vos donn\u00e9es.<\/li>\n<\/ol>\n<p><strong>Gestion des permissions<\/strong><\/p>\n<ol>\n<li>Toutes les autorisations demand\u00e9es pour acc\u00e9der \u00e0 Google Sheets utilisent le protocole OAuth2. Ce protocole consiste en l'utilisation de jetons temporaires (appel\u00e9s jetons d'acc\u00e8s) qui poss\u00e8dent les autorisations pr\u00e9c\u00e9demment accept\u00e9es par l'utilisateur.<\/li>\n<\/ol>\n<p><strong>Certifications<\/strong><\/p>\n<ol>\n<li>NextBrain est en train d'obtenir la certification ISO 27007 pour les syst\u00e8mes de gestion de la s\u00e9curit\u00e9 de l'information.<\/li>\n<\/ol>\n<p>Si vous avez des questions, vous pouvez consulter notre\u00a0<a href=\"\/fr\/privacy-policy\/\">Politique de confidentialit\u00e9\u00a0<\/a>ou notre\u00a0<a href=\"\/fr\/terms-and-conditions\/\">Conditions g\u00e9n\u00e9rales<\/a>.<br \/>\nVous pouvez \u00e9galement nous contacter \u00e0 l'adresse email suivante :\u00a0<a href=\"mailto:info@nextbrain.ai\">info@nextbrain.ai<\/a><\/p>","protected":false},"excerpt":{"rendered":"<p>NextBrain is committed to the security of the data you process with us. To that end, we have built our systems from the ground up [&hellip;]<\/p>\n","protected":false},"author":1,"featured_media":0,"parent":0,"menu_order":0,"comment_status":"closed","ping_status":"closed","template":"","meta":{"footnotes":""},"class_list":["post-6169","page","type-page","status-publish","hentry"],"yoast_head":"<!-- This site is optimized with the Yoast SEO plugin v25.6 - https:\/\/yoast.com\/wordpress\/plugins\/seo\/ -->\n<title>Security - NextBrain AI | No-Code Machine Learning<\/title>\n<meta name=\"robots\" content=\"index, follow, max-snippet:-1, max-image-preview:large, max-video-preview:-1\" \/>\n<link rel=\"canonical\" href=\"https:\/\/nextbrain.ai\/fr\/security\" \/>\n<meta property=\"og:locale\" content=\"fr_FR\" \/>\n<meta property=\"og:type\" content=\"article\" \/>\n<meta property=\"og:title\" content=\"Security - NextBrain AI | No-Code Machine Learning\" \/>\n<meta property=\"og:description\" content=\"NextBrain is committed to the security of the data you process with us. To that end, we have built our systems from the ground up [&hellip;]\" \/>\n<meta property=\"og:url\" content=\"https:\/\/nextbrain.ai\/fr\/security\" \/>\n<meta property=\"og:site_name\" content=\"NextBrain AI | No-Code Machine Learning\" \/>\n<meta property=\"article:modified_time\" content=\"2024-03-20T09:39:26+00:00\" \/>\n<meta property=\"og:image\" content=\"https:\/\/nextbrain.ai\/wp-content\/uploads\/2022\/01\/logoNext.png\" \/>\n\t<meta property=\"og:image:width\" content=\"270\" \/>\n\t<meta property=\"og:image:height\" content=\"96\" \/>\n\t<meta property=\"og:image:type\" content=\"image\/png\" \/>\n<meta name=\"twitter:card\" content=\"summary_large_image\" \/>\n<meta name=\"twitter:site\" content=\"@nextbrain_ai\" \/>\n<meta name=\"twitter:label1\" content=\"Dur\u00e9e de lecture estim\u00e9e\" \/>\n\t<meta name=\"twitter:data1\" content=\"2 minutes\" \/>\n<!-- \/ Yoast SEO plugin. -->","yoast_head_json":{"title":"S\u00e9curit\u00e9 - NextBrain AI | No-Code Machine Learning","robots":{"index":"index","follow":"follow","max-snippet":"max-snippet:-1","max-image-preview":"max-image-preview:large","max-video-preview":"max-video-preview:-1"},"canonical":"https:\/\/nextbrain.ai\/fr\/security","og_locale":"fr_FR","og_type":"article","og_title":"Security - NextBrain AI | No-Code Machine Learning","og_description":"NextBrain is committed to the security of the data you process with us. To that end, we have built our systems from the ground up [&hellip;]","og_url":"https:\/\/nextbrain.ai\/fr\/security","og_site_name":"NextBrain AI | No-Code Machine Learning","article_modified_time":"2024-03-20T09:39:26+00:00","og_image":[{"width":270,"height":96,"url":"https:\/\/nextbrain.ai\/wp-content\/uploads\/2022\/01\/logoNext.png","type":"image\/png"}],"twitter_card":"summary_large_image","twitter_site":"@nextbrain_ai","twitter_misc":{"Dur\u00e9e de lecture estim\u00e9e":"2 minutes"},"schema":{"@context":"https:\/\/schema.org","@graph":[{"@type":"WebPage","@id":"https:\/\/nextbrain.ai\/security","url":"https:\/\/nextbrain.ai\/security","name":"S\u00e9curit\u00e9 - NextBrain AI | No-Code Machine Learning","isPartOf":{"@id":"https:\/\/nextbrain.ai\/#website"},"datePublished":"2024-02-27T09:08:09+00:00","dateModified":"2024-03-20T09:39:26+00:00","breadcrumb":{"@id":"https:\/\/nextbrain.ai\/security#breadcrumb"},"inLanguage":"fr-FR","potentialAction":[{"@type":"ReadAction","target":["https:\/\/nextbrain.ai\/security"]}]},{"@type":"BreadcrumbList","@id":"https:\/\/nextbrain.ai\/security#breadcrumb","itemListElement":[{"@type":"ListItem","position":1,"name":"Portada","item":"https:\/\/nextbrain.ai\/"},{"@type":"ListItem","position":2,"name":"Security"}]},{"@type":"WebSite","@id":"https:\/\/nextbrain.ai\/#website","url":"https:\/\/nextbrain.ai\/","name":"NextBrain AI | Machine Learning sans code","description":"Upgrade your decision-making","publisher":{"@id":"https:\/\/nextbrain.ai\/#organization"},"potentialAction":[{"@type":"SearchAction","target":{"@type":"EntryPoint","urlTemplate":"https:\/\/nextbrain.ai\/?s={search_term_string}"},"query-input":{"@type":"PropertyValueSpecification","valueRequired":true,"valueName":"search_term_string"}}],"inLanguage":"fr-FR"},{"@type":"Organization","@id":"https:\/\/nextbrain.ai\/#organization","name":"NextBrain.ai","url":"https:\/\/nextbrain.ai\/","logo":{"@type":"ImageObject","inLanguage":"fr-FR","@id":"https:\/\/nextbrain.ai\/#\/schema\/logo\/image\/","url":"http:\/\/nextbrain.ai\/wp-content\/uploads\/2022\/01\/logoNext.png","contentUrl":"http:\/\/nextbrain.ai\/wp-content\/uploads\/2022\/01\/logoNext.png","width":270,"height":96,"caption":"NextBrain.ai"},"image":{"@id":"https:\/\/nextbrain.ai\/#\/schema\/logo\/image\/"},"sameAs":["https:\/\/x.com\/nextbrain_ai","https:\/\/www.linkedin.com\/company\/nextbrain-ai\/","https:\/\/www.youtube.com\/channel\/UCpRhfXZE3YEdfgp2K0U9kxQ","https:\/\/github.com\/NextBrain-ai"]}]}},"_links":{"self":[{"href":"https:\/\/nextbrain.ai\/fr\/wp-json\/wp\/v2\/pages\/6169"}],"collection":[{"href":"https:\/\/nextbrain.ai\/fr\/wp-json\/wp\/v2\/pages"}],"about":[{"href":"https:\/\/nextbrain.ai\/fr\/wp-json\/wp\/v2\/types\/page"}],"author":[{"embeddable":true,"href":"https:\/\/nextbrain.ai\/fr\/wp-json\/wp\/v2\/users\/1"}],"replies":[{"embeddable":true,"href":"https:\/\/nextbrain.ai\/fr\/wp-json\/wp\/v2\/comments?post=6169"}],"version-history":[{"count":9,"href":"https:\/\/nextbrain.ai\/fr\/wp-json\/wp\/v2\/pages\/6169\/revisions"}],"predecessor-version":[{"id":6788,"href":"https:\/\/nextbrain.ai\/fr\/wp-json\/wp\/v2\/pages\/6169\/revisions\/6788"}],"wp:attachment":[{"href":"https:\/\/nextbrain.ai\/fr\/wp-json\/wp\/v2\/media?parent=6169"}],"curies":[{"name":"wp","href":"https:\/\/api.w.org\/{rel}","templated":true}]}}