{"id":6724,"date":"2024-03-20T08:43:15","date_gmt":"2024-03-20T07:43:15","guid":{"rendered":"http:\/\/nextbrain.ai\/?page_id=6724"},"modified":"2024-04-05T09:52:39","modified_gmt":"2024-04-05T07:52:39","slug":"faq","status":"publish","type":"page","link":"https:\/\/nextbrain.ai\/es\/faq","title":{"rendered":"Preguntas Frecuentes"},"content":{"rendered":"<div class=\"container\">\n<div class=\"accordion mb-5\">\n<div class=\"card-header collapsed\" data-toggle=\"collapse\" data-parent=\"#accordion\" href=\"#collapseIni\">\n<div class=\"faqtitle\"><a class=\"card-title btn-link\"><i class=\"bi bi-question-circle-fill\"><\/i> \u00bfQu\u00e9 modelos predictivos utiliza nuestro sistema?<\/a><\/div>\n<\/div>\n<div id=\"collapseIni\" class=\"card-body collapse in show\" data-parent=\"#accordion\">\n<p>Nuestra plataforma emplea un sofisticado conjunto de modelos predictivos para atender a una amplia gama de aplicaciones, desde el procesamiento del lenguaje natural a la previsi\u00f3n y m\u00e1s all\u00e1. Aqu\u00ed tienes un desglose de los tipos de modelos que utilizamos:<\/p>\n<p><strong>1. Grandes modelos ling\u00fc\u00edsticos (LLM o IA generativa):<\/strong><br \/>\nPor defecto, nuestro sistema utiliza Azure, con ChatGPT 4, para Large Language Models. Ofrecemos la flexibilidad de cambiar entre varios LLM, incluyendo LLama2, OpenAI, Mistral, entre otros, para adaptarse a las preferencias del usuario o a los requisitos espec\u00edficos del proyecto. Nuestra plataforma est\u00e1 dise\u00f1ada para integrar casi cualquier LLM, garantizando versatilidad y adaptabilidad a diversas tareas. Si un LLM solicitado no est\u00e1 soportado directamente, tomamos medidas para establecer la compatibilidad y conectividad para satisfacer las necesidades del usuario.<\/p>\n<p><strong>2. Modelos de clasificaci\u00f3n, regresi\u00f3n y soluciones automatizadas:<\/strong><br \/>\nNuestro enfoque de las tareas de clasificaci\u00f3n y regresi\u00f3n incorpora una amplia gama de modelos, como Linear, Decision Tree, Random Forest, Extra Trees, LightGBM, Xgboost, CatBoost, Neural Network y Nearest Neighbors. Este variado conjunto de herramientas nos permite abordar con eficacia un amplio espectro de retos.<br \/>\nAdem\u00e1s, nuestro sistema est\u00e1 equipado con un mecanismo de selecci\u00f3n adaptativa para soluciones automatizadas, que elige din\u00e1micamente el modelo m\u00e1s adecuado en funci\u00f3n del contexto y de la calidad de formaci\u00f3n deseada. Esto garantiza que los modelos que desplegamos se adapten a los requisitos espec\u00edficos de cada tarea, desde clasificaciones sencillas hasta an\u00e1lisis predictivos complejos.<\/p>\n<p>Para situaciones que requieren una mayor precisi\u00f3n o rendimiento, nuestra plataforma no se basa en un \u00fanico modelo. En su lugar, generamos m\u00faltiples modelos de diferentes tipos y configuraciones, los clasificamos en funci\u00f3n de su rendimiento y creamos un conjunto con los modelos de mejor rendimiento. Este enfoque de conjunto mejora significativamente la precisi\u00f3n de nuestras predicciones, lo que nos permite ofrecer resultados superiores sin necesidad de complejas aportaciones de los usuarios.<\/p>\n<p><strong>3. Modelos de previsi\u00f3n:<\/strong><br \/>\nPara los problemas de previsi\u00f3n, nuestro conjunto de herramientas incluye modelos como Arima, Sarima, Prophet y modelos bayesianos. Se han seleccionado por su fiabilidad y eficacia demostradas en la predicci\u00f3n de tendencias y patrones futuros en diversos \u00e1mbitos.<\/p>\n<p>A trav\u00e9s de este uso exhaustivo y adaptativo de modelos predictivos, nuestra plataforma garantiza que los usuarios tengan acceso a tecnolog\u00edas de IA de vanguardia adaptadas a sus necesidades espec\u00edficas, simplificando el camino hacia la obtenci\u00f3n de perspectivas precisas y procesables.\n<\/p><\/div>\n<div class=\"card-header collapsed\" data-toggle=\"collapse\" href=\"#collapseZero\">\n<div class=\"faqtitle\"><a class=\"card-title btn-link\"><i class=\"bi bi-question-circle-fill\"><\/i> \u00bfC\u00f3mo funcionan estos modelos en t\u00e9rminos sencillos?<\/a><\/div>\n<\/div>\n<div id=\"collapseZero\" class=\"card-body collapse in show\" data-parent=\"#accordion\">\n<p>B\u00e1sicamente, dividimos el conjunto de datos de usuarios (esta es la fuente de verdad) en dos peque\u00f1os conjuntos.<br \/>\nEsos son los <strong>Conjunto de entrenamiento<\/strong> (generalmente el 80% del conjunto de datos original) y <strong>Conjunto de prueba<\/strong> (20%).<\/p>\n<p>Entrenamos un algoritmo de aprendizaje autom\u00e1tico para obtener una buena precisi\u00f3n con nuestro <strong>Conjunto de entrenamiento<\/strong>.<br \/>\nMe refiero a la reducci\u00f3n del error en las predicciones. En t\u00e9rminos generales, inicialmente tenemos un modelo aleatorio que b\u00e1sicamente nos da una respuesta aleatoria, luego pedimos una predicci\u00f3n sobre nuestro conjunto de entrenamiento, el modelo nos da una respuesta (inicialmente aleatoria), luego retropropagamos todos los ajustes necesarios para que nuestro modelo responda lo que esper\u00e1bamos (porque sabemos la verdad). Luego seguimos con todas las dem\u00e1s filas de nuestra fase de entrenamiento.<br \/>\nDe hecho, este proceso se realiza muchas veces.<\/p>\n<p>Una vez que el modelo se ha entrenado y tiene una buena precisi\u00f3n en el conjunto de entrenamiento, hacemos una predicci\u00f3n en el conjunto de prueba (datos no vistos para el modelo) y evaluamos la calidad de la predicci\u00f3n del modelo en los datos no vistos.<br \/>\nEsta precisi\u00f3n de prueba es la que mostramos a los usuarios (porque, por supuesto, el modelo tendr\u00e1 una buena precisi\u00f3n en el conjunto de entrenamiento).\n<\/p><\/div>\n<div class=\"card-header collapsed\" data-toggle=\"collapse\" href=\"#collapseOne\">\n<div class=\"faqtitle\"><a class=\"card-title btn-link\"><i class=\"bi bi-question-circle-fill\"><\/i> \u00bfCu\u00e1l es la tecnolog\u00eda subyacente?<\/a><\/div>\n<\/div>\n<div id=\"collapseOne\" class=\"card-body collapse show\" data-parent=\"#accordion\">\n<p>Nuestro sistema presenta una estructura sofisticada y altamente eficiente, dise\u00f1ada para optimizar el procesamiento y la entrega de soluciones personalizadas. En el coraz\u00f3n de nuestra plataforma se encuentra un avanzado servicio API, que act\u00faa como principal punto de entrada de las solicitudes. Est\u00e1 respaldado por diversos componentes especializados, cada uno dedicado a una funci\u00f3n espec\u00edfica, lo que garantiza una respuesta r\u00e1pida y precisa a las necesidades de los usuarios.<\/p>\n<p>La arquitectura se apoya en tecnolog\u00edas punteras de bases de datos, meticulosamente seleccionadas para garantizar la integridad, seguridad y accesibilidad de los datos. Nuestra infraestructura tambi\u00e9n incorpora las \u00faltimas herramientas de gesti\u00f3n de datos, dise\u00f1adas para manipular y analizar grandes vol\u00famenes de informaci\u00f3n con una eficacia inigualable.<\/p>\n<p>El n\u00facleo de nuestra innovaci\u00f3n es un sistema multiagente \u00fanico, compuesto por una serie de \"agentes\" preconfigurados. Estos agentes, dotados de capacidades espec\u00edficas, colaboran para procesar y responder a consultas de forma inteligente y adaptativa. Esta estrategia nos permite abordar una amplia gama de tareas, desde el desarrollo de software hasta la generaci\u00f3n de visualizaciones complejas y la planificaci\u00f3n estrat\u00e9gica, con una precisi\u00f3n y creatividad excepcionales.<\/p>\n<p>Sin entrar en detalles t\u00e9cnicos espec\u00edficos, que son parte esencial de nuestra ventaja competitiva, podemos afirmar que nuestra plataforma est\u00e1 dise\u00f1ada para afrontar los retos m\u00e1s complejos, ofreciendo soluciones que est\u00e1n a la vanguardia de la tecnolog\u00eda actual.\n<\/p><\/div>\n<div class=\"card-header collapsed\" data-toggle=\"collapse\" data-parent=\"#accordion\" href=\"#collapseTwo\">\n<div class=\"faqtitle\"><a class=\"card-title btn-link\"><i class=\"bi bi-question-circle-fill\"><\/i> Hemos identificado una serie de casos de uso<\/a><\/div>\n<\/div>\n<div id=\"collapseTwo\" class=\"card-body collapse show\" data-parent=\"#accordion\">\n<p>Todos los casos que usted proporcion\u00f3 est\u00e1n bien, tambi\u00e9n podemos:<\/p>\n<ul class=\"m-5\">\n<li>Hacer previsiones forecasting<\/li>\n<li>Validar hip\u00f3tesis empresariales<\/li>\n<li>Limpiar los datos de los usuarios (autom\u00e1ticamente y a petici\u00f3n)<\/li>\n<li>An\u00e1lisis contraf\u00e1ctico<\/li>\n<li>Anonimizar datos (los datos sint\u00e9ticos se consideran datos anonimizados)<\/li>\n<\/ul>\n<p>Se muestran otros casos de uso <a href=\"\/es\/automl-cloud\/\">aqu\u00ed<\/a>\n<\/div>\n<div class=\"card-header collapsed\" data-toggle=\"collapse\" data-parent=\"#accordion\" href=\"#collapseThree\">\n<div class=\"faqtitle\"><a class=\"card-title btn-link\"><i class=\"bi bi-question-circle-fill\"><\/i> \u00bfC\u00f3mo calculas la importancia de las caracter\u00edsticas de los modelos?<\/a><\/div>\n<\/div>\n<div id=\"collapseTwo\" class=\"card-body collapse show\" data-parent=\"#accordion\">\n<p>Para calcular tanto la importancia global como la espec\u00edfica de las caracter\u00edsticas, utilizamos los valores SHAP.<\/p>\n<\/div>\n<div class=\"card-header collapsed\" data-toggle=\"collapse\" data-parent=\"#accordion\" href=\"#collapseFour\">\n<div class=\"faqtitle\"><a class=\"card-title btn-link\"><i class=\"bi bi-question-circle-fill\"><\/i> \u00bfC\u00f3mo decides los mejores par\u00e1metros de cada modelo de ML? \u00bfUtilizas m\u00e9todos de optimizaci\u00f3n de hiperpar\u00e1metros?<\/a><\/div>\n<\/div>\n<div id=\"collapseTwo\" class=\"card-body collapse show\" data-parent=\"#accordion\">\n<p>Para determinar los mejores par\u00e1metros para cada modelo de ML, empleamos un m\u00e9todo similar a crear una competencia entre varios modelos, incluyendo diferentes configuraciones de Redes Neuronales con diferentes n\u00fameros de nodos.<\/p>\n<p>Este enfoque competitivo nos ayuda a ajustar todos los hiperpar\u00e1metros.<\/p>\n<p>Adem\u00e1s, implementamos controles para evitar el sobreajuste durante el proceso de optimizaci\u00f3n de hiperpar\u00e1metros para garantizar que los modelos desarrollados posean una capacidad robusta de generalizaci\u00f3n.<\/p>\n<\/div>\n<\/div>\n<\/div>","protected":false},"excerpt":{"rendered":"<p>What Predictive Models Does Our System Use? Our platform employs a sophisticated array of predictive models to cater to a wide range of applications, from [&hellip;]<\/p>\n","protected":false},"author":1,"featured_media":0,"parent":0,"menu_order":0,"comment_status":"closed","ping_status":"closed","template":"","meta":{"footnotes":""},"class_list":["post-6724","page","type-page","status-publish","hentry"],"yoast_head":"<!-- This site is optimized with the Yoast SEO plugin v25.6 - https:\/\/yoast.com\/wordpress\/plugins\/seo\/ -->\n<title>FAQ - NextBrain AI | No-Code Machine Learning<\/title>\n<meta name=\"robots\" content=\"index, follow, max-snippet:-1, max-image-preview:large, max-video-preview:-1\" \/>\n<link rel=\"canonical\" href=\"https:\/\/nextbrain.ai\/es\/faq\" \/>\n<meta property=\"og:locale\" content=\"es_ES\" \/>\n<meta property=\"og:type\" content=\"article\" \/>\n<meta property=\"og:title\" content=\"FAQ - NextBrain AI | No-Code Machine Learning\" \/>\n<meta property=\"og:description\" content=\"What Predictive Models Does Our System Use? Our platform employs a sophisticated array of predictive models to cater to a wide range of applications, from [&hellip;]\" \/>\n<meta property=\"og:url\" content=\"https:\/\/nextbrain.ai\/es\/faq\" \/>\n<meta property=\"og:site_name\" content=\"NextBrain AI | No-Code Machine Learning\" \/>\n<meta property=\"article:modified_time\" content=\"2024-04-05T07:52:39+00:00\" \/>\n<meta property=\"og:image\" content=\"https:\/\/nextbrain.ai\/wp-content\/uploads\/2022\/01\/logoNext.png\" \/>\n\t<meta property=\"og:image:width\" content=\"270\" \/>\n\t<meta property=\"og:image:height\" content=\"96\" \/>\n\t<meta property=\"og:image:type\" content=\"image\/png\" \/>\n<meta name=\"twitter:card\" content=\"summary_large_image\" \/>\n<meta name=\"twitter:site\" content=\"@nextbrain_ai\" \/>\n<meta name=\"twitter:label1\" content=\"Tiempo de lectura\" \/>\n\t<meta name=\"twitter:data1\" content=\"5 minutos\" \/>\n<!-- \/ Yoast SEO plugin. -->","yoast_head_json":{"title":"Preguntas Frecuentes - NextBrain AI | Aprendizaje Autom\u00e1tico Sin C\u00f3digo","robots":{"index":"index","follow":"follow","max-snippet":"max-snippet:-1","max-image-preview":"max-image-preview:large","max-video-preview":"max-video-preview:-1"},"canonical":"https:\/\/nextbrain.ai\/es\/faq","og_locale":"es_ES","og_type":"article","og_title":"FAQ - NextBrain AI | No-Code Machine Learning","og_description":"What Predictive Models Does Our System Use? Our platform employs a sophisticated array of predictive models to cater to a wide range of applications, from [&hellip;]","og_url":"https:\/\/nextbrain.ai\/es\/faq","og_site_name":"NextBrain AI | No-Code Machine Learning","article_modified_time":"2024-04-05T07:52:39+00:00","og_image":[{"width":270,"height":96,"url":"https:\/\/nextbrain.ai\/wp-content\/uploads\/2022\/01\/logoNext.png","type":"image\/png"}],"twitter_card":"summary_large_image","twitter_site":"@nextbrain_ai","twitter_misc":{"Tiempo de lectura":"5 minutos"},"schema":{"@context":"https:\/\/schema.org","@graph":[{"@type":"WebPage","@id":"https:\/\/nextbrain.ai\/faq","url":"https:\/\/nextbrain.ai\/faq","name":"Preguntas Frecuentes - NextBrain AI | Aprendizaje Autom\u00e1tico Sin C\u00f3digo","isPartOf":{"@id":"https:\/\/nextbrain.ai\/#website"},"datePublished":"2024-03-20T07:43:15+00:00","dateModified":"2024-04-05T07:52:39+00:00","breadcrumb":{"@id":"https:\/\/nextbrain.ai\/faq#breadcrumb"},"inLanguage":"es","potentialAction":[{"@type":"ReadAction","target":["https:\/\/nextbrain.ai\/faq"]}]},{"@type":"BreadcrumbList","@id":"https:\/\/nextbrain.ai\/faq#breadcrumb","itemListElement":[{"@type":"ListItem","position":1,"name":"Portada","item":"https:\/\/nextbrain.ai\/"},{"@type":"ListItem","position":2,"name":"FAQ"}]},{"@type":"WebSite","@id":"https:\/\/nextbrain.ai\/#website","url":"https:\/\/nextbrain.ai\/","name":"NextBrain AI | Aprendizaje Autom\u00e1tico Sin C\u00f3digo","description":"Mejora tu toma de decisiones","publisher":{"@id":"https:\/\/nextbrain.ai\/#organization"},"potentialAction":[{"@type":"SearchAction","target":{"@type":"EntryPoint","urlTemplate":"https:\/\/nextbrain.ai\/?s={search_term_string}"},"query-input":{"@type":"PropertyValueSpecification","valueRequired":true,"valueName":"search_term_string"}}],"inLanguage":"es"},{"@type":"Organization","@id":"https:\/\/nextbrain.ai\/#organization","name":"NextBrain.ai","url":"https:\/\/nextbrain.ai\/","logo":{"@type":"ImageObject","inLanguage":"es","@id":"https:\/\/nextbrain.ai\/#\/schema\/logo\/image\/","url":"http:\/\/nextbrain.ai\/wp-content\/uploads\/2022\/01\/logoNext.png","contentUrl":"http:\/\/nextbrain.ai\/wp-content\/uploads\/2022\/01\/logoNext.png","width":270,"height":96,"caption":"NextBrain.ai"},"image":{"@id":"https:\/\/nextbrain.ai\/#\/schema\/logo\/image\/"},"sameAs":["https:\/\/x.com\/nextbrain_ai","https:\/\/www.linkedin.com\/company\/nextbrain-ai\/","https:\/\/www.youtube.com\/channel\/UCpRhfXZE3YEdfgp2K0U9kxQ","https:\/\/github.com\/NextBrain-ai"]}]}},"_links":{"self":[{"href":"https:\/\/nextbrain.ai\/es\/wp-json\/wp\/v2\/pages\/6724"}],"collection":[{"href":"https:\/\/nextbrain.ai\/es\/wp-json\/wp\/v2\/pages"}],"about":[{"href":"https:\/\/nextbrain.ai\/es\/wp-json\/wp\/v2\/types\/page"}],"author":[{"embeddable":true,"href":"https:\/\/nextbrain.ai\/es\/wp-json\/wp\/v2\/users\/1"}],"replies":[{"embeddable":true,"href":"https:\/\/nextbrain.ai\/es\/wp-json\/wp\/v2\/comments?post=6724"}],"version-history":[{"count":24,"href":"https:\/\/nextbrain.ai\/es\/wp-json\/wp\/v2\/pages\/6724\/revisions"}],"predecessor-version":[{"id":7545,"href":"https:\/\/nextbrain.ai\/es\/wp-json\/wp\/v2\/pages\/6724\/revisions\/7545"}],"wp:attachment":[{"href":"https:\/\/nextbrain.ai\/es\/wp-json\/wp\/v2\/media?parent=6724"}],"curies":[{"name":"wp","href":"https:\/\/api.w.org\/{rel}","templated":true}]}}