{"id":5983,"date":"2023-11-14T09:17:42","date_gmt":"2023-11-14T08:17:42","guid":{"rendered":"http:\/\/nextbrain.ai\/?page_id=5983"},"modified":"2023-11-14T09:21:31","modified_gmt":"2023-11-14T08:21:31","slug":"user-terms","status":"publish","type":"page","link":"https:\/\/nextbrain.ai\/es\/user-terms","title":{"rendered":"T\u00e9minos de usuario"},"content":{"rendered":"<p>T\u00e9rminos de Servicio para Usuarios de la Plataforma NextBrain.ai (\u201cT\u00e9rminos de Usuario\u201d)<\/p>\n<p>Fecha de entrada en vigor: 1 de octubre de 2023<\/p>\n<p>Estos T\u00e9rminos de Servicio del Usuario (los \"T\u00e9rminos del Usuario\") describen sus derechos, responsabilidades y obligaciones al utilizar las soluciones de software como servicio de NextBrain.ai para la gesti\u00f3n de pron\u00f3sticos meteorol\u00f3gicos (la \"Plataforma NextBrain.ai\") como \"Usuario Autorizado\".<\/p>\n<p>Este acuerdo describe c\u00f3mo trabajaremos juntos y otros aspectos de nuestra relaci\u00f3n comercial. Es un documento legal, por lo que parte del lenguaje es necesariamente \"legal\", pero hemos intentado hacerlo lo m\u00e1s legible posible.<\/p>\n<p>Accedes y utilizas la Plataforma NextBrain.ai en nombre de un \u201cCliente\u201d de NextBrain.ai. Para hacerlo, necesitas iniciar sesi\u00f3n en una \u201cCuenta de Cliente\u201d.<\/p>\n<p>Un Cliente es una entidad legal (t\u00edpicamente su empleador) que ha (i) acordado por separado nuestros T\u00e9rminos de Servicio para la Plataforma NextBrain.ai (\"T\u00e9rminos del Cliente\") o (ii) celebrado un acuerdo escrito individual con nosotros respecto al uso de la Plataforma NextBrain.ai (en cualquiera de los casos, el \"Acuerdo\").<\/p>\n<p>\u201cNextBrain.ai\u201d, \u201cnosotros\u201d, \u201cnuestro\u201d y \u201cnos\u201d se refieren a NextBrain AI S.L.<a href=\"\/es\/\">http:\/\/NextBrain.ai<\/a>), una sociedad limitada con oficina registrada en Paseo de la Castellana, n.\u00ba 210 planta 5, puerta 8. 28046, Madrid y n\u00famero de registro B13823448, y, en su caso, nuestras empresas afiliadas dentro de nuestro grupo. Si accedes o utilizas la Plataforma NextBrain.ai, o contin\u00faas accediendo o utilizando la Plataforma NextBrain.ai despu\u00e9s de ser notificado de un cambio en los T\u00e9rminos de Usuario, confirmas que has le\u00eddo, entendido y aceptas estar sujeto a los T\u00e9rminos de Usuario. Constituyen un acuerdo legalmente vinculante entre t\u00fa y nosotros. Si incumples los T\u00e9rminos de Usuario, podemos suspender tu acceso y el del Cliente a la Plataforma NextBrain.ai y buscar todos los recursos disponibles para nosotros bajo estos T\u00e9rminos de Usuario y el Acuerdo.<\/p>\n<h2>1. Gesti\u00f3n de Usuarios<\/h2>\n<p>Es responsabilidad del Cliente gestionar los Usuarios Autorizados asociados con su Cuenta de Cliente. En particular, el Cliente puede cambiar la configuraci\u00f3n de su cuenta o permisos o puede terminar su acceso a la Plataforma NextBrain.ai en cualquier momento. Debe mantener su informaci\u00f3n de inicio de sesi\u00f3n de la Cuenta de Cliente segura y confidencial en todo momento.<\/p>\n<h2>2. Datos del Cliente<\/h2>\n<p>Como Usuario Autorizado, puede cargar cierto contenido en la Plataforma NextBrain.ai, como informaci\u00f3n sobre veh\u00edculos o conductores (\u201cDatos del Cliente\u201d). Usted reconoce y acepta que los Datos del Cliente son propiedad del Cliente y que solo puede cargar Datos del Cliente de acuerdo con las directrices, instrucciones, pol\u00edticas y pr\u00e1cticas del Cliente relevantes para el procesamiento de Datos del Cliente y el uso de la Plataforma NextBrain.ai. No somos responsables del contenido de ning\u00fan Dato del Cliente. Estamos procesando los Datos del Cliente en nombre del Cliente y seg\u00fan las instrucciones del Cliente.<\/p>\n<h2>3. Uso adecuado<\/h2>\n<p>Usted acepta que no utilizar\u00e1 la Plataforma NextBrain.ai para (i) cometer delitos o violaciones de la ley aplicable; (ii) almacenar, transmitir o difundir un virus; (iii) almacenar o enviar material que sea malicioso o tecnol\u00f3gicamente da\u00f1ino o que contravenga el principio de buena fe o que sea ilegal, ofensivo u obsceno; (iv) hackear partes de la Plataforma NextBrain.ai o hacer ingenier\u00eda inversa de la misma; (v) corromper datos; (vi) interrumpir a otros usuarios; (vii) violar los derechos de propiedad intelectual de terceros; (viii) enviar publicidad o material de marketing no solicitado; o (ix) intentar influir en el rendimiento o funcionalidad de la Plataforma NextBrain.ai o en los sistemas inform\u00e1ticos accesibles a trav\u00e9s de la Plataforma NextBrain.ai.<\/p>\n<h2>4. Validez<\/h2>\n<p>Estos T\u00e9rminos de Usuario permanecer\u00e1n en vigor hasta que su acceso a las Plataformas de NextBrain.ai haya sido terminado por el Cliente o por nosotros.<\/p>\n<h2>5. Ley aplicable y jurisdicci\u00f3n legal<\/h2>\n<p>Estos T\u00e9rminos de Usuario se rigen por la ley espa\u00f1ola, con exclusi\u00f3n de la Convenci\u00f3n de las Naciones Unidas sobre los Contratos de Compraventa Internacional de Mercader\u00edas (CISG) y cualquier aplicaci\u00f3n del conflicto de leyes (IPR). El foro legal para todas las disputas legales que surjan de o en relaci\u00f3n con este Acuerdo ser\u00e1 Madrid, Espa\u00f1a, salvo que tendremos el derecho de iniciar acciones legales contra usted en su lugar general de jurisdicci\u00f3n, a nuestra discreci\u00f3n.<\/p>","protected":false},"excerpt":{"rendered":"<p>User Terms of Service for the NextBrain.ai Platform (\u201cUser Terms\u201d) Effective date: October 1, 2023 These User Terms of Service (the \u201cUser Terms\u201d) describe your [&hellip;]<\/p>\n","protected":false},"author":1,"featured_media":0,"parent":0,"menu_order":0,"comment_status":"closed","ping_status":"closed","template":"","meta":{"footnotes":""},"class_list":["post-5983","page","type-page","status-publish","hentry"],"yoast_head":"<!-- This site is optimized with the Yoast SEO plugin v25.6 - https:\/\/yoast.com\/wordpress\/plugins\/seo\/ -->\n<title>User Terms - NextBrain AI | No-Code Machine Learning<\/title>\n<meta name=\"robots\" content=\"index, follow, max-snippet:-1, max-image-preview:large, max-video-preview:-1\" \/>\n<link rel=\"canonical\" href=\"https:\/\/nextbrain.ai\/es\/user-terms\" \/>\n<meta property=\"og:locale\" content=\"es_ES\" \/>\n<meta property=\"og:type\" content=\"article\" \/>\n<meta property=\"og:title\" content=\"User Terms - NextBrain AI | No-Code Machine Learning\" \/>\n<meta property=\"og:description\" content=\"User Terms of Service for the NextBrain.ai Platform (\u201cUser Terms\u201d) Effective date: October 1, 2023 These User Terms of Service (the \u201cUser Terms\u201d) describe your [&hellip;]\" \/>\n<meta property=\"og:url\" content=\"https:\/\/nextbrain.ai\/es\/user-terms\" \/>\n<meta property=\"og:site_name\" content=\"NextBrain AI | No-Code Machine Learning\" \/>\n<meta property=\"article:modified_time\" content=\"2023-11-14T08:21:31+00:00\" \/>\n<meta property=\"og:image\" content=\"https:\/\/nextbrain.ai\/wp-content\/uploads\/2022\/01\/logoNext.png\" \/>\n\t<meta property=\"og:image:width\" content=\"270\" \/>\n\t<meta property=\"og:image:height\" content=\"96\" \/>\n\t<meta property=\"og:image:type\" content=\"image\/png\" \/>\n<meta name=\"twitter:card\" content=\"summary_large_image\" \/>\n<meta name=\"twitter:site\" content=\"@nextbrain_ai\" \/>\n<meta name=\"twitter:label1\" content=\"Tiempo de lectura\" \/>\n\t<meta name=\"twitter:data1\" content=\"3 minutos\" \/>\n<!-- \/ Yoast SEO plugin. -->","yoast_head_json":{"title":"T\u00e9rminos del Usuario - NextBrain AI | Aprendizaje Autom\u00e1tico sin C\u00f3digo","robots":{"index":"index","follow":"follow","max-snippet":"max-snippet:-1","max-image-preview":"max-image-preview:large","max-video-preview":"max-video-preview:-1"},"canonical":"https:\/\/nextbrain.ai\/es\/user-terms","og_locale":"es_ES","og_type":"article","og_title":"User Terms - NextBrain AI | No-Code Machine Learning","og_description":"User Terms of Service for the NextBrain.ai Platform (\u201cUser Terms\u201d) Effective date: October 1, 2023 These User Terms of Service (the \u201cUser Terms\u201d) describe your [&hellip;]","og_url":"https:\/\/nextbrain.ai\/es\/user-terms","og_site_name":"NextBrain AI | No-Code Machine Learning","article_modified_time":"2023-11-14T08:21:31+00:00","og_image":[{"width":270,"height":96,"url":"https:\/\/nextbrain.ai\/wp-content\/uploads\/2022\/01\/logoNext.png","type":"image\/png"}],"twitter_card":"summary_large_image","twitter_site":"@nextbrain_ai","twitter_misc":{"Tiempo de lectura":"3 minutos"},"schema":{"@context":"https:\/\/schema.org","@graph":[{"@type":"WebPage","@id":"https:\/\/nextbrain.ai\/es\/user-terms","url":"https:\/\/nextbrain.ai\/es\/user-terms","name":"T\u00e9rminos del Usuario - NextBrain AI | Aprendizaje Autom\u00e1tico sin C\u00f3digo","isPartOf":{"@id":"https:\/\/nextbrain.ai\/#website"},"datePublished":"2023-11-14T08:17:42+00:00","dateModified":"2023-11-14T08:21:31+00:00","breadcrumb":{"@id":"https:\/\/nextbrain.ai\/es\/user-terms#breadcrumb"},"inLanguage":"es","potentialAction":[{"@type":"ReadAction","target":["https:\/\/nextbrain.ai\/es\/user-terms"]}]},{"@type":"BreadcrumbList","@id":"https:\/\/nextbrain.ai\/es\/user-terms#breadcrumb","itemListElement":[{"@type":"ListItem","position":1,"name":"Portada","item":"https:\/\/nextbrain.ai\/"},{"@type":"ListItem","position":2,"name":"User Terms"}]},{"@type":"WebSite","@id":"https:\/\/nextbrain.ai\/#website","url":"https:\/\/nextbrain.ai\/","name":"NextBrain AI | Aprendizaje Autom\u00e1tico Sin C\u00f3digo","description":"Mejora tu toma de decisiones","publisher":{"@id":"https:\/\/nextbrain.ai\/#organization"},"potentialAction":[{"@type":"SearchAction","target":{"@type":"EntryPoint","urlTemplate":"https:\/\/nextbrain.ai\/?s={search_term_string}"},"query-input":{"@type":"PropertyValueSpecification","valueRequired":true,"valueName":"search_term_string"}}],"inLanguage":"es"},{"@type":"Organization","@id":"https:\/\/nextbrain.ai\/#organization","name":"NextBrain.ai","url":"https:\/\/nextbrain.ai\/","logo":{"@type":"ImageObject","inLanguage":"es","@id":"https:\/\/nextbrain.ai\/#\/schema\/logo\/image\/","url":"http:\/\/nextbrain.ai\/wp-content\/uploads\/2022\/01\/logoNext.png","contentUrl":"http:\/\/nextbrain.ai\/wp-content\/uploads\/2022\/01\/logoNext.png","width":270,"height":96,"caption":"NextBrain.ai"},"image":{"@id":"https:\/\/nextbrain.ai\/#\/schema\/logo\/image\/"},"sameAs":["https:\/\/x.com\/nextbrain_ai","https:\/\/www.linkedin.com\/company\/nextbrain-ai\/","https:\/\/www.youtube.com\/channel\/UCpRhfXZE3YEdfgp2K0U9kxQ","https:\/\/github.com\/NextBrain-ai"]}]}},"_links":{"self":[{"href":"https:\/\/nextbrain.ai\/es\/wp-json\/wp\/v2\/pages\/5983"}],"collection":[{"href":"https:\/\/nextbrain.ai\/es\/wp-json\/wp\/v2\/pages"}],"about":[{"href":"https:\/\/nextbrain.ai\/es\/wp-json\/wp\/v2\/types\/page"}],"author":[{"embeddable":true,"href":"https:\/\/nextbrain.ai\/es\/wp-json\/wp\/v2\/users\/1"}],"replies":[{"embeddable":true,"href":"https:\/\/nextbrain.ai\/es\/wp-json\/wp\/v2\/comments?post=5983"}],"version-history":[{"count":2,"href":"https:\/\/nextbrain.ai\/es\/wp-json\/wp\/v2\/pages\/5983\/revisions"}],"predecessor-version":[{"id":5985,"href":"https:\/\/nextbrain.ai\/es\/wp-json\/wp\/v2\/pages\/5983\/revisions\/5985"}],"wp:attachment":[{"href":"https:\/\/nextbrain.ai\/es\/wp-json\/wp\/v2\/media?parent=5983"}],"curies":[{"name":"wp","href":"https:\/\/api.w.org\/{rel}","templated":true}]}}