{"id":4849,"date":"2023-05-31T09:48:34","date_gmt":"2023-05-31T07:48:34","guid":{"rendered":"http:\/\/nextbrain.ai\/?page_id=4849"},"modified":"2024-06-12T11:46:34","modified_gmt":"2024-06-12T09:46:34","slug":"marketing-mix-modeling","status":"publish","type":"page","link":"https:\/\/nextbrain.ai\/es\/marketing-mix-modeling","title":{"rendered":"Marketing Mix Modeling?"},"content":{"rendered":"<div class=\"container mt-4\">\n<div class=\"row\">\n<div class=\"col-md-4 text-center mb-4\">\n<img decoding=\"async\" id=\"questionimg\" data-src=\"\/wp-content\/uploads\/2024\/03\/dollar.png\" alt=\"pregunta\" src=\"data:image\/svg+xml;base64,PHN2ZyB3aWR0aD0iMSIgaGVpZ2h0PSIxIiB4bWxucz0iaHR0cDovL3d3dy53My5vcmcvMjAwMC9zdmciPjwvc3ZnPg==\" class=\"lazyload\" style=\"--smush-placeholder-width: 373px; --smush-placeholder-aspect-ratio: 373\/410;\"><\/div>\n<div class=\"col-md-8\">\n<strong>\u00bfD\u00f3nde invierto mi pr\u00f3ximo d\u00f3lar?<\/strong><br \/>\nLos profesionales del marketing no siempre est\u00e1n seguros de qu\u00e9 plataformas publicitarias funcionan y cu\u00e1les no...<\/p>\n<div class=\"row whywait\">\n<div class=\"col-md-8 text-left\">Estamos revolucionando el <strong>Marketing Mix Modeling?<\/strong> con AI. \u00bfEs nuevo o experto en MMM? Tenemos lo que necesita para triunfar.<\/div>\n<div class=\"col-md-4 text-center\"><img decoding=\"async\" class=\"imgmedium lazyload\" data-src=\"\/wp-content\/uploads\/2023\/05\/landing1.png\" src=\"data:image\/svg+xml;base64,PHN2ZyB3aWR0aD0iMSIgaGVpZ2h0PSIxIiB4bWxucz0iaHR0cDovL3d3dy53My5vcmcvMjAwMC9zdmciPjwvc3ZnPg==\" style=\"--smush-placeholder-width: 500px; --smush-placeholder-aspect-ratio: 500\/500;\"><\/div>\n<\/div>\n<\/div>\n<\/div>\n<\/div>\n<div class=\"container mt-5 p-5 mmmcontainer\">\n<div class=\"row\">\n<div class=\"col-md-8\">\n<div class=\"youtube-video-place embed-responsive embed-responsive-4by3\" data-yt-url=\"https:\/\/youtu.be\/1t1-SOpM8cc\"><iframe width=\"560\" height=\"315\" data-src=\"https:\/\/www.youtube.com\/embed\/1t1-SOpM8cc?si=1uvDaolnuvqXm8ON\" title=\"Reproductor de video de YouTube\" frameborder=\"0\" allow=\"accelerometer; autoplay; clipboard-write; encrypted-media; gyroscope; picture-in-picture; web-share\" allowfullscreen src=\"data:image\/svg+xml;base64,PHN2ZyB3aWR0aD0iMSIgaGVpZ2h0PSIxIiB4bWxucz0iaHR0cDovL3d3dy53My5vcmcvMjAwMC9zdmciPjwvc3ZnPg==\" class=\"lazyload\" data-load-mode=\"1\"><\/iframe><\/div>\n<\/div>\n<div class=\"col-md-4 text-left\">\n<strong>Ver una demostraci\u00f3n r\u00e1pida<\/strong><\/p>\n<p>NextBrain AI: Descubra el poder de NextBrain AI y aprenda a maximizar su Retorno de Inversi\u00f3n (ROI) a trav\u00e9s de un eficaz Modelado de Marketing Mix. En este v\u00eddeo, nos adentramos en el mundo de las estrategias de marketing basadas en datos y le mostramos c\u00f3mo la tecnolog\u00eda de vanguardia de NextBrain AI puede ayudarle a tomar decisiones informadas que impulsen un mayor ROI.<\/p>\n<\/div>\n<\/div>\n<\/div>\n<div class=\"container mmmcontent col-md-8 offset-md-2 mt-4\">\n<div class=\"row mt-2 mb-5\">\n<div class=\"col-md-6\">\n<div class=\"backgrey\">\n<div class=\"row\">\n<div class=\"col-md-4\">\n<a href=\"#new\"><img decoding=\"async\" class=\"mt-3 lazyload\" data-src=\"\/wp-content\/uploads\/2023\/08\/megaphone.png\" src=\"data:image\/svg+xml;base64,PHN2ZyB3aWR0aD0iMSIgaGVpZ2h0PSIxIiB4bWxucz0iaHR0cDovL3d3dy53My5vcmcvMjAwMC9zdmciPjwvc3ZnPg==\" style=\"--smush-placeholder-width: 48px; --smush-placeholder-aspect-ratio: 48\/48;\"><\/a><\/div>\n<div class=\"col-md-8 pt-4 text-left\">\n<a href=\"#new\"><span class=\"titlebackgrey\">\u00bfNUEVO en MMM?<\/span><br \/>\nAprenda y crezca con nosotros<br \/>\n<\/a><\/div>\n<\/div>\n<\/div>\n<\/div>\n<div class=\"col-md-6\">\n<div class=\"backgrey\">\n<div class=\"row\">\n<div class=\"col-md-4\">\n<a href=\"#expert\"><img decoding=\"async\" id=\"new\" class=\"mt-3 lazyload\" data-src=\"\/wp-content\/uploads\/2023\/08\/vectorimg.png\" src=\"data:image\/svg+xml;base64,PHN2ZyB3aWR0aD0iMSIgaGVpZ2h0PSIxIiB4bWxucz0iaHR0cDovL3d3dy53My5vcmcvMjAwMC9zdmciPjwvc3ZnPg==\" style=\"--smush-placeholder-width: 45px; --smush-placeholder-aspect-ratio: 45\/45;\"><\/a><\/div>\n<div class=\"col-md-8 pt-4 text-left\">\n<a href=\"#expert\"><span class=\"titlebackgrey\">\u00bfExperto en MMM?<\/span><br \/>\nImpulse su estrategia<br \/>\n<\/a><\/div>\n<\/div>\n<\/div>\n<\/div>\n<\/div>\n<\/div>\n<div class=\"container mmmcontent pt-5 mt-4\">\n<div class=\"row\">\n<div class=\"text-left\">\n<div class=\"minititle\"> <strong>Nuevo en MMM:<\/strong> Aprenda y crezca con nosotros<\/div>\n<div class=\"mmmcontainer mt-4 mb-5 text-left\">\n<div class=\"row p-5\">\n<div class=\"col-md-2 offset-md-1 text-center\"><img decoding=\"async\" class=\"imgmedium lazyload\" data-src=\"\/wp-content\/uploads\/2023\/08\/questionmmm.png\" src=\"data:image\/svg+xml;base64,PHN2ZyB3aWR0aD0iMSIgaGVpZ2h0PSIxIiB4bWxucz0iaHR0cDovL3d3dy53My5vcmcvMjAwMC9zdmciPjwvc3ZnPg==\" style=\"--smush-placeholder-width: 140px; --smush-placeholder-aspect-ratio: 140\/140;\"><\/div>\n<div class=\"col-md-8\"><strong>MMM aborda algunas cuestiones clave<\/strong>:<\/p>\n<ul>\n<li>\u00bfEstamos aprovechando al m\u00e1ximo nuestro presupuesto de marketing?<\/li>\n<li>\u00bfTienen nuestras diferentes inversiones en canales un efecto en la mejora de nuestro ROI?<\/li>\n<\/ul>\n<\/div>\n<\/div>\n<\/div>\n<p>Tanto si es usted propietario de una empresa y desea comprender sus esfuerzos de marketing como si es un reci\u00e9n llegado al campo del marketing, comprender el concepto de Modelo de Combinaci\u00f3n de Marketing le cambiar\u00e1 las reglas del juego.<br \/>\n<strong>MMM permite a los profesionales del marketing optimizar su presupuesto de marketing identificando los canales que generan el mayor retorno de la inversi\u00f3n (ROI).<\/strong><\/p>\n<\/div>\n<\/div>\n<\/div>\n<div class=\"backgroundgrey mt-5 mb-5\">\n<div class=\"container\">\n<div class=\"row pr-5 pl-5\">\n<div class=\"col-md-3\">\n<img decoding=\"async\" class=\"mt-3 imgmedium lazyload\" data-src=\"\/wp-content\/uploads\/2023\/06\/nb66.png\" src=\"data:image\/svg+xml;base64,PHN2ZyB3aWR0aD0iMSIgaGVpZ2h0PSIxIiB4bWxucz0iaHR0cDovL3d3dy53My5vcmcvMjAwMC9zdmciPjwvc3ZnPg==\" style=\"--smush-placeholder-width: 120px; --smush-placeholder-aspect-ratio: 120\/120;\"><\/p>\n<p>Medir la influencia de cada canal<\/p>\n<\/div>\n<div class=\"col-md-3\">\n<img decoding=\"async\" class=\"mt-3 imgmedium lazyload\" data-src=\"\/wp-content\/uploads\/2023\/06\/nb77.png\" src=\"data:image\/svg+xml;base64,PHN2ZyB3aWR0aD0iMSIgaGVpZ2h0PSIxIiB4bWxucz0iaHR0cDovL3d3dy53My5vcmcvMjAwMC9zdmciPjwvc3ZnPg==\" style=\"--smush-placeholder-width: 120px; --smush-placeholder-aspect-ratio: 120\/120;\"><\/p>\n<p>Asignaci\u00f3n presupuestaria<\/p>\n<\/div>\n<div class=\"col-md-3\">\n<img decoding=\"async\" class=\"mt-3 imgmedium lazyload\" data-src=\"\/wp-content\/uploads\/2023\/06\/nb4.png\" src=\"data:image\/svg+xml;base64,PHN2ZyB3aWR0aD0iMSIgaGVpZ2h0PSIxIiB4bWxucz0iaHR0cDovL3d3dy53My5vcmcvMjAwMC9zdmciPjwvc3ZnPg==\" style=\"--smush-placeholder-width: 95px; --smush-placeholder-aspect-ratio: 95\/95;\"><\/p>\n<p>Aumente su ROAS<\/p>\n<\/div>\n<div class=\"col-md-3\">\n<img decoding=\"async\" class=\"mt-3 imgmedium lazyload\" data-src=\"\/wp-content\/uploads\/2023\/06\/nb5.png\" src=\"data:image\/svg+xml;base64,PHN2ZyB3aWR0aD0iMSIgaGVpZ2h0PSIxIiB4bWxucz0iaHR0cDovL3d3dy53My5vcmcvMjAwMC9zdmciPjwvc3ZnPg==\" style=\"--smush-placeholder-width: 95px; --smush-placeholder-aspect-ratio: 95\/95;\"><\/p>\n<p>Aumente la eficacia de su inversi\u00f3n en medios para impulsar las ventas<\/p>\n<\/div>\n<\/div>\n<\/div>\n<\/div>\n<div class=\"container mmmcontent mt-4\">\n<div class=\"row\">\n<div class=\"col-md-12 text-left\">\n<p>En el complejo panorama actual del marketing, con diversos canales que van desde las redes sociales hasta el marketing por correo electr\u00f3nico, pasando por los anuncios de televisi\u00f3n, los anuncios de radio, las campa\u00f1as de boletines informativos o la optimizaci\u00f3n de motores de b\u00fasqueda, el poder de MMM reside en su capacidad para cribar estos diversos factores y determinar su impacto relativo. De este modo, ayuda a optimizar el presupuesto de marketing identificando los canales que generan m\u00e1s beneficios.<br \/>\nEn NextBrain, estamos simplificando el MMM. Gracias a algoritmos avanzados de IA, nuestra aplicaci\u00f3n web ofrece una forma r\u00e1pida y eficaz de analizar el marketing mix y proporciona informaci\u00f3n que puede hacer que su estrategia sea m\u00e1s efectiva.<\/p>\n<\/div>\n<\/div>\n<\/div>\n<div class=\"pt-5\">\n<div class=\"container text-center\">\n<div class=\"row\">\n<div class=\"col-md-12 mb-4\">\n<h2 class=\"text-center pb-3\">PRINCIPALES VENTAJAS<\/h2>\n<\/div>\n<div class=\"col-md-4\">\n<img decoding=\"async\" class=\"mt-3 mb-4 imgmedium lazyload\" data-src=\"\/wp-content\/uploads\/2023\/06\/nb10.png\" src=\"data:image\/svg+xml;base64,PHN2ZyB3aWR0aD0iMSIgaGVpZ2h0PSIxIiB4bWxucz0iaHR0cDovL3d3dy53My5vcmcvMjAwMC9zdmciPjwvc3ZnPg==\" style=\"--smush-placeholder-width: 95px; --smush-placeholder-aspect-ratio: 95\/95;\"><\/p>\n<p>Evaluar con precisi\u00f3n el rendimiento de diferentes escenarios<\/p>\n<\/div>\n<div class=\"col-md-4\">\n<img decoding=\"async\" class=\"mt-3 mb-4 imgmedium lazyload\" data-src=\"\/wp-content\/uploads\/2023\/06\/nb11.png\" src=\"data:image\/svg+xml;base64,PHN2ZyB3aWR0aD0iMSIgaGVpZ2h0PSIxIiB4bWxucz0iaHR0cDovL3d3dy53My5vcmcvMjAwMC9zdmciPjwvc3ZnPg==\" style=\"--smush-placeholder-width: 95px; --smush-placeholder-aspect-ratio: 95\/95;\"><\/p>\n<p>Preprocesamiento avanzado de datos con t\u00e9cnicas de IA generativa de vanguardia<\/p>\n<\/div>\n<div class=\"col-md-4\">\n<img decoding=\"async\" class=\"mt-3 mb-4 imgmedium lazyload\" data-src=\"\/wp-content\/uploads\/2023\/06\/nb12.png\" src=\"data:image\/svg+xml;base64,PHN2ZyB3aWR0aD0iMSIgaGVpZ2h0PSIxIiB4bWxucz0iaHR0cDovL3d3dy53My5vcmcvMjAwMC9zdmciPjwvc3ZnPg==\" style=\"--smush-placeholder-width: 95px; --smush-placeholder-aspect-ratio: 95\/95;\"><\/p>\n<p>Una interfaz f\u00e1cil de usar y personalizable<\/p>\n<\/div>\n<\/div>\n<\/div>\n<\/div>\n<div class=\"container mt-5 mb-5\">\n<div class=\"row\">\n<div class=\"col-md-12\">\n<div id=\"expert\" class=\"mmmcontainer p-5 text-center\">\n<div class=\"col-md-8 offset-md-2\"><a href=\"#schedule\" class=\"white\">\u00bfEst\u00e1 preparado para tomar las riendas del futuro de su empresa con la caracter\u00edstica de NextBrain <strong>Marketing Mix Modeling?<\/strong> \u00a1Sube a bordo y que empiece la magia!<br \/>\n<\/a><\/div>\n<\/div>\n<\/div>\n<\/div>\n<\/div>\n<div class=\"container mmmcontent mt-5\">\n<div class=\"row\">\n<div class=\"col-md-12\">\n<div class=\"minititle\"><strong>Experto en MMM:<\/strong> Impulse su estrategia<\/div>\n<\/div>\n<\/div>\n<div class=\"row pt-5\">\n<div class=\"col-md-2 text-center\"><img decoding=\"async\" class=\"imgmedium lazyload\" data-src=\"\/wp-content\/uploads\/2023\/06\/logoblue.png\" src=\"data:image\/svg+xml;base64,PHN2ZyB3aWR0aD0iMSIgaGVpZ2h0PSIxIiB4bWxucz0iaHR0cDovL3d3dy53My5vcmcvMjAwMC9zdmciPjwvc3ZnPg==\" style=\"--smush-placeholder-width: 150px; --smush-placeholder-aspect-ratio: 150\/150;\"><\/div>\n<div class=\"col-md-10\">\n<p>\u00bfListo para explorar c\u00f3mo <strong>NextBrain<\/strong>, nuestra avanzada <strong>herramienta AutoML<\/strong>, puede ayudarte <strong>a optimizar sus inversiones en marketing mediante la toma de decisiones basada en datos<\/strong> en Marketing Mix Modeling (MMM)?<\/p>\n<\/div>\n<\/div>\n<div class=\"row\">\n<div class=\"col-md-12\">\n<div class=\"mmmcontainer mt-5 p-5 text-center\">\n<div class=\"row\">\n<div class=\"col-md-4\">\n<img decoding=\"async\" class=\"mb-4 imgmedium lazyload\" data-src=\"\/wp-content\/uploads\/2023\/06\/nb15.png\" src=\"data:image\/svg+xml;base64,PHN2ZyB3aWR0aD0iMSIgaGVpZ2h0PSIxIiB4bWxucz0iaHR0cDovL3d3dy53My5vcmcvMjAwMC9zdmciPjwvc3ZnPg==\" style=\"--smush-placeholder-width: 114px; --smush-placeholder-aspect-ratio: 114\/114;\"><br \/>\nFunciones matem\u00e1ticas avanzadas<\/div>\n<div class=\"col-md-4\">\n<img decoding=\"async\" class=\"mb-4 imgmedium lazyload\" data-src=\"\/wp-content\/uploads\/2023\/06\/nb13.png\" src=\"data:image\/svg+xml;base64,PHN2ZyB3aWR0aD0iMSIgaGVpZ2h0PSIxIiB4bWxucz0iaHR0cDovL3d3dy53My5vcmcvMjAwMC9zdmciPjwvc3ZnPg==\" style=\"--smush-placeholder-width: 110px; --smush-placeholder-aspect-ratio: 110\/110;\"><br \/>\nAlgoritmos avanzados<\/div>\n<div class=\"col-md-4\">\n<img decoding=\"async\" class=\"mb-4 imgmedium lazyload\" data-src=\"\/wp-content\/uploads\/2023\/06\/nb14.png\" src=\"data:image\/svg+xml;base64,PHN2ZyB3aWR0aD0iMSIgaGVpZ2h0PSIxIiB4bWxucz0iaHR0cDovL3d3dy53My5vcmcvMjAwMC9zdmciPjwvc3ZnPg==\" style=\"--smush-placeholder-width: 110px; --smush-placeholder-aspect-ratio: 110\/110;\"><br \/>\nDatos sint\u00e9ticos<\/div>\n<\/div>\n<\/div>\n<\/div>\n<\/div>\n<div class=\"row mt-5\">\n<div class=\"col-md-10\">\n<p>NextBrain ofrece un conjunto completo de <strong>funciones matem\u00e1ticas adaptadas para MMM<\/strong>Nuestra plataforma permite a los expertos aplicar <strong>an\u00e1lisis de regresi\u00f3n, modelado de series temporales, algoritmos de optimizaci\u00f3n<\/strong>y otras funciones matem\u00e1ticas para desglosar las complejidades de MMM y obtener informaci\u00f3n procesable.<\/p>\n<\/div>\n<div class=\"col-md-2 text-center\"><img decoding=\"async\" class=\"imgmedium lazyload\" data-src=\"\/wp-content\/uploads\/2023\/06\/nb15_2.png\" src=\"data:image\/svg+xml;base64,PHN2ZyB3aWR0aD0iMSIgaGVpZ2h0PSIxIiB4bWxucz0iaHR0cDovL3d3dy53My5vcmcvMjAwMC9zdmciPjwvc3ZnPg==\" style=\"--smush-placeholder-width: 150px; --smush-placeholder-aspect-ratio: 150\/150;\"><\/div>\n<\/div>\n<div class=\"row mt-5\">\n<div class=\"col-md-2 text-center\"><img decoding=\"async\" class=\"imgmedium lazyload\" data-src=\"\/wp-content\/uploads\/2023\/06\/nb13_2.png\" src=\"data:image\/svg+xml;base64,PHN2ZyB3aWR0aD0iMSIgaGVpZ2h0PSIxIiB4bWxucz0iaHR0cDovL3d3dy53My5vcmcvMjAwMC9zdmciPjwvc3ZnPg==\" style=\"--smush-placeholder-width: 150px; --smush-placeholder-aspect-ratio: 150\/150;\"><\/div>\n<div class=\"col-md-10\">\n<p>NextBrain aprovecha <strong>algoritmos avanzados<\/strong> para extraer informaci\u00f3n valiosa de conjuntos de datos MMM complejos. Nuestra plataforma emplea sofisticados algoritmos de aprendizaje autom\u00e1tico, como <strong>deep learning, m\u00e9todos de ensemble y t\u00e9cnicas de modelizaci\u00f3n predictiva<\/strong>que permiten identificar patrones ocultos, relaciones no lineales e interacciones entre m\u00faltiples variables de marketing.<\/p>\n<\/div>\n<\/div>\n<div class=\"row mt-5\">\n<div class=\"col-md-10\">\n<p>\u00bfNo tienes suficientes datos para entrenar y predecir? No se preocupe, gracias a <strong>datos sint\u00e9ticos<\/strong>, que son datos generados artificialmente que imitan las caracter\u00edsticas de los datos reales, podemos ampliar el alcance del an\u00e1lisis m\u00e1s all\u00e1 de las limitaciones de los conjuntos de datos existentes.<\/p>\n<\/div>\n<div class=\"col-md-2 text-center\"><img decoding=\"async\" class=\"imgmedium lazyload\" data-src=\"\/wp-content\/uploads\/2023\/06\/nb14_2.png\" src=\"data:image\/svg+xml;base64,PHN2ZyB3aWR0aD0iMSIgaGVpZ2h0PSIxIiB4bWxucz0iaHR0cDovL3d3dy53My5vcmcvMjAwMC9zdmciPjwvc3ZnPg==\" style=\"--smush-placeholder-width: 150px; --smush-placeholder-aspect-ratio: 150\/150;\"><\/div>\n<\/div>\n<\/div>\n<div class=\"row\">\n<div class=\"col-md-12\">\n<p>Aprende m\u00e1s sobre nuestra metodolog\u00eda en este documento. <a href=\"https:\/\/arxiv.org\/abs\/2311.05587\" target=\"_blank\" rel=\"noopener\">M\u00e9todos bayesianos para la modelizaci\u00f3n de mezcla de medios con efectos de forma y embudo<\/a><\/p>\n<\/div>\n<\/div>\n<div class=\"row whywait mt-5 mb-5\">\n<div class=\"col-md-8 text-left\">\u00bfListo para dar el primer paso hacia mejores decisiones de marketing?<br \/>\nComience hoy mismo su viaje con NextBrain<\/div>\n<div class=\"col-md-4 text-center mt-4\"><a href=\"\/es\/contact-us\/\" target=\"_blank\" class=\"btndark btndarkhome btnsignup\" rel=\"noopener\">Cont\u00e1ctanos <i class=\"bi bi-chevron-double-right\"><\/i><\/a><\/div>\n<\/div>\n<h2 class=\"mt-5 mb-0\" id=\"schedule\">Programe una demostraci\u00f3n con sus propios datos<\/h2>\n<div class=\"container mt-5 back-transp pl-5 pr-5\">\n<div class=\"row mt-5\" id=\"calendy-demo\">\n<div class=\"col-md-6\">\n<h2>Zona horaria EUROPA <img decoding=\"async\" width=\"23\" data-src=\"\/wp-content\/uploads\/2023\/06\/ukflag.png\" class=\"mr-2 lazyload\" src=\"data:image\/svg+xml;base64,PHN2ZyB3aWR0aD0iMSIgaGVpZ2h0PSIxIiB4bWxucz0iaHR0cDovL3d3dy53My5vcmcvMjAwMC9zdmciPjwvc3ZnPg==\" style=\"--smush-placeholder-width: 800px; --smush-placeholder-aspect-ratio: 800\/800;\"><img decoding=\"async\" width=\"23\" data-src=\"\/wp-content\/uploads\/2023\/06\/esflag.png\" src=\"data:image\/svg+xml;base64,PHN2ZyB3aWR0aD0iMSIgaGVpZ2h0PSIxIiB4bWxucz0iaHR0cDovL3d3dy53My5vcmcvMjAwMC9zdmciPjwvc3ZnPg==\" class=\"lazyload\" style=\"--smush-placeholder-width: 500px; --smush-placeholder-aspect-ratio: 500\/500;\"><\/h2>\n<p><!-- Calendly inline widget begin --><\/p>\n<div class=\"calendly-inline-widget\" data-url=\"https:\/\/calendly.com\/julia-nextbrain\/30min?hide_gdpr_banner=1&#038;background_color=000000&#038;text_color=ffffff&#038;primary_color=ffa85a\"><\/div>\n<p><script type=\"text\/javascript\" src=\"https:\/\/assets.calendly.com\/assets\/external\/widget.js\" async><\/script><br \/>\n<!-- Calendly inline widget end --><\/p>\n<\/div>\n<div class=\"col-md-6\">\n<h2>Zona horaria EUROPA <img decoding=\"async\" width=\"23\" data-src=\"\/wp-content\/uploads\/2023\/06\/ukflag.png\" class=\"mr-2 lazyload\" src=\"data:image\/svg+xml;base64,PHN2ZyB3aWR0aD0iMSIgaGVpZ2h0PSIxIiB4bWxucz0iaHR0cDovL3d3dy53My5vcmcvMjAwMC9zdmciPjwvc3ZnPg==\" style=\"--smush-placeholder-width: 800px; --smush-placeholder-aspect-ratio: 800\/800;\"><img decoding=\"async\" width=\"23\" data-src=\"\/wp-content\/uploads\/2023\/06\/esflag.png\" src=\"data:image\/svg+xml;base64,PHN2ZyB3aWR0aD0iMSIgaGVpZ2h0PSIxIiB4bWxucz0iaHR0cDovL3d3dy53My5vcmcvMjAwMC9zdmciPjwvc3ZnPg==\" class=\"lazyload\" style=\"--smush-placeholder-width: 500px; --smush-placeholder-aspect-ratio: 500\/500;\"><\/h2>\n<div class=\"calendly-inline-widget\" data-url=\"https:\/\/calendly.com\/nextbrain\/30min?hide_gdpr_banner=1&amp;background_color=000000&amp;text_color=ffffff&amp;primary_color=ffa85a\" style=\"min-width:320px;height:800px;\"><\/div>\n<p><script type=\"text\/javascript\" src=\"https:\/\/assets.calendly.com\/assets\/external\/widget.js\" async=\"\"><\/script><\/p>\n<\/div>\n<\/div>\n<\/div>\n<div class=\"row whywait mt-5 mb-5\">\n<div class=\"col-md-8 text-left\">Act\u00edvelo en el <strong>MERCADO<\/strong> de nuestra aplicaci\u00f3n.<br \/>\nP\u00f3ngase en contacto con nosotros para m\u00e1s informaci\u00f3n y precios<\/div>\n<div class=\"col-md-4 text-center mt-4\"><a href=\"\/es\/schedule-your-free-demo\/\" target=\"_blank\" class=\"btndark btndarkhome btnsignup\" rel=\"noopener\">Programe una demostraci\u00f3n <i class=\"bi bi-chevron-double-right\"><\/i><\/a><\/div>\n<\/div>\n<div class=\"container\">\n<div class=\"row mt-5 mb-5\">\n<div class=\"col-md-4 offset-md-4 p-0\"><a class=\"backgreybutton mb-5 mt-5\" href=\"\/es\/how-to-implement-mmm\/\">Vea c\u00f3mo aplicar MMM<br \/>\n<\/a><\/div>\n<\/div>\n<\/div>","protected":false},"excerpt":{"rendered":"<p>Where do I invest my next dollar? Marketers are not always sure which advertising platforms are working and which ones are not&#8230; We are revolutionizing [&hellip;]<\/p>\n","protected":false},"author":1,"featured_media":0,"parent":0,"menu_order":0,"comment_status":"closed","ping_status":"closed","template":"","meta":{"footnotes":""},"class_list":["post-4849","page","type-page","status-publish","hentry"],"yoast_head":"<!-- This site is optimized with the Yoast SEO plugin v25.6 - https:\/\/yoast.com\/wordpress\/plugins\/seo\/ -->\n<title>Marketing Mix Modeling - NextBrain AI | No-Code Machine Learning<\/title>\n<meta name=\"description\" content=\"Discover the power of Marketing Mix Modeling (MMM) with NextBrain AI. Our no-code ml platform simplifies the process to optimize your marketing strategies.\" \/>\n<meta name=\"robots\" content=\"index, follow, max-snippet:-1, max-image-preview:large, max-video-preview:-1\" \/>\n<link rel=\"canonical\" href=\"https:\/\/nextbrain.ai\/es\/marketing-mix-modeling\" \/>\n<meta property=\"og:locale\" content=\"es_ES\" \/>\n<meta property=\"og:type\" content=\"article\" \/>\n<meta property=\"og:title\" content=\"Marketing Mix Modeling - NextBrain AI | No-Code Machine Learning\" \/>\n<meta property=\"og:description\" content=\"Discover the power of Marketing Mix Modeling (MMM) with NextBrain AI. Our no-code ml platform simplifies the process to optimize your marketing strategies.\" \/>\n<meta property=\"og:url\" content=\"https:\/\/nextbrain.ai\/es\/marketing-mix-modeling\" \/>\n<meta property=\"og:site_name\" content=\"NextBrain AI | No-Code Machine Learning\" \/>\n<meta property=\"article:modified_time\" content=\"2024-06-12T09:46:34+00:00\" \/>\n<meta property=\"og:image\" content=\"https:\/\/nextbrain.ai\/wp-content\/uploads\/2022\/01\/logoNext.png\" \/>\n\t<meta property=\"og:image:width\" content=\"270\" \/>\n\t<meta property=\"og:image:height\" content=\"96\" \/>\n\t<meta property=\"og:image:type\" content=\"image\/png\" \/>\n<meta name=\"twitter:card\" content=\"summary_large_image\" \/>\n<meta name=\"twitter:site\" content=\"@nextbrain_ai\" \/>\n<meta name=\"twitter:label1\" content=\"Tiempo de lectura\" \/>\n\t<meta name=\"twitter:data1\" content=\"7 minutos\" \/>\n<!-- \/ Yoast SEO plugin. -->","yoast_head_json":{"title":"Informacion Marketing Mix Modeling - NextBrain AI | No-Code Machine Learning","description":"Descubre el poder del Modelado de Mezcla de Marketing (MMM) con NextBrain AI. Nuestra plataforma de aprendizaje autom\u00e1tico sin c\u00f3digo simplifica el proceso para optimizar tus estrategias de marketing.","robots":{"index":"index","follow":"follow","max-snippet":"max-snippet:-1","max-image-preview":"max-image-preview:large","max-video-preview":"max-video-preview:-1"},"canonical":"https:\/\/nextbrain.ai\/es\/marketing-mix-modeling","og_locale":"es_ES","og_type":"article","og_title":"Marketing Mix Modeling - NextBrain AI | No-Code Machine Learning","og_description":"Discover the power of Marketing Mix Modeling (MMM) with NextBrain AI. Our no-code ml platform simplifies the process to optimize your marketing strategies.","og_url":"https:\/\/nextbrain.ai\/es\/marketing-mix-modeling","og_site_name":"NextBrain AI | No-Code Machine Learning","article_modified_time":"2024-06-12T09:46:34+00:00","og_image":[{"width":270,"height":96,"url":"https:\/\/nextbrain.ai\/wp-content\/uploads\/2022\/01\/logoNext.png","type":"image\/png"}],"twitter_card":"summary_large_image","twitter_site":"@nextbrain_ai","twitter_misc":{"Tiempo de lectura":"7 minutos"},"schema":{"@context":"https:\/\/schema.org","@graph":[{"@type":"WebPage","@id":"https:\/\/nextbrain.ai\/marketing-mix-modeling","url":"https:\/\/nextbrain.ai\/marketing-mix-modeling","name":"Informacion Marketing Mix Modeling - NextBrain AI | No-Code Machine Learning","isPartOf":{"@id":"https:\/\/nextbrain.ai\/#website"},"datePublished":"2023-05-31T07:48:34+00:00","dateModified":"2024-06-12T09:46:34+00:00","description":"Descubre el poder del Modelado de Mezcla de Marketing (MMM) con NextBrain AI. Nuestra plataforma de aprendizaje autom\u00e1tico sin c\u00f3digo simplifica el proceso para optimizar tus estrategias de marketing.","breadcrumb":{"@id":"https:\/\/nextbrain.ai\/marketing-mix-modeling#breadcrumb"},"inLanguage":"es","potentialAction":[{"@type":"ReadAction","target":["https:\/\/nextbrain.ai\/marketing-mix-modeling"]}]},{"@type":"BreadcrumbList","@id":"https:\/\/nextbrain.ai\/marketing-mix-modeling#breadcrumb","itemListElement":[{"@type":"ListItem","position":1,"name":"Portada","item":"https:\/\/nextbrain.ai\/"},{"@type":"ListItem","position":2,"name":"Marketing Mix Modeling"}]},{"@type":"WebSite","@id":"https:\/\/nextbrain.ai\/#website","url":"https:\/\/nextbrain.ai\/","name":"NextBrain AI | Aprendizaje Autom\u00e1tico Sin C\u00f3digo","description":"Mejora tu toma de decisiones","publisher":{"@id":"https:\/\/nextbrain.ai\/#organization"},"potentialAction":[{"@type":"SearchAction","target":{"@type":"EntryPoint","urlTemplate":"https:\/\/nextbrain.ai\/?s={search_term_string}"},"query-input":{"@type":"PropertyValueSpecification","valueRequired":true,"valueName":"search_term_string"}}],"inLanguage":"es"},{"@type":"Organization","@id":"https:\/\/nextbrain.ai\/#organization","name":"NextBrain.ai","url":"https:\/\/nextbrain.ai\/","logo":{"@type":"ImageObject","inLanguage":"es","@id":"https:\/\/nextbrain.ai\/#\/schema\/logo\/image\/","url":"http:\/\/nextbrain.ai\/wp-content\/uploads\/2022\/01\/logoNext.png","contentUrl":"http:\/\/nextbrain.ai\/wp-content\/uploads\/2022\/01\/logoNext.png","width":270,"height":96,"caption":"NextBrain.ai"},"image":{"@id":"https:\/\/nextbrain.ai\/#\/schema\/logo\/image\/"},"sameAs":["https:\/\/x.com\/nextbrain_ai","https:\/\/www.linkedin.com\/company\/nextbrain-ai\/","https:\/\/www.youtube.com\/channel\/UCpRhfXZE3YEdfgp2K0U9kxQ","https:\/\/github.com\/NextBrain-ai"]}]}},"_links":{"self":[{"href":"https:\/\/nextbrain.ai\/es\/wp-json\/wp\/v2\/pages\/4849"}],"collection":[{"href":"https:\/\/nextbrain.ai\/es\/wp-json\/wp\/v2\/pages"}],"about":[{"href":"https:\/\/nextbrain.ai\/es\/wp-json\/wp\/v2\/types\/page"}],"author":[{"embeddable":true,"href":"https:\/\/nextbrain.ai\/es\/wp-json\/wp\/v2\/users\/1"}],"replies":[{"embeddable":true,"href":"https:\/\/nextbrain.ai\/es\/wp-json\/wp\/v2\/comments?post=4849"}],"version-history":[{"count":6,"href":"https:\/\/nextbrain.ai\/es\/wp-json\/wp\/v2\/pages\/4849\/revisions"}],"predecessor-version":[{"id":8497,"href":"https:\/\/nextbrain.ai\/es\/wp-json\/wp\/v2\/pages\/4849\/revisions\/8497"}],"wp:attachment":[{"href":"https:\/\/nextbrain.ai\/es\/wp-json\/wp\/v2\/media?parent=4849"}],"curies":[{"name":"wp","href":"https:\/\/api.w.org\/{rel}","templated":true}]}}