{"id":1226,"date":"2021-08-26T11:51:54","date_gmt":"2021-08-26T11:51:54","guid":{"rendered":"http:\/\/wp1.efforttech.com\/newwp\/reeko\/?page_id=1226"},"modified":"2024-02-28T07:44:49","modified_gmt":"2024-02-28T06:44:49","slug":"privacy-policy","status":"publish","type":"page","link":"https:\/\/nextbrain.ai\/es\/privacy-policy","title":{"rendered":"Privacidad y Pol\u00edtica"},"content":{"rendered":"<div data-elementor-type=\"wp-page\" data-elementor-id=\"1226\" class=\"elementor elementor-1226\">\n\t\t\t\t\t\t<section class=\"elementor-section elementor-top-section elementor-element elementor-element-cd6e18a elementor-section-full_width elementor-section-height-default elementor-section-height-default\" data-id=\"cd6e18a\" data-element_type=\"section\" data-e-type=\"section\">\n\t\t\t\t\t\t<div class=\"elementor-container elementor-column-gap-default\">\n\t\t\t\t\t<div class=\"elementor-column elementor-col-100 elementor-top-column elementor-element elementor-element-e30991c\" data-id=\"e30991c\" data-element_type=\"column\" data-e-type=\"column\">\n\t\t\t<div class=\"elementor-widget-wrap elementor-element-populated\">\n\t\t\t\t\t\t<div class=\"elementor-element elementor-element-b70883f elementor-widget elementor-widget-text-editor\" data-id=\"b70883f\" data-element_type=\"widget\" data-e-type=\"widget\" data-widget_type=\"text-editor.default\">\n\t\t\t\t<div class=\"elementor-widget-container\">\n\t\t\t\t\t\t\t\t\t<div>\n<h5>LEGAL<strong> ADVERTENCIA:<\/strong><\/h5>\n<p>De acuerdo con el art\u00edculo 10 de la Ley 34\/2002, de 11 de julio, de Servicios de la Sociedad de la Informaci\u00f3n y del Comercio Electr\u00f3nico (LSSICE), a continuaci\u00f3n se detallan los datos de identificaci\u00f3n de la entidad:<\/p>\n<p><strong>Nombre de la empresa<\/strong>NEXTBRAIN S.L.<br><strong>Direcci\u00f3n<\/strong>Paseo de la Castellana, n.\u00ba 210 planta 5, puerta 8, 28046<br><strong>Tel\u00e9fono<\/strong>: 91 991 95 65<br><strong>Correo electr\u00f3nico<\/strong>info@nextbrain.ai<\/p>\n<p><strong>PROP\u00d3SITO DEL SITIO WEB<\/strong>Este sitio web ha sido dise\u00f1ado para proporcionar informaci\u00f3n sobre los productos o servicios que ofrecemos a aquellos que puedan estar interesados en contactarnos para este prop\u00f3sito. Este aviso legal (en adelante, el \"Aviso Legal\") regula el uso del sitio web: http:\/\/cke.577.myftpupload.com<\/p>\n<p><strong>LEGISLACI\u00d3N.<\/strong>&nbsp;En general, las relaciones entre&nbsp;<span style=\"letter-spacing: -0.27px;\">NEXTBRAIN S.L.<\/span>&nbsp;y los Usuarios de sus servicios telem\u00e1ticos, presentes en este sitio web, est\u00e1n sujetos a la legislaci\u00f3n y jurisdicci\u00f3n espa\u00f1olas.<\/p>\n<p><strong>USO Y ACCESO DE LOS USUARIOS.<\/strong>&nbsp;El Usuario es informado y acepta que el acceso a este sitio web no implica, de ninguna manera, el inicio de una relaci\u00f3n comercial con&nbsp;<span style=\"letter-spacing: -0.27px;\">NEXTBRAIN S.L.<\/span>&nbsp;o cualquiera de sus delegaciones.<\/p>\n<p><strong>PROPIEDAD INTELECTUAL E INDUSTRIAL.<\/strong>&nbsp;Los derechos de propiedad intelectual del contenido de las p\u00e1ginas web, su dise\u00f1o gr\u00e1fico y c\u00f3digos son propiedad de&nbsp;<span style=\"letter-spacing: -0.27px;\">NEXTBRAIN S.L.<\/span> y, por lo tanto, est\u00e1 prohibido reproducir, distribuir, comunicar p\u00fablicamente, transformar o realizar cualquier otra actividad que se pueda hacer con los contenidos de sus p\u00e1ginas web, incluso citando las fuentes, a menos que se cuente con el consentimiento por escrito de NEXTBRAIN S.L.<\/p>\n<p><strong>CONTENIDO WEB Y ENLACES<\/strong><strong>(LINKS)<\/strong>.&nbsp;<span style=\"letter-spacing: -0.27px;\">NEXTBRAIN S.L.<\/span>&nbsp;se reserva el derecho de actualizar, modificar o eliminar la informaci\u00f3n contenida en sus p\u00e1ginas web y puede incluso limitar o denegar el acceso a dicha informaci\u00f3n a ciertos usuarios.<\/p>\n<p>NEXTBRAIN S.L. no asume ninguna responsabilidad por la informaci\u00f3n contenida en p\u00e1ginas web de terceros a las que se puede acceder a trav\u00e9s de enlaces desde cualquier p\u00e1gina web propiedad de NEXTBRAIN S.L. La presencia de enlaces en las p\u00e1ginas web de NEXTBRAIN S.L. es meramente informativa y en ning\u00fan caso implica sugerencia, invitaci\u00f3n o recomendaci\u00f3n sobre las mismas.<\/p>\n<p><strong>POL\u00cdTICA DE COOKIES.<\/strong><\/p>\n<p>NEXTBRAIN S.L., a trav\u00e9s de este documento, recopila su Pol\u00edtica de recogida y tratamiento de cookies, en cumplimiento del art\u00edculo 22.2 de la Ley 34\/2002, de 11 de julio, de Servicios de la Sociedad de la Informaci\u00f3n y del Comercio Electr\u00f3nico (LSSICE).<\/p>\n<p>Las cookies se almacenan en el equipo terminal del usuario (ordenador o dispositivo m\u00f3vil) y recopilan informaci\u00f3n al visitar el sitio web NEXTBRAIN.AI, con el objetivo de mejorar su usabilidad, conocer los h\u00e1bitos o necesidades de navegaci\u00f3n de los usuarios para adaptarse a ellos, as\u00ed como obtener informaci\u00f3n con fines estad\u00edsticos. En el caso de aquellos usuarios que ya son clientes de la entidad, la informaci\u00f3n recopilada con las cookies tambi\u00e9n servir\u00e1 para identificarlos al acceder a las diversas herramientas que la entidad pone a disposici\u00f3n para la gesti\u00f3n de servicios.<\/p>\n<p>La presente Pol\u00edtica de Cookies ser\u00e1 aplicable a aquellos usuarios que visiten voluntariamente las p\u00e1ginas web de la entidad, completen formularios de recogida de datos, accedan a las herramientas que la entidad pone a disposici\u00f3n de sus clientes para gestionar sus servicios, o utilicen cualquier otro servicio presente en el sitio web que implique la comunicaci\u00f3n de datos a la entidad, o el acceso a datos por parte de la entidad, para la prestaci\u00f3n de sus servicios.<\/p>\n<p>NEXTBRAIN S.L. utiliza los siguientes tipos de cookies:<\/p>\n<p>Clasificados por su propiedad: * Cookies propias: enviadas y gestionadas directamente por la entidad. * Cookies de terceros: enviadas y gestionadas por un tercero ajeno a la entidad, de forma an\u00f3nima, con el objetivo de llevar a cabo estudios estad\u00edsticos sobre la navegaci\u00f3n de las p\u00e1ginas web de la entidad.<\/p>\n<p>Clasificados por su finalidad: * Cookies t\u00e9cnicas y\/o de personalizaci\u00f3n: facilitan la navegaci\u00f3n al identificar la sesi\u00f3n, permitir el acceso a herramientas de acceso restringido, as\u00ed como configurar las opciones disponibles. Hacen posible proporcionar el servicio previamente solicitado por el usuario. * Cookies de an\u00e1lisis y\/o publicidad: permiten conocer el n\u00famero de visitas recibidas en las diferentes secciones de las p\u00e1ginas web, los h\u00e1bitos y tendencias de sus usuarios y, en consecuencia, mejorar la navegaci\u00f3n y el servicio ofrecido por la entidad (fundamentalmente, Google Analytics), as\u00ed como gestionar los espacios publicitarios incluidos en la p\u00e1gina web visitada por el usuario. Recoge datos de forma an\u00f3nima con el prop\u00f3sito de obtener perfiles de navegaci\u00f3n de los usuarios.<\/p>\n<p>Clasificados por duraci\u00f3n: * Cookies de sesi\u00f3n: recopilan y almacenan datos mientras el usuario accede al sitio web. * Cookies persistentes: recopilan y almacenan los datos en el terminal del usuario por un per\u00edodo de tiempo variable dependiendo del prop\u00f3sito para el cual han sido utilizadas.<\/p>\n<p>El tiempo de conservaci\u00f3n de las galletas depender\u00e1 del tipo en cuesti\u00f3n y siempre ser\u00e1 el m\u00ednimo necesario para cumplir su prop\u00f3sito.<\/p>\n<p>En cualquier caso, los usuarios pueden configurar su navegador para que desactive o bloquee la recepci\u00f3n de todas o algunas de las cookies. El hecho de que no desee recibir estas cookies no constituye un impedimento para acceder a la informaci\u00f3n en los sitios web de la entidad, aunque el uso de algunos servicios puede estar limitado. Si, una vez otorgado el consentimiento para la recepci\u00f3n de cookies, se desea retirarlo, las que est\u00e1n almacenadas en el ordenador del usuario deben ser eliminadas, utilizando las opciones de los diferentes navegadores.<\/p>\n<p>La forma de configurar los diferentes navegadores para realizar las acciones indicadas en los p\u00e1rrafos anteriores se puede encontrar en:<br>* Explorador:&nbsp; <a href=\"http:\/\/windows.microsoft.com\/es-es\/windows7\/how-to-manage-cookies -in-internet-explorer-9\" target=\"_blank\" rel=\"noreferrer noopener\">http:\/\/windows.microsoft.com\/es-es\/windows7\/how-to-manage-cookies -in-internet-explorer-9<\/a><br>* Chrome:&nbsp; <a href=\"https:\/\/support.google.com\/chrome\/answer\/95647?hl=es\" target=\"_blank\" rel=\"noreferrer noopener\">https:\/\/support.google.com\/chrome\/answer\/95647?hl=es<\/a><\/p>\n<p><strong>Datos procesados y fuentes de datos personales<\/strong><\/p>\n<p>Podemos recopilar o procesar en nombre de nuestros clientes las siguientes categor\u00edas de datos personales:<\/p>\n<ol>\n<li><strong>Informaci\u00f3n que recopilamos:<\/strong><\/li>\n<\/ol>\n<div>\n<p>a.&nbsp;<strong>Informaci\u00f3n de la cuenta de usuario:<\/strong><\/p>\n<ul>\n<li>Cuando creas una cuenta con Nextbrain, recopilamos tu direcci\u00f3n de correo electr\u00f3nico para vincular tu cuenta a tu perfil.<\/li>\n<\/ul>\n<p>b.&nbsp;<strong>Informaci\u00f3n sobre la compartici\u00f3n de archivos:<\/strong><\/p>\n<ul>\n<li>Si decides compartir archivos con nosotros, ya sea directamente o a trav\u00e9s de terceros, podemos procesar los datos de esos archivos. Estos datos se utilizar\u00e1n exclusivamente para crear, analizar o mejorar modelos de aprendizaje autom\u00e1tico y pueden ser eliminados en cualquier momento por ti mismo.<\/li>\n<\/ul>\n<\/div>\n<ol start=\"2\">\n<li><strong>C\u00f3mo Usamos Su Informaci\u00f3n:<\/strong><\/li>\n<\/ol>\n<div>\n<p>a.&nbsp;<strong>Informaci\u00f3n de la cuenta de usuario:<\/strong><\/p>\n<ul>\n<li>Utilizamos su direcci\u00f3n de correo electr\u00f3nico para gestionar su cuenta y ofrecerle servicios personalizados.<\/li>\n<\/ul>\n<p>b.&nbsp;<strong>Informaci\u00f3n sobre la compartici\u00f3n de archivos:<\/strong><\/p>\n<ul>\n<li>Los datos de archivos compartidos se utilizan para desarrollar, analizar y mejorar modelos de aprendizaje autom\u00e1tico para generar modelos predictivos.<\/li>\n<\/ul>\n<\/div>\n<\/div>\n<div>\n<p>Utilizamos cifrado para proteger su informaci\u00f3n y cualquier dato que recopilemos de usted.<\/p>\n<p>Retendremos su informaci\u00f3n personal durante el tiempo necesario para cumplir con los prop\u00f3sitos descritos en esta pol\u00edtica de privacidad o hasta que se solicite, ya sea por correo electr\u00f3nico o por la eliminaci\u00f3n de la cuenta.<\/p>\n<p>No transferimos ni divulgamos su informaci\u00f3n a terceros para fines distintos a los previstos.<\/p>\n<p>Usaremos sus datos para proporcionarle los servicios que solicit\u00f3, como an\u00e1lisis de datos y modelos de aprendizaje autom\u00e1tico.<\/p>\n<p>No vendemos ni compartimos los datos recopilados con terceros.&nbsp;<strong>NEXTBRAIN S.L.<\/strong><\/p>\n<\/div>\t\t\t\t\t\t\t\t<\/div>\n\t\t\t\t<\/div>\n\t\t\t\t\t<\/div>\n\t\t<\/div>\n\t\t\t\t\t<\/div>\n\t\t<\/section>\n\t\t\t\t<\/div>","protected":false},"excerpt":{"rendered":"<p>LEGAL WARNING: In compliance with article 10 of Law 34\/2002, of 11 July, on Information Society Services and Electronic Commerce (LSSICE), the entity\u2019s identification data [&hellip;]<\/p>\n","protected":false},"author":1,"featured_media":0,"parent":0,"menu_order":0,"comment_status":"closed","ping_status":"closed","template":"","meta":{"footnotes":""},"class_list":["post-1226","page","type-page","status-publish","hentry"],"yoast_head":"<!-- This site is optimized with the Yoast SEO plugin v25.6 - https:\/\/yoast.com\/wordpress\/plugins\/seo\/ -->\n<title>Privacy &amp; Policy - NextBrain AI | No-Code Machine Learning<\/title>\n<meta name=\"description\" content=\"Your privacy matters to us. Discover how NextBrain AI handles your personal information and maintains confidentiality in our detailed privacy policy.\" \/>\n<meta name=\"robots\" content=\"index, follow, max-snippet:-1, max-image-preview:large, max-video-preview:-1\" \/>\n<link rel=\"canonical\" href=\"https:\/\/nextbrain.ai\/es\/privacy-policy\" \/>\n<meta property=\"og:locale\" content=\"es_ES\" \/>\n<meta property=\"og:type\" content=\"article\" \/>\n<meta property=\"og:title\" content=\"Privacy &amp; Policy - NextBrain AI | No-Code Machine Learning\" \/>\n<meta property=\"og:description\" content=\"Your privacy matters to us. Discover how NextBrain AI handles your personal information and maintains confidentiality in our detailed privacy policy.\" \/>\n<meta property=\"og:url\" content=\"https:\/\/nextbrain.ai\/es\/privacy-policy\" \/>\n<meta property=\"og:site_name\" content=\"NextBrain AI | No-Code Machine Learning\" \/>\n<meta property=\"article:modified_time\" content=\"2024-02-28T06:44:49+00:00\" \/>\n<meta property=\"og:image\" content=\"https:\/\/nextbrain.ai\/wp-content\/uploads\/2022\/01\/logoNext.png\" \/>\n\t<meta property=\"og:image:width\" content=\"270\" \/>\n\t<meta property=\"og:image:height\" content=\"96\" \/>\n\t<meta property=\"og:image:type\" content=\"image\/png\" \/>\n<meta name=\"twitter:card\" content=\"summary_large_image\" \/>\n<meta name=\"twitter:site\" content=\"@nextbrain_ai\" \/>\n<meta name=\"twitter:label1\" content=\"Tiempo de lectura\" \/>\n\t<meta name=\"twitter:data1\" content=\"5 minutos\" \/>\n<!-- \/ Yoast SEO plugin. -->","yoast_head_json":{"title":"Pol\u00edtica de Privacidad - NextBrain AI | Aprendizaje Autom\u00e1tico sin C\u00f3digo","description":"Su privacidad es importante para nosotros. Descubra c\u00f3mo NextBrain AI maneja su informaci\u00f3n personal y mantiene la confidencialidad en nuestra detallada pol\u00edtica de privacidad.","robots":{"index":"index","follow":"follow","max-snippet":"max-snippet:-1","max-image-preview":"max-image-preview:large","max-video-preview":"max-video-preview:-1"},"canonical":"https:\/\/nextbrain.ai\/es\/privacy-policy","og_locale":"es_ES","og_type":"article","og_title":"Privacy & Policy - NextBrain AI | No-Code Machine Learning","og_description":"Your privacy matters to us. Discover how NextBrain AI handles your personal information and maintains confidentiality in our detailed privacy policy.","og_url":"https:\/\/nextbrain.ai\/es\/privacy-policy","og_site_name":"NextBrain AI | No-Code Machine Learning","article_modified_time":"2024-02-28T06:44:49+00:00","og_image":[{"width":270,"height":96,"url":"https:\/\/nextbrain.ai\/wp-content\/uploads\/2022\/01\/logoNext.png","type":"image\/png"}],"twitter_card":"summary_large_image","twitter_site":"@nextbrain_ai","twitter_misc":{"Tiempo de lectura":"5 minutos"},"schema":{"@context":"https:\/\/schema.org","@graph":[{"@type":"WebPage","@id":"https:\/\/nextbrain.ai\/es\/privacy-policy","url":"https:\/\/nextbrain.ai\/es\/privacy-policy","name":"Pol\u00edtica de Privacidad - NextBrain AI | Aprendizaje Autom\u00e1tico sin C\u00f3digo","isPartOf":{"@id":"https:\/\/nextbrain.ai\/#website"},"datePublished":"2021-08-26T11:51:54+00:00","dateModified":"2024-02-28T06:44:49+00:00","description":"Su privacidad es importante para nosotros. Descubra c\u00f3mo NextBrain AI maneja su informaci\u00f3n personal y mantiene la confidencialidad en nuestra detallada pol\u00edtica de privacidad.","breadcrumb":{"@id":"https:\/\/nextbrain.ai\/es\/privacy-policy#breadcrumb"},"inLanguage":"es","potentialAction":[{"@type":"ReadAction","target":["https:\/\/nextbrain.ai\/es\/privacy-policy"]}]},{"@type":"BreadcrumbList","@id":"https:\/\/nextbrain.ai\/es\/privacy-policy#breadcrumb","itemListElement":[{"@type":"ListItem","position":1,"name":"Portada","item":"https:\/\/nextbrain.ai\/"},{"@type":"ListItem","position":2,"name":"Privacy &#038; Policy"}]},{"@type":"WebSite","@id":"https:\/\/nextbrain.ai\/#website","url":"https:\/\/nextbrain.ai\/","name":"NextBrain AI | Aprendizaje Autom\u00e1tico Sin C\u00f3digo","description":"Mejora tu toma de decisiones","publisher":{"@id":"https:\/\/nextbrain.ai\/#organization"},"potentialAction":[{"@type":"SearchAction","target":{"@type":"EntryPoint","urlTemplate":"https:\/\/nextbrain.ai\/?s={search_term_string}"},"query-input":{"@type":"PropertyValueSpecification","valueRequired":true,"valueName":"search_term_string"}}],"inLanguage":"es"},{"@type":"Organization","@id":"https:\/\/nextbrain.ai\/#organization","name":"NextBrain.ai","url":"https:\/\/nextbrain.ai\/","logo":{"@type":"ImageObject","inLanguage":"es","@id":"https:\/\/nextbrain.ai\/#\/schema\/logo\/image\/","url":"http:\/\/nextbrain.ai\/wp-content\/uploads\/2022\/01\/logoNext.png","contentUrl":"http:\/\/nextbrain.ai\/wp-content\/uploads\/2022\/01\/logoNext.png","width":270,"height":96,"caption":"NextBrain.ai"},"image":{"@id":"https:\/\/nextbrain.ai\/#\/schema\/logo\/image\/"},"sameAs":["https:\/\/x.com\/nextbrain_ai","https:\/\/www.linkedin.com\/company\/nextbrain-ai\/","https:\/\/www.youtube.com\/channel\/UCpRhfXZE3YEdfgp2K0U9kxQ","https:\/\/github.com\/NextBrain-ai"]}]}},"_links":{"self":[{"href":"https:\/\/nextbrain.ai\/es\/wp-json\/wp\/v2\/pages\/1226"}],"collection":[{"href":"https:\/\/nextbrain.ai\/es\/wp-json\/wp\/v2\/pages"}],"about":[{"href":"https:\/\/nextbrain.ai\/es\/wp-json\/wp\/v2\/types\/page"}],"author":[{"embeddable":true,"href":"https:\/\/nextbrain.ai\/es\/wp-json\/wp\/v2\/users\/1"}],"replies":[{"embeddable":true,"href":"https:\/\/nextbrain.ai\/es\/wp-json\/wp\/v2\/comments?post=1226"}],"version-history":[{"count":30,"href":"https:\/\/nextbrain.ai\/es\/wp-json\/wp\/v2\/pages\/1226\/revisions"}],"predecessor-version":[{"id":6188,"href":"https:\/\/nextbrain.ai\/es\/wp-json\/wp\/v2\/pages\/1226\/revisions\/6188"}],"wp:attachment":[{"href":"https:\/\/nextbrain.ai\/es\/wp-json\/wp\/v2\/media?parent=1226"}],"curies":[{"name":"wp","href":"https:\/\/api.w.org\/{rel}","templated":true}]}}