{"id":6724,"date":"2024-03-20T08:43:15","date_gmt":"2024-03-20T07:43:15","guid":{"rendered":"http:\/\/nextbrain.ai\/?page_id=6724"},"modified":"2024-04-05T09:52:39","modified_gmt":"2024-04-05T07:52:39","slug":"faq","status":"publish","type":"page","link":"https:\/\/nextbrain.ai\/de\/faq","title":{"rendered":"H\u00e4ufig gestellte Fragen"},"content":{"rendered":"<div class=\"container\">\n<div class=\"accordion mb-5\">\n<div class=\"card-header collapsed\" data-toggle=\"collapse\" data-parent=\"#accordion\" href=\"#collapseIni\">\n<div class=\"faqtitle\"><a class=\"card-title btn-link\"><i class=\"bi bi-question-circle-fill\"><\/i> Welche Predictive Models verwendet unser System?<\/a><\/div>\n<\/div>\n<div id=\"collapseIni\" class=\"card-body collapse in show\" data-parent=\"#accordion\">\n<p>Unsere Plattform verwendet eine anspruchsvolle Palette von Predictive Models, um eine Vielzahl von Anwendungen abzudecken, von der Verarbeitung nat\u00fcrlicher Sprache bis hin zu Prognosen und dar\u00fcber hinaus. Hier ist eine \u00dcbersicht der Arten von Modellen, die wir nutzen:<\/p>\n<p><strong>1. Gro\u00dfe Sprachmodelle (LLMs oder Generative AI):<\/strong><br \/>\nStandardm\u00e4\u00dfig nutzt unser System Azure mit ChatGPT 4 f\u00fcr gro\u00dfe Sprachmodelle. Wir bieten die Flexibilit\u00e4t, zwischen verschiedenen LLMs zu wechseln, einschlie\u00dflich LLama2, OpenAI, Mistral und anderen, um den Benutzerpr\u00e4ferenzen oder spezifischen Projektanforderungen gerecht zu werden. Unsere Plattform ist darauf ausgelegt, nahezu jedes LLM zu integrieren, um Vielseitigkeit und Anpassungsf\u00e4higkeit an verschiedene Aufgaben zu gew\u00e4hrleisten. Wenn ein angefordertes LLM nicht direkt unterst\u00fctzt wird, unternehmen wir Schritte, um die Kompatibilit\u00e4t und Konnektivit\u00e4t sicherzustellen, um den Benutzerbed\u00fcrfnissen gerecht zu werden.<\/p>\n<p><strong>2. Modelle f\u00fcr Klassifikation, Regression und automatisierte L\u00f6sungen:<\/strong><br \/>\nUnser Ansatz f\u00fcr Klassifikations- und Regressionsaufgaben umfasst eine umfangreiche Palette von Modellen, wie Linear, Entscheidungsbaum, Random Forest, Extra Trees, LightGBM, Xgboost, CatBoost, Neuronale Netzwerke und N\u00e4chste Nachbarn. Dieses vielf\u00e4ltige Toolkit erm\u00f6glicht es uns, ein breites Spektrum an Herausforderungen effektiv anzugehen.<br \/>\nDar\u00fcber hinaus ist unser System mit einem adaptiven Auswahlmechanismus f\u00fcr automatisierte L\u00f6sungen ausgestattet, der dynamisch das am besten geeignete Modell basierend auf dem Kontext und der gew\u00fcnschten Trainingsqualit\u00e4t ausw\u00e4hlt. Dies stellt sicher, dass die Modelle, die wir einsetzen, auf die spezifischen Anforderungen jeder Aufgabe zugeschnitten sind, von einfachen Klassifikationen bis hin zu komplexen pr\u00e4diktiven Analysen.<\/p>\n<p>F\u00fcr Szenarien, die eine erh\u00f6hte Genauigkeit oder Leistung erfordern, verl\u00e4sst sich unsere Plattform nicht auf ein einzelnes Modell. Stattdessen erzeugen wir mehrere Modelle unterschiedlicher Typen und Konfigurationen, bewerten sie basierend auf ihrer Leistung und erstellen dann ein Ensemble der besten Modelle. Dieser Ensemble-Ansatz verbessert die Genauigkeit unserer Vorhersagen erheblich und erm\u00f6glicht es uns, \u00fcberlegene Ergebnisse zu liefern, ohne komplexe Eingaben von den Benutzern zu verlangen.<\/p>\n<p><strong>3. Modelle f\u00fcr Prognosen:<\/strong><br \/>\nF\u00fcr Prognoseprobleme umfasst unser Toolkit Modelle wie Arima, Sarima, Prophet und Bayessche Modelle. Diese werden aufgrund ihrer nachgewiesenen Zuverl\u00e4ssigkeit und Effektivit\u00e4t bei der Vorhersage zuk\u00fcnftiger Trends und Muster in verschiedenen Bereichen ausgew\u00e4hlt.<\/p>\n<p>Durch diesen umfassenden und adaptiven Einsatz pr\u00e4diktiver Modelle stellt unsere Plattform sicher, dass Benutzer Zugang zu modernsten KI-Technologien haben, die auf ihre spezifischen Bed\u00fcrfnisse zugeschnitten sind, und erleichtert den Weg zur Erlangung genauer und umsetzbarer Erkenntnisse.\n<\/p><\/div>\n<div class=\"card-header collapsed\" data-toggle=\"collapse\" href=\"#collapseZero\">\n<div class=\"faqtitle\"><a class=\"card-title btn-link\"><i class=\"bi bi-question-circle-fill\"><\/i> Wie funktionieren diese Modelle in einfachen Worten?<\/a><\/div>\n<\/div>\n<div id=\"collapseZero\" class=\"card-body collapse in show\" data-parent=\"#accordion\">\n<p>Grunds\u00e4tzlich teilen wir das Benutzerdatensatz (das ist die Quelle der Wahrheit) in zwei kleine Sets.<br \/>\nDas sind die <strong>Trainingsset<\/strong> (in der Regel 80 % des urspr\u00fcnglichen Datensatzes) und <strong>Testset<\/strong> (20%).<\/p>\n<p>Wir trainieren einen Machine Learning Algorithmus, um eine gute Genauigkeit mit unserem <strong>Trainingsset<\/strong>.<br \/>\nWas ich mit Training meine, ist die Reduzierung des Fehlers bei Vorhersagen. Im Allgemeinen haben wir zun\u00e4chst ein zuf\u00e4lliges Modell, das Ihnen im Grunde eine zuf\u00e4llige Antwort gibt. Dann fordern wir eine Vorhersage f\u00fcr unser Trainingsset an, das Modell gibt uns eine Antwort (zun\u00e4chst zuf\u00e4llig), dann f\u00fchren wir alle notwendigen Anpassungen durch, um unser Modell dazu zu bringen, das zu antworten, was wir erwartet haben (weil wir die Wahrheit kennen). Dann machen wir mit allen anderen Zeilen in unserer Trainingsphase weiter.<br \/>\nIn der Tat wird dieser Prozess viele Male durchgef\u00fchrt.<\/p>\n<p>Nachdem ein Modell trainiert wurde und eine gute Genauigkeit auf unserem Trainingsset hat, machen wir einfach eine Vorhersage auf unserem Testset (nicht gesehene Daten f\u00fcr unser Modell), dann bewerten wir, wie gut unser Modell nicht gesehene Daten vorhersagt, dies ist Verallgemeinerung.<br \/>\nDiese Testgenauigkeit ist die, die wir den Benutzern anzeigen (denn nat\u00fcrlich wird das Modell eine gute Genauigkeit im Trainingsset haben).\n<\/p><\/div>\n<div class=\"card-header collapsed\" data-toggle=\"collapse\" href=\"#collapseOne\">\n<div class=\"faqtitle\"><a class=\"card-title btn-link\"><i class=\"bi bi-question-circle-fill\"><\/i> Was ist die Technologie dahinter?<\/a><\/div>\n<\/div>\n<div id=\"collapseOne\" class=\"card-body collapse show\" data-parent=\"#accordion\">\n<p>Unser System verf\u00fcgt \u00fcber eine raffinierte und hocheffiziente Struktur, die darauf ausgelegt ist, die Verarbeitung und Lieferung ma\u00dfgeschneiderter L\u00f6sungen zu optimieren. Im Zentrum unserer Plattform steht ein fortschrittlicher API-Service, der als prim\u00e4rer Einstiegspunkt f\u00fcr Anfragen fungiert. Dies wird durch eine Vielzahl spezialisierter Komponenten unterst\u00fctzt, die jeweils einer bestimmten Funktion gewidmet sind, um eine schnelle und pr\u00e4zise Antwort auf die Bed\u00fcrfnisse der Benutzer zu gew\u00e4hrleisten.<\/p>\n<p>Die Architektur wird durch modernste Datenbanktechnologien untermauert, die sorgf\u00e4ltig ausgew\u00e4hlt wurden, um Datenintegrit\u00e4t, Sicherheit und Zug\u00e4nglichkeit zu gew\u00e4hrleisten. Unsere Infrastruktur umfasst auch die neuesten Datenmanagement-Tools, die entwickelt wurden, um gro\u00dfe Mengen an Informationen mit un\u00fcbertroffener Effizienz zu verarbeiten und zu analysieren.<\/p>\n<p>Im Kern unserer Innovation steht ein einzigartiges Multi-Agenten-System, das aus einer Reihe von vorkonfigurierten \u201eAgents\u201c besteht. Diese Agents, ausgestattet mit spezifischen F\u00e4higkeiten, arbeiten zusammen, um Anfragen intelligent und adaptiv zu verarbeiten und zu beantworten. Diese Strategie erm\u00f6glicht es uns, eine Vielzahl von Aufgaben zu bew\u00e4ltigen, von der Softwareentwicklung bis zur Erstellung komplexer Visualisierungen und strategischer Planung, mit au\u00dfergew\u00f6hnlicher Pr\u00e4zision und Kreativit\u00e4t.<\/p>\n<p>Ohne spezifische technische Details zu vertiefen, die einen wesentlichen Teil unseres Wettbewerbsvorteils ausmachen, k\u00f6nnen wir best\u00e4tigen, dass unsere Plattform darauf ausgelegt ist, die komplexesten Herausforderungen zu meistern und L\u00f6sungen anzubieten, die an der Spitze der heutigen Technologie stehen.\n<\/p><\/div>\n<div class=\"card-header collapsed\" data-toggle=\"collapse\" data-parent=\"#accordion\" href=\"#collapseTwo\">\n<div class=\"faqtitle\"><a class=\"card-title btn-link\"><i class=\"bi bi-question-circle-fill\"><\/i> Wir haben eine Reihe von Anwendungsf\u00e4llen identifiziert.<\/a><\/div>\n<\/div>\n<div id=\"collapseTwo\" class=\"card-body collapse show\" data-parent=\"#accordion\">\n<p>Alle F\u00e4lle, die Sie bereitgestellt haben, sind in Ordnung, wir k\u00f6nnen auch:<\/p>\n<ul class=\"m-5\">\n<li>Vorhersageprognosen erstellen<\/li>\n<li>Gesch\u00e4ftshypothesen validieren<\/li>\n<li>Benutzerdaten bereinigen (automatisch und auf Abruf)<\/li>\n<li>Kontrafaktische Analyse<\/li>\n<li>Daten anonymisieren (synthetische Daten gelten als anonymisierte Daten)<\/li>\n<\/ul>\n<p>Zus\u00e4tzliche Anwendungsf\u00e4lle werden angezeigt <a href=\"\/de\/automl-cloud\/\">hier<\/a>\n<\/div>\n<div class=\"card-header collapsed\" data-toggle=\"collapse\" data-parent=\"#accordion\" href=\"#collapseThree\">\n<div class=\"faqtitle\"><a class=\"card-title btn-link\"><i class=\"bi bi-question-circle-fill\"><\/i> Wie berechnen Sie die Feature-Importance der Modelle?<\/a><\/div>\n<\/div>\n<div id=\"collapseTwo\" class=\"card-body collapse show\" data-parent=\"#accordion\">\n<p>Um sowohl die globale als auch die spezifische Feature-Importance zu berechnen, verwenden wir SHAP-Werte.<\/p>\n<\/div>\n<div class=\"card-header collapsed\" data-toggle=\"collapse\" data-parent=\"#accordion\" href=\"#collapseFour\">\n<div class=\"faqtitle\"><a class=\"card-title btn-link\"><i class=\"bi bi-question-circle-fill\"><\/i> Wie entscheiden Sie \u00fcber die besten Parameter jedes ML-Modells? Verwenden Sie Methoden zur Hyperparameter-Optimierung?<\/a><\/div>\n<\/div>\n<div id=\"collapseTwo\" class=\"card-body collapse show\" data-parent=\"#accordion\">\n<p>Um die besten Parameter f\u00fcr jedes ML-Modell zu bestimmen, verwenden wir eine Methode, die einem Wettbewerb zwischen verschiedenen Modellen \u00e4hnelt, einschlie\u00dflich unterschiedlicher Konfigurationen von Neural Networks mit variierenden Knotenzahlen.<\/p>\n<p>Dieser wettbewerbsorientierte Ansatz hilft uns, alle Hyperparameter zu optimieren.<\/p>\n<p>Zus\u00e4tzlich implementieren wir Pr\u00fcfungen auf Overfitting w\u00e4hrend des Hyperparameter-Optimierungsprozesses, um sicherzustellen, dass die entwickelten Modelle \u00fcber eine robuste F\u00e4higkeit zur Generalisierung verf\u00fcgen.<\/p>\n<\/div>\n<\/div>\n<\/div>","protected":false},"excerpt":{"rendered":"<p>What Predictive Models Does Our System Use? Our platform employs a sophisticated array of predictive models to cater to a wide range of applications, from [&hellip;]<\/p>\n","protected":false},"author":1,"featured_media":0,"parent":0,"menu_order":0,"comment_status":"closed","ping_status":"closed","template":"","meta":{"footnotes":""},"class_list":["post-6724","page","type-page","status-publish","hentry"],"yoast_head":"<!-- This site is optimized with the Yoast SEO plugin v25.6 - https:\/\/yoast.com\/wordpress\/plugins\/seo\/ -->\n<title>FAQ - NextBrain AI | No-Code Machine Learning<\/title>\n<meta name=\"robots\" content=\"index, follow, max-snippet:-1, max-image-preview:large, max-video-preview:-1\" \/>\n<link rel=\"canonical\" href=\"https:\/\/nextbrain.ai\/de\/faq\" \/>\n<meta property=\"og:locale\" content=\"de_DE\" \/>\n<meta property=\"og:type\" content=\"article\" \/>\n<meta property=\"og:title\" content=\"FAQ - NextBrain AI | No-Code Machine Learning\" \/>\n<meta property=\"og:description\" content=\"What Predictive Models Does Our System Use? Our platform employs a sophisticated array of predictive models to cater to a wide range of applications, from [&hellip;]\" \/>\n<meta property=\"og:url\" content=\"https:\/\/nextbrain.ai\/de\/faq\" \/>\n<meta property=\"og:site_name\" content=\"NextBrain AI | No-Code Machine Learning\" \/>\n<meta property=\"article:modified_time\" content=\"2024-04-05T07:52:39+00:00\" \/>\n<meta property=\"og:image\" content=\"https:\/\/nextbrain.ai\/wp-content\/uploads\/2022\/01\/logoNext.png\" \/>\n\t<meta property=\"og:image:width\" content=\"270\" \/>\n\t<meta property=\"og:image:height\" content=\"96\" \/>\n\t<meta property=\"og:image:type\" content=\"image\/png\" \/>\n<meta name=\"twitter:card\" content=\"summary_large_image\" \/>\n<meta name=\"twitter:site\" content=\"@nextbrain_ai\" \/>\n<meta name=\"twitter:label1\" content=\"Gesch\u00e4tzte Lesezeit\" \/>\n\t<meta name=\"twitter:data1\" content=\"5\u00a0Minuten\" \/>\n<!-- \/ Yoast SEO plugin. -->","yoast_head_json":{"title":"FAQ - NextBrain AI | No-Code Machine Learning","robots":{"index":"index","follow":"follow","max-snippet":"max-snippet:-1","max-image-preview":"max-image-preview:large","max-video-preview":"max-video-preview:-1"},"canonical":"https:\/\/nextbrain.ai\/de\/faq","og_locale":"de_DE","og_type":"article","og_title":"FAQ - NextBrain AI | No-Code Machine Learning","og_description":"What Predictive Models Does Our System Use? Our platform employs a sophisticated array of predictive models to cater to a wide range of applications, from [&hellip;]","og_url":"https:\/\/nextbrain.ai\/de\/faq","og_site_name":"NextBrain AI | No-Code Machine Learning","article_modified_time":"2024-04-05T07:52:39+00:00","og_image":[{"width":270,"height":96,"url":"https:\/\/nextbrain.ai\/wp-content\/uploads\/2022\/01\/logoNext.png","type":"image\/png"}],"twitter_card":"summary_large_image","twitter_site":"@nextbrain_ai","twitter_misc":{"Gesch\u00e4tzte Lesezeit":"5\u00a0Minuten"},"schema":{"@context":"https:\/\/schema.org","@graph":[{"@type":"WebPage","@id":"https:\/\/nextbrain.ai\/faq","url":"https:\/\/nextbrain.ai\/faq","name":"FAQ - NextBrain AI | No-Code Machine Learning","isPartOf":{"@id":"https:\/\/nextbrain.ai\/#website"},"datePublished":"2024-03-20T07:43:15+00:00","dateModified":"2024-04-05T07:52:39+00:00","breadcrumb":{"@id":"https:\/\/nextbrain.ai\/faq#breadcrumb"},"inLanguage":"de","potentialAction":[{"@type":"ReadAction","target":["https:\/\/nextbrain.ai\/faq"]}]},{"@type":"BreadcrumbList","@id":"https:\/\/nextbrain.ai\/faq#breadcrumb","itemListElement":[{"@type":"ListItem","position":1,"name":"Portada","item":"https:\/\/nextbrain.ai\/"},{"@type":"ListItem","position":2,"name":"FAQ"}]},{"@type":"WebSite","@id":"https:\/\/nextbrain.ai\/#website","url":"https:\/\/nextbrain.ai\/","name":"NextBrain AI | No-Code Machine Learning","description":"Upgrade your decision-making","publisher":{"@id":"https:\/\/nextbrain.ai\/#organization"},"potentialAction":[{"@type":"SearchAction","target":{"@type":"EntryPoint","urlTemplate":"https:\/\/nextbrain.ai\/?s={search_term_string}"},"query-input":{"@type":"PropertyValueSpecification","valueRequired":true,"valueName":"search_term_string"}}],"inLanguage":"de"},{"@type":"Organization","@id":"https:\/\/nextbrain.ai\/#organization","name":"NextBrain.ai","url":"https:\/\/nextbrain.ai\/","logo":{"@type":"ImageObject","inLanguage":"de","@id":"https:\/\/nextbrain.ai\/#\/schema\/logo\/image\/","url":"http:\/\/nextbrain.ai\/wp-content\/uploads\/2022\/01\/logoNext.png","contentUrl":"http:\/\/nextbrain.ai\/wp-content\/uploads\/2022\/01\/logoNext.png","width":270,"height":96,"caption":"NextBrain.ai"},"image":{"@id":"https:\/\/nextbrain.ai\/#\/schema\/logo\/image\/"},"sameAs":["https:\/\/x.com\/nextbrain_ai","https:\/\/www.linkedin.com\/company\/nextbrain-ai\/","https:\/\/www.youtube.com\/channel\/UCpRhfXZE3YEdfgp2K0U9kxQ","https:\/\/github.com\/NextBrain-ai"]}]}},"_links":{"self":[{"href":"https:\/\/nextbrain.ai\/de\/wp-json\/wp\/v2\/pages\/6724"}],"collection":[{"href":"https:\/\/nextbrain.ai\/de\/wp-json\/wp\/v2\/pages"}],"about":[{"href":"https:\/\/nextbrain.ai\/de\/wp-json\/wp\/v2\/types\/page"}],"author":[{"embeddable":true,"href":"https:\/\/nextbrain.ai\/de\/wp-json\/wp\/v2\/users\/1"}],"replies":[{"embeddable":true,"href":"https:\/\/nextbrain.ai\/de\/wp-json\/wp\/v2\/comments?post=6724"}],"version-history":[{"count":24,"href":"https:\/\/nextbrain.ai\/de\/wp-json\/wp\/v2\/pages\/6724\/revisions"}],"predecessor-version":[{"id":7545,"href":"https:\/\/nextbrain.ai\/de\/wp-json\/wp\/v2\/pages\/6724\/revisions\/7545"}],"wp:attachment":[{"href":"https:\/\/nextbrain.ai\/de\/wp-json\/wp\/v2\/media?parent=6724"}],"curies":[{"name":"wp","href":"https:\/\/api.w.org\/{rel}","templated":true}]}}