{"id":6364,"date":"2024-03-04T10:33:42","date_gmt":"2024-03-04T09:33:42","guid":{"rendered":"http:\/\/nextbrain.ai\/?page_id=6364"},"modified":"2026-02-04T11:51:37","modified_gmt":"2026-02-04T10:51:37","slug":"about-us","status":"publish","type":"page","link":"https:\/\/nextbrain.ai\/de\/about-us","title":{"rendered":"\u00dcber uns"},"content":{"rendered":"<div id=\"about-us-world\">\n<div class=\"container-md\">\n<h3 class=\"pcenter\">DAS TEAM<\/h3>\n<div class=\"col-md-12\">\n<h4 class=\"pcenter\"><strong>F\u00fchrungsteam<\/strong><\/h4>\n<\/div>\n<div class=\"pcenter mb-5 row\">\n<div class=\"col-md-3\">\n<div class=\"card-about\"><img decoding=\"async\" data-src=\"https:\/\/cdn.prod.website-files.com\/67d98efa3c5d0123cacc618b\/67dc47b8cc2ce1d2b8b6c23f_Juan-1.webp\" src=\"data:image\/svg+xml;base64,PHN2ZyB3aWR0aD0iMSIgaGVpZ2h0PSIxIiB4bWxucz0iaHR0cDovL3d3dy53My5vcmcvMjAwMC9zdmciPjwvc3ZnPg==\" class=\"lazyload\"><\/p>\n<div class=\"col-md-12 text-center\"><strong>Juan de Portugal<\/strong><\/div>\n<div class=\"col-md-12 text-center subtext\">Partner<\/div>\n<p class=\"LinkedIn-profile\"><a href=\"https:\/\/www.linkedin.com\/in\/juan-de-portugal\/\" target=\"_blank\" rel=\"noopener\"><img decoding=\"async\" data-src=\"https:\/\/dataslayer.ai\/wp-content\/uploads\/2023\/10\/LinkedIn.png\" src=\"data:image\/svg+xml;base64,PHN2ZyB3aWR0aD0iMSIgaGVpZ2h0PSIxIiB4bWxucz0iaHR0cDovL3d3dy53My5vcmcvMjAwMC9zdmciPjwvc3ZnPg==\" class=\"lazyload\" \/> LinkedIn-Profil<\/a><\/p>\n<\/p><\/div>\n<\/div>\n<div class=\"col-md-3\">\n<div class=\"card-about\"><img decoding=\"async\" data-src=\"http:\/\/nextbrain.ai\/wp-content\/uploads\/2024\/07\/mike.png\" src=\"data:image\/svg+xml;base64,PHN2ZyB3aWR0aD0iMSIgaGVpZ2h0PSIxIiB4bWxucz0iaHR0cDovL3d3dy53My5vcmcvMjAwMC9zdmciPjwvc3ZnPg==\" class=\"lazyload\"><\/p>\n<div class=\"col-md-12 text-center\"><strong>Mike Barr<\/strong><\/div>\n<div class=\"col-md-12 text-center subtext\">Partner<\/div>\n<p class=\"LinkedIn-profile\"><a href=\"https:\/\/www.linkedin.com\/in\/mike-barr-9601828\/\" target=\"_blank\" rel=\"noopener\"><img decoding=\"async\" data-src=\"https:\/\/dataslayer.ai\/wp-content\/uploads\/2023\/10\/LinkedIn.png\" src=\"data:image\/svg+xml;base64,PHN2ZyB3aWR0aD0iMSIgaGVpZ2h0PSIxIiB4bWxucz0iaHR0cDovL3d3dy53My5vcmcvMjAwMC9zdmciPjwvc3ZnPg==\" class=\"lazyload\" \/> LinkedIn-Profil<\/a><\/p>\n<\/p><\/div>\n<\/div>\n<div class=\"col-md-3\">\n<div class=\"card-about\"><img decoding=\"async\" data-src=\"https:\/\/cdn.prod.website-files.com\/67d98efa3c5d0123cacc618b\/67dc47b8555f2f0f280e1aad_Marinela.webp\" src=\"data:image\/svg+xml;base64,PHN2ZyB3aWR0aD0iMSIgaGVpZ2h0PSIxIiB4bWxucz0iaHR0cDovL3d3dy53My5vcmcvMjAwMC9zdmciPjwvc3ZnPg==\" class=\"lazyload\"><\/p>\n<div class=\"col-md-12 text-center\"><strong>Marinela Martinez<\/strong><\/div>\n<div class=\"col-md-12 text-center subtext\">Admin<\/div>\n<p class=\"LinkedIn-profile\"><a href=\"#\" target=\"_blank\" rel=\"noopener\">&nbsp;<\/a><\/p>\n<\/p><\/div>\n<\/div>\n<div class=\"col-md-3\">\n<div class=\"card-about\"><img decoding=\"async\" src=\"https:\/\/cdn.prod.website-files.com\/67d98efa3c5d0123cacc618b\/6980a0f8980758f2e5b153bb_91ce5bf2b82de24ab1fa9aef915a888c_Fer%20CTO.avif\"><\/p>\n<div class=\"col-md-12 text-center\"><strong>Fernando Perez<\/strong><\/div>\n<div class=\"col-md-12 text-center subtext\">CTO<\/div>\n<p class=\"LinkedIn-profile\"><a href=\"https:\/\/www.linkedin.com\/in\/fernaperg\/\" target=\"_blank\" rel=\"noopener\"><img decoding=\"async\" data-src=\"https:\/\/dataslayer.ai\/wp-content\/uploads\/2023\/10\/LinkedIn.png\" src=\"data:image\/svg+xml;base64,PHN2ZyB3aWR0aD0iMSIgaGVpZ2h0PSIxIiB4bWxucz0iaHR0cDovL3d3dy53My5vcmcvMjAwMC9zdmciPjwvc3ZnPg==\" class=\"lazyload\" \/> LinkedIn-Profil<\/a><\/p>\n<\/p><\/div>\n<\/div><\/div>\n<div id=\"team\" class=\"row pcenter\">\n<div class=\"col-md-6\">\n<h4 class=\"pcenter\"><strong>Softwareentwicklung<\/strong><\/h4>\n<div style=\"display: flex; align-items: center; justify-content: center;\">\n<div class=\"col-md-6\">\n<div class=\"card-about\"><img decoding=\"async\" data-src=\"\/wp-content\/uploads\/2023\/09\/manu.png\" src=\"data:image\/svg+xml;base64,PHN2ZyB3aWR0aD0iMSIgaGVpZ2h0PSIxIiB4bWxucz0iaHR0cDovL3d3dy53My5vcmcvMjAwMC9zdmciPjwvc3ZnPg==\" class=\"lazyload\" style=\"--smush-placeholder-width: 163px; --smush-placeholder-aspect-ratio: 163\/163;\"><\/p>\n<div class=\"col-md-12 text-center\"><strong>Manuel Acosta<\/strong><\/div>\n<div class=\"col-md-12 text-center subtext\">Senior Entwickler<\/div>\n<p class=\"LinkedIn-profile\"><a href=\"https:\/\/www.linkedin.com\/in\/manuel-acosta-03a429102\/\" target=\"_blank\" rel=\"noopener\"><img decoding=\"async\" data-src=\"https:\/\/dataslayer.ai\/wp-content\/uploads\/2023\/10\/LinkedIn.png\" src=\"data:image\/svg+xml;base64,PHN2ZyB3aWR0aD0iMSIgaGVpZ2h0PSIxIiB4bWxucz0iaHR0cDovL3d3dy53My5vcmcvMjAwMC9zdmciPjwvc3ZnPg==\" class=\"lazyload\" \/> LinkedIn-Profil<\/a><\/p>\n<\/p><\/div>\n<\/div>\n<\/div>\n<\/div>\n<div class=\"col-md-6\">\n<h4 class=\"pcenter\"><strong>Vertrieb &amp; Support<\/strong><\/h4>\n<div style=\"display: flex; align-items: center; justify-content: center;\">\n<div class=\"col-md-6\">\n<div class=\"card-about\"><img decoding=\"async\" data-src=\"https:\/\/cdn.prod.website-files.com\/67d98efa3c5d0123cacc618b\/67dc47b7ba4d8dcc7372a07c_lucio.png\" src=\"data:image\/svg+xml;base64,PHN2ZyB3aWR0aD0iMSIgaGVpZ2h0PSIxIiB4bWxucz0iaHR0cDovL3d3dy53My5vcmcvMjAwMC9zdmciPjwvc3ZnPg==\" class=\"lazyload\"><\/p>\n<div class=\"col-md-12 text-center\"><strong>Lucio Aranda<\/strong><\/div>\n<div class=\"col-md-12 text-center subtext\">Business Development Manager<\/div>\n<p class=\"LinkedIn-profile\"><a href=\"https:\/\/www.linkedin.com\/in\/lucio-antonio-aranda-trujillo-67a9761ba\/\" target=\"_blank\" rel=\"noopener\"><img decoding=\"async\" data-src=\"https:\/\/dataslayer.ai\/wp-content\/uploads\/2023\/10\/LinkedIn.png\" src=\"data:image\/svg+xml;base64,PHN2ZyB3aWR0aD0iMSIgaGVpZ2h0PSIxIiB4bWxucz0iaHR0cDovL3d3dy53My5vcmcvMjAwMC9zdmciPjwvc3ZnPg==\" class=\"lazyload\" \/> LinkedIn-Profil<\/a><\/p>\n<\/p><\/div>\n<\/div>\n<\/div>\n<\/div>\n<\/div>\n<div id=\"team\" class=\"row pcenter\">\n<div class=\"col-md-12\">\n<h4 class=\"pcenter\"><strong>Marketing<\/strong><\/h4>\n<\/div>\n<div class=\"col-md-3 offset-md-3\">\n<div class=\"card-about\">\n<img decoding=\"async\" data-src=\"https:\/\/nextbrain.ai\/wp-content\/uploads\/2026\/02\/AdelaAboutUs.png\" src=\"data:image\/svg+xml;base64,PHN2ZyB3aWR0aD0iMSIgaGVpZ2h0PSIxIiB4bWxucz0iaHR0cDovL3d3dy53My5vcmcvMjAwMC9zdmciPjwvc3ZnPg==\" class=\"lazyload\" style=\"--smush-placeholder-width: 126px; --smush-placeholder-aspect-ratio: 126\/126;\"><\/p>\n<div class=\"col-md-12 text-center\"><strong>Adela Delso<\/strong><\/div>\n<div class=\"col-md-12 text-center subtext\">Head of Customer Success \/ Support<\/div>\n<p class=\"LinkedIn-profile\"><a href=\"https:\/\/www.linkedin.com\/in\/adela-delso-ml\/\" target=\"_blank\" rel=\"noopener\"><img decoding=\"async\" data-src=\"https:\/\/dataslayer.ai\/wp-content\/uploads\/2023\/10\/LinkedIn.png\" src=\"data:image\/svg+xml;base64,PHN2ZyB3aWR0aD0iMSIgaGVpZ2h0PSIxIiB4bWxucz0iaHR0cDovL3d3dy53My5vcmcvMjAwMC9zdmciPjwvc3ZnPg==\" class=\"lazyload\" \/> LinkedIn-Profil<\/a><\/p>\n<\/p><\/div>\n<\/div>\n<div class=\"col-md-3\">\n<div class=\"card-about\"><img decoding=\"async\" data-src=\"https:\/\/cdn.prod.website-files.com\/67d98efa3c5d0123cacc618b\/686b6b1f71bdb6407ce13324_fotos-firmas.png\" src=\"data:image\/svg+xml;base64,PHN2ZyB3aWR0aD0iMSIgaGVpZ2h0PSIxIiB4bWxucz0iaHR0cDovL3d3dy53My5vcmcvMjAwMC9zdmciPjwvc3ZnPg==\" class=\"lazyload\"><\/p>\n<div class=\"col-md-12 text-center\"><strong>Julia Moreno<\/strong><\/div>\n<div class=\"col-md-12 text-center subtext\">Head of Marketing<\/div>\n<p class=\"LinkedIn-profile\"><a href=\"https:\/\/www.linkedin.com\/in\/jmjuliamoreno\/\" target=\"_blank\" rel=\"noopener\"><img decoding=\"async\" data-src=\"https:\/\/dataslayer.ai\/wp-content\/uploads\/2023\/10\/LinkedIn.png\" src=\"data:image\/svg+xml;base64,PHN2ZyB3aWR0aD0iMSIgaGVpZ2h0PSIxIiB4bWxucz0iaHR0cDovL3d3dy53My5vcmcvMjAwMC9zdmciPjwvc3ZnPg==\" class=\"lazyload\" \/> LinkedIn-Profil<\/a><\/p>\n<\/p><\/div>\n<\/div><\/div>\n<\/p><\/div>\n<\/p><\/div>\n<\/div>\n<div class=\"col-md-12 mb-5 pb-4\" id=\"howdid\">\n<h2 class=\"mt-5 mb-4\">Wie did <strong class=\"font-italic\">NextBrain<\/strong> begann<\/h2>\n<div class=\"divp\">Als ein Team von Entwicklern suchen wir st\u00e4ndig nach Ideen, die Marktl\u00fccken f\u00fcllen und Probleme f\u00fcr Marketingfachleute l\u00f6sen. Unsere erfolgreichsten Tools begannen damit, zeitsparende L\u00f6sungen f\u00fcr unsere Kunden bereitzustellen \u2013 NextBrain ist da keine Ausnahme. NextBrain bietet Data Science f\u00fcr jedes Unternehmen. Zun\u00e4chst m\u00f6chten wir die Notwendigkeit des Codierens entfernen, um auf Machine Learning zuzugreifen. Unser Launch-Produkt bringt Machine Learning direkt in Tabellenkalkulationen\u2026 probiere es jetzt aus und verbessere deine Entscheidungsfindung.<\/div>\n<div class=\"divp\">Bei NextBrain konzentrieren wir uns darauf, Marketingprobleme mit Software-Innovation zu l\u00f6sen, ein hervorragendes Beispiel ist eines unserer Produkte, Dataslayer, das alle Marketingdaten an einem Ort vereint (Google Sheets, Google Datastudio, API, Google BigQuery).<\/div>\n<\/div>\n<div class=\"col-md-12 mt-5 mb-5\">\n<div class=\"container whywait\">\n<div class=\"row\">\n<div class=\"col-md-6\"><strong>Warum warten?<\/strong> Entdecken Sie die vielen Anwendungsf\u00e4lle f\u00fcr NextBrain und sehen Sie, wie wir Ihnen zum Erfolg verhelfen k\u00f6nnen.<\/div>\n<div class=\"col-md-4 offset-md-2 mt-4\"><a class=\"btndark btnsignup\" href=\"http:\/\/nextbrain.ai\/de\/schedule-your-free-demo\/\"  rel=\"noopener\">Fordern Sie eine Demo an <i class=\"bi bi-chevron-double-right\"><\/i><\/a><\/div>\n<\/div>\n<\/div>\n<\/div>\n<div class=\"row\">\n<div class=\"col-md-12 mt-5\">\n<div class=\"backcontact mb-5\">\n<div class=\"wpcf7 no-js\" id=\"wpcf7-f698-o1\" lang=\"en-US\" dir=\"ltr\" data-wpcf7-id=\"698\">\n<div class=\"screen-reader-response\"><p role=\"status\" aria-live=\"polite\" aria-atomic=\"true\"><\/p> <ul><\/ul><\/div>\n<form action=\"\/de\/wp-json\/wp\/v2\/pages\/6364#wpcf7-f698-o1\" method=\"post\" class=\"wpcf7-form init\" aria-label=\"Contact form\" novalidate=\"novalidate\" data-status=\"init\" data-trp-original-action=\"\/de\/wp-json\/wp\/v2\/pages\/6364#wpcf7-f698-o1\">\n<div style=\"display: none;\">\n<input type=\"hidden\" name=\"_wpcf7\" value=\"698\" \/>\n<input type=\"hidden\" name=\"_wpcf7_version\" value=\"6.0.6\" \/>\n<input type=\"hidden\" name=\"_wpcf7_locale\" value=\"en_US\" \/>\n<input type=\"hidden\" name=\"_wpcf7_unit_tag\" value=\"wpcf7-f698-o1\" \/>\n<input type=\"hidden\" name=\"_wpcf7_container_post\" value=\"0\" \/>\n<input type=\"hidden\" name=\"_wpcf7_posted_data_hash\" value=\"\" \/>\n<input type=\"hidden\" name=\"_wpcf7_recaptcha_response\" value=\"\" \/>\n<\/div>\n<div class=\"back-transp backformcontact\">\n\t<h2 class=\"mb-5\">Haben Sie Fragen?\n\t<\/h2>\n\t<div class=\"row\">\n\t\t<div class=\"form-group col-md-12\">\n\t\t\t<p><span class=\"wpcf7-form-control-wrap\" data-name=\"your-fname\"><input size=\"40\" maxlength=\"400\" class=\"wpcf7-form-control wpcf7-text wpcf7-validates-as-required\" aria-required=\"true\" aria-invalid=\"false\" placeholder=\"Name\" value=\"\" type=\"text\" name=\"your-fname\" \/><\/span>\n\t\t\t<\/p>\n\t\t<\/div>\n\t<\/div>\n\t<div class=\"row mb-3\">\n\t\t<div class=\"form-group col-md-12\">\n\t\t\t<p><span class=\"wpcf7-form-control-wrap\" data-name=\"your-email\"><input size=\"40\" maxlength=\"400\" class=\"wpcf7-form-control wpcf7-email wpcf7-validates-as-required wpcf7-text wpcf7-validates-as-email\" aria-required=\"true\" aria-invalid=\"false\" placeholder=\"E-Mail\" value=\"\" type=\"email\" name=\"your-email\" \/><\/span>\n\t\t\t<\/p>\n\t\t<\/div>\n\t<\/div>\n\t<div class=\"row mb-3\">\n\t\t<div class=\"form-group col-md-12\">\n\t\t\t<p><span class=\"wpcf7-form-control-wrap\" data-name=\"textarea-976\"><textarea cols=\"40\" rows=\"10\" maxlength=\"2000\" class=\"wpcf7-form-control wpcf7-textarea wpcf7-validates-as-required\" aria-required=\"true\" aria-invalid=\"false\" placeholder=\"Irgendetwas, das Sie uns mitteilen m\u00f6chten?\" name=\"textarea-976\"><\/textarea><\/span>\n\t\t\t<\/p>\n\t\t<\/div>\n\t<\/div>\n\t<div class=\"row\">\n\t\t<div class=\"col-md-12\">\n\t\t\t<p>Captcha\n\t\t\t<\/p>\n\t\t\t<p><input type=\"hidden\" name=\"_wpcf7_captcha_challenge_captcha-1\" value=\"3105900067\" \/><img decoding=\"async\" class=\"wpcf7-form-control wpcf7-captchac wpcf7-captcha-captcha-1 lazyload\" width=\"72\" height=\"24\" alt=\"captcha\" data-src=\"https:\/\/nextbrain.ai\/wp-content\/uploads\/wpcf7_captcha\/3105900067.png\" src=\"data:image\/svg+xml;base64,PHN2ZyB3aWR0aD0iMSIgaGVpZ2h0PSIxIiB4bWxucz0iaHR0cDovL3d3dy53My5vcmcvMjAwMC9zdmciPjwvc3ZnPg==\" style=\"--smush-placeholder-width: 72px; --smush-placeholder-aspect-ratio: 72\/24;\" \/><span class=\"wpcf7-form-control-wrap\" data-name=\"captcha-1\"><input size=\"40\" class=\"wpcf7-form-control wpcf7-captchar\" autocomplete=\"off\" aria-invalid=\"false\" value=\"\" type=\"text\" name=\"captcha-1\" \/><\/span>\n\t\t\t<\/p>\n\t\t<\/div>\n\t<\/div>\n\t<div class=\"row\">\n\t\t<div class=\"form-group buttoncenter mt-5 col-md-12\">\n\t\t\t<p><input class=\"wpcf7-form-control wpcf7-submit has-spinner btndarkcontact\" type=\"submit\" value=\"Senden\" \/>\n\t\t\t<\/p>\n\t\t<\/div>\n\t<\/div>\n<\/div><div class=\"wpcf7-response-output\" aria-hidden=\"true\"><\/div>\n<input type=\"hidden\" name=\"trp-form-language\" value=\"de\"\/><\/form>\n<\/div>\n<\/div>\n<\/div>\n<\/div>\n<div class=\"row mb-5 mt-5\">\n<div class=\"col-md-4 mb-4\">\n<div class=\"extrasupport extsup2 back-transp\">\n<div class=\"row\">\n<div class=\"col-md-2 mb-4\"><i class=\"bi bi-telephone-fill\"><\/i><\/div>\n<div class=\"col-md-10\">&nbsp;&nbsp;+34 910 054 348<\/div>\n<\/div>\n<\/div>\n<\/div>\n<div class=\"col-md-4 mb-4\">\n<div class=\"extrasupport extsup2 back-transp\">\n<div class=\"row\">\n<div class=\"col-md-2 mb-4\"><i class=\"bi bi-envelope-fill\"><\/i><\/div>\n<div class=\"col-md-10\">&nbsp;&nbsp;info@nextbrain.ai<\/div>\n<\/div>\n<\/div>\n<\/div>\n<div class=\"col-md-4 mb-4\">\n<div class=\"row extrasupport extsup2 back-transp\">\n<div class=\"row\">\n<div class=\"col-md-2 mb-4\"><i class=\"bi bi-geo-alt-fill\"><\/i><\/div>\n<div class=\"col-md-10\">Paseo de la Castellana, n.\u00ba 210<br \/>\nPlanta 5, puerta 8, 28046<br \/>\nMadrid, Spanien<\/div>\n<\/div>\n<\/div>\n<\/div>\n<\/div>\n<p><!--div class=\"row\">\n\n\n<div class=\"col-md-12\">\n\n\n<div class=\"container mt-5 mb-5 mmmcontainer\">\n\n\n<h2 class=\"mt-5 mb-5\">Who is behind NextBrain<\/h2>\n\n\n\n\n<div class=\"row\">\n\n\n<div class=\"col-md-6\">\n<img decoding=\"async\" class=\"mb-4 lazyload\" data-src=\"\/wp-content\/themes\/twentytwenty\/assets\/images\/softp.png\" src=\"data:image\/svg+xml;base64,PHN2ZyB3aWR0aD0iMSIgaGVpZ2h0PSIxIiB4bWxucz0iaHR0cDovL3d3dy53My5vcmcvMjAwMC9zdmciPjwvc3ZnPg==\" style=\"--smush-placeholder-width: 590px; --smush-placeholder-aspect-ratio: 590\/408;\"><\/div>\n\n\n\n\n<div class=\"col-md-6 text-left\">\nNextBrain was built by Softpoint Consultores, a software development company located in Madrid, Spain that has specialised in Internet solutions for more than 15 years across more than 10 countries and in five languages.\n\n<strong><em>- Juan de Portugal<\/em><\/strong>\n\n\n<p class=\"mt-5 mb-5\"><a href=\"\/contact-us\" class=\"btndark\">Read more<\/a><\/p>\n\n\n\n<\/div>\n\n\n<\/div>\n\n\n<\/div>\n\n\n<\/div>\n\n\n<\/div-->\n<div class=\"row\">\n<div class=\"col-md-12 mb-5 mt-5\">\n<div class=\"extrasupport back-transp\">\n<h2 class=\"text-center mt-2 mb-5\">Unsere Partner<\/h2>\n<p><a href=\"https:\/\/dataslayer.ai\" target=\"_blank\" rel=\"noopener\"><img decoding=\"async\" data-src=\"\/wp-content\/themes\/twentytwenty\/assets\/images\/ourpartners.png\" src=\"data:image\/svg+xml;base64,PHN2ZyB3aWR0aD0iMSIgaGVpZ2h0PSIxIiB4bWxucz0iaHR0cDovL3d3dy53My5vcmcvMjAwMC9zdmciPjwvc3ZnPg==\" class=\"lazyload\" style=\"--smush-placeholder-width: 960px; --smush-placeholder-aspect-ratio: 960\/63;\"><\/a><\/p>\n<\/div>\n<\/div>\n<\/div>\n<\/div>","protected":false},"excerpt":{"rendered":"<p>THE TEAM Executive Team Juan de Portugal Partner LinkedIn profile Mike Barr Partner LinkedIn profile Marinela Martinez Admin &nbsp; Fernando Perez CTO LinkedIn profile Software [&hellip;]<\/p>\n","protected":false},"author":1,"featured_media":0,"parent":0,"menu_order":0,"comment_status":"closed","ping_status":"closed","template":"","meta":{"footnotes":""},"class_list":["post-6364","page","type-page","status-publish","hentry"],"yoast_head":"<!-- This site is optimized with the Yoast SEO plugin v25.6 - https:\/\/yoast.com\/wordpress\/plugins\/seo\/ -->\n<title>About us - NextBrain AI | No-Code Machine Learning<\/title>\n<meta name=\"robots\" content=\"index, follow, max-snippet:-1, max-image-preview:large, max-video-preview:-1\" \/>\n<link rel=\"canonical\" href=\"https:\/\/nextbrain.ai\/de\/about-us\" \/>\n<meta property=\"og:locale\" content=\"de_DE\" \/>\n<meta property=\"og:type\" content=\"article\" \/>\n<meta property=\"og:title\" content=\"About us - NextBrain AI | No-Code Machine Learning\" \/>\n<meta property=\"og:description\" content=\"THE TEAM Executive Team Juan de Portugal Partner LinkedIn profile Mike Barr Partner LinkedIn profile Marinela Martinez Admin &nbsp; Fernando Perez CTO LinkedIn profile Software [&hellip;]\" \/>\n<meta property=\"og:url\" content=\"https:\/\/nextbrain.ai\/de\/about-us\" \/>\n<meta property=\"og:site_name\" content=\"NextBrain AI | No-Code Machine Learning\" \/>\n<meta property=\"article:modified_time\" content=\"2026-02-04T10:51:37+00:00\" \/>\n<meta property=\"og:image\" content=\"https:\/\/cdn.prod.website-files.com\/67d98efa3c5d0123cacc618b\/67dc47b8cc2ce1d2b8b6c23f_Juan-1.webp\" \/>\n<meta name=\"twitter:card\" content=\"summary_large_image\" \/>\n<meta name=\"twitter:site\" content=\"@nextbrain_ai\" \/>\n<meta name=\"twitter:label1\" content=\"Gesch\u00e4tzte Lesezeit\" \/>\n\t<meta name=\"twitter:data1\" content=\"5\u00a0Minuten\" \/>\n<!-- \/ Yoast SEO plugin. -->","yoast_head_json":{"title":"\u00dcber uns - NextBrain AI | No-Code Machine Learning","robots":{"index":"index","follow":"follow","max-snippet":"max-snippet:-1","max-image-preview":"max-image-preview:large","max-video-preview":"max-video-preview:-1"},"canonical":"https:\/\/nextbrain.ai\/de\/about-us","og_locale":"de_DE","og_type":"article","og_title":"About us - NextBrain AI | No-Code Machine Learning","og_description":"THE TEAM Executive Team Juan de Portugal Partner LinkedIn profile Mike Barr Partner LinkedIn profile Marinela Martinez Admin &nbsp; Fernando Perez CTO LinkedIn profile Software [&hellip;]","og_url":"https:\/\/nextbrain.ai\/de\/about-us","og_site_name":"NextBrain AI | No-Code Machine Learning","article_modified_time":"2026-02-04T10:51:37+00:00","og_image":[{"url":"https:\/\/cdn.prod.website-files.com\/67d98efa3c5d0123cacc618b\/67dc47b8cc2ce1d2b8b6c23f_Juan-1.webp","type":"","width":"","height":""}],"twitter_card":"summary_large_image","twitter_site":"@nextbrain_ai","twitter_misc":{"Gesch\u00e4tzte Lesezeit":"5\u00a0Minuten"},"schema":{"@context":"https:\/\/schema.org","@graph":[{"@type":"WebPage","@id":"https:\/\/nextbrain.ai\/about-us","url":"https:\/\/nextbrain.ai\/about-us","name":"\u00dcber uns - NextBrain AI | No-Code Machine Learning","isPartOf":{"@id":"https:\/\/nextbrain.ai\/#website"},"primaryImageOfPage":{"@id":"https:\/\/nextbrain.ai\/about-us#primaryimage"},"image":{"@id":"https:\/\/nextbrain.ai\/about-us#primaryimage"},"thumbnailUrl":"https:\/\/cdn.prod.website-files.com\/67d98efa3c5d0123cacc618b\/67dc47b8cc2ce1d2b8b6c23f_Juan-1.webp","datePublished":"2024-03-04T09:33:42+00:00","dateModified":"2026-02-04T10:51:37+00:00","breadcrumb":{"@id":"https:\/\/nextbrain.ai\/about-us#breadcrumb"},"inLanguage":"de","potentialAction":[{"@type":"ReadAction","target":["https:\/\/nextbrain.ai\/about-us"]}]},{"@type":"ImageObject","inLanguage":"de","@id":"https:\/\/nextbrain.ai\/about-us#primaryimage","url":"https:\/\/cdn.prod.website-files.com\/67d98efa3c5d0123cacc618b\/67dc47b8cc2ce1d2b8b6c23f_Juan-1.webp","contentUrl":"https:\/\/cdn.prod.website-files.com\/67d98efa3c5d0123cacc618b\/67dc47b8cc2ce1d2b8b6c23f_Juan-1.webp"},{"@type":"BreadcrumbList","@id":"https:\/\/nextbrain.ai\/about-us#breadcrumb","itemListElement":[{"@type":"ListItem","position":1,"name":"Portada","item":"https:\/\/nextbrain.ai\/"},{"@type":"ListItem","position":2,"name":"About us"}]},{"@type":"WebSite","@id":"https:\/\/nextbrain.ai\/#website","url":"https:\/\/nextbrain.ai\/","name":"NextBrain AI | No-Code Machine Learning","description":"Upgrade your decision-making","publisher":{"@id":"https:\/\/nextbrain.ai\/#organization"},"potentialAction":[{"@type":"SearchAction","target":{"@type":"EntryPoint","urlTemplate":"https:\/\/nextbrain.ai\/?s={search_term_string}"},"query-input":{"@type":"PropertyValueSpecification","valueRequired":true,"valueName":"search_term_string"}}],"inLanguage":"de"},{"@type":"Organization","@id":"https:\/\/nextbrain.ai\/#organization","name":"NextBrain.ai","url":"https:\/\/nextbrain.ai\/","logo":{"@type":"ImageObject","inLanguage":"de","@id":"https:\/\/nextbrain.ai\/#\/schema\/logo\/image\/","url":"http:\/\/nextbrain.ai\/wp-content\/uploads\/2022\/01\/logoNext.png","contentUrl":"http:\/\/nextbrain.ai\/wp-content\/uploads\/2022\/01\/logoNext.png","width":270,"height":96,"caption":"NextBrain.ai"},"image":{"@id":"https:\/\/nextbrain.ai\/#\/schema\/logo\/image\/"},"sameAs":["https:\/\/x.com\/nextbrain_ai","https:\/\/www.linkedin.com\/company\/nextbrain-ai\/","https:\/\/www.youtube.com\/channel\/UCpRhfXZE3YEdfgp2K0U9kxQ","https:\/\/github.com\/NextBrain-ai"]}]}},"_links":{"self":[{"href":"https:\/\/nextbrain.ai\/de\/wp-json\/wp\/v2\/pages\/6364"}],"collection":[{"href":"https:\/\/nextbrain.ai\/de\/wp-json\/wp\/v2\/pages"}],"about":[{"href":"https:\/\/nextbrain.ai\/de\/wp-json\/wp\/v2\/types\/page"}],"author":[{"embeddable":true,"href":"https:\/\/nextbrain.ai\/de\/wp-json\/wp\/v2\/users\/1"}],"replies":[{"embeddable":true,"href":"https:\/\/nextbrain.ai\/de\/wp-json\/wp\/v2\/comments?post=6364"}],"version-history":[{"count":51,"href":"https:\/\/nextbrain.ai\/de\/wp-json\/wp\/v2\/pages\/6364\/revisions"}],"predecessor-version":[{"id":8708,"href":"https:\/\/nextbrain.ai\/de\/wp-json\/wp\/v2\/pages\/6364\/revisions\/8708"}],"wp:attachment":[{"href":"https:\/\/nextbrain.ai\/de\/wp-json\/wp\/v2\/media?parent=6364"}],"curies":[{"name":"wp","href":"https:\/\/api.w.org\/{rel}","templated":true}]}}