{"id":6169,"date":"2024-02-27T10:08:09","date_gmt":"2024-02-27T09:08:09","guid":{"rendered":"http:\/\/nextbrain.ai\/?page_id=6169"},"modified":"2024-03-20T10:39:26","modified_gmt":"2024-03-20T09:39:26","slug":"security","status":"publish","type":"page","link":"https:\/\/nextbrain.ai\/de\/security","title":{"rendered":"Sicherheit"},"content":{"rendered":"<p>NextBrain verpflichtet sich zur Sicherheit der Daten, die Sie mit uns verarbeiten. Zu diesem Zweck haben wir unsere Systeme von Grund auf nach den besten Praktiken in Sicherheit und Datenschutz aufgebaut.<\/p>\n<p><strong>Informationssicherheit<\/strong><\/p>\n<ol>\n<li>Wenn Sie Datens\u00e4tze zu NextBrain hochladen, werden sie verschl\u00fcsselt gespeichert. Nur diejenigen, mit denen Sie sie ausdr\u00fccklich teilen, haben Zugriff.<\/li>\n<li>Alle Daten und Statistiken, die mit einem Datensatz verbunden sind, werden vollst\u00e4ndig gel\u00f6scht, wenn Sie das damit verbundene Model l\u00f6schen.<\/li>\n<li>Alle Models und Datens\u00e4tze, die mit einem Workspace verbunden sind, werden vollst\u00e4ndig gel\u00f6scht, wenn Sie den Workspace selbst l\u00f6schen.<\/li>\n<li>Alle Import-Einstellungen mit Automatisierung oder Planung, die Sie durchf\u00fchren, sind 100% verschl\u00fcsselt. Zum Beispiel beim Speichern von Datenbankanmeldedaten, aus denen Sie Informationen extrahieren m\u00f6chten.<\/li>\n<li>Zu keinem Zeitpunkt wird ein Zugangspasswort zu Ihren Diensten an Sie oder autorisierte Personen zur\u00fcckgesendet. Sie k\u00f6nnen es jedoch jederzeit l\u00f6schen.<\/li>\n<li>Die Daten, die wir in den verschiedenen Prozessen bearbeiten, bevor sie dem Benutzer angezeigt werden, sind ebenfalls verschl\u00fcsselt, wenn sie zwischen den Systemen der verschiedenen Technologien reisen, die wir verwenden.<\/li>\n<li>Alle unsere Verbindungen von unseren verschiedenen Anwendungen verwenden standardisierte kryptografische Protokolle (TLS)<\/li>\n<\/ol>\n<p><strong>Infrastruktursicherheit<\/strong><\/p>\n<ol>\n<li>Wir haben t\u00e4gliche Backups f\u00fcr den Fall von Datenverlust oder Systemausf\u00e4llen, die au\u00dferhalb unserer Kontrolle liegen, in der Datenbank, in der wir die NextBrain-Informationen (Benutzeraufzeichnungen, Abfragedaten, usw.) speichern.<\/li>\n<li>Wir nutzen sowohl Amazon Web Services als auch Google Cloud Platform f\u00fcr unsere Dienste und profitieren von den robusten Sicherheitsrahmen, die diese Plattformen bieten, da beide Organisationen die Vorschriften einhalten, die f\u00fcr die wichtigsten Zertifizierungen der Welt erforderlich sind.<\/li>\n<li>NextBrain kann eigenst\u00e4ndig implementiert werden<\/li>\n<li>F\u00fcr <strong>erweiterte Sicherheit<\/strong>, Sie k\u00f6nnen w\u00e4hlen, wie Sie unsere L\u00f6sung am besten an Ihre Bed\u00fcrfnisse anpassen. Dies umfasst die Installation auf Ihren eigenen physischen Servern oder die Bereitstellung in Ihrer bevorzugten Cloud-Umgebung, wie z.B. AWS, GCP oder einem anderen Anbieter. Dieser Ansatz bietet nicht nur die Flexibilit\u00e4t, innerhalb vertrauter Infrastrukturen zu arbeiten, sondern erm\u00f6glicht auch die Anwendung zus\u00e4tzlicher Sicherheitsma\u00dfnahmen, wie die Implementierung eines VPN oder die vollst\u00e4ndige Isolierung des Systems vom externen Netzwerkzugang, um den bestm\u00f6glichen Schutz Ihrer Daten zu gew\u00e4hrleisten.<\/li>\n<\/ol>\n<p><strong>Berechtigungsmanagement<\/strong><\/p>\n<ol>\n<li>Alle Berechtigungen, die f\u00fcr den Zugriff auf Google Sheets angefordert werden, verwenden das OAuth2-Protokoll. Dieses Protokoll besteht aus der Verwendung von tempor\u00e4ren Tokens (sogenannten Zugriffstokens), die die zuvor vom Benutzer akzeptierten Berechtigungen haben.<\/li>\n<\/ol>\n<p><strong>Zertifizierungen<\/strong><\/p>\n<ol>\n<li>NextBrain befindet sich im Prozess der Erlangung der ISO 27007-Zertifizierung f\u00fcr Informationssicherheitsmanagementsysteme.<\/li>\n<\/ol>\n<p>Wenn Sie Fragen haben, k\u00f6nnen Sie unsere\u00a0<a href=\"\/de\/privacy-policy\/\">Datenschutzrichtlinie\u00a0<\/a>oder unsere\u00a0<a href=\"\/de\/terms-and-conditions\/\">Allgemeine Gesch\u00e4ftsbedingungen<\/a>.<br \/>\nSie k\u00f6nnen uns auch unter folgender E-Mail-Adresse kontaktieren:\u00a0<a href=\"mailto:info@nextbrain.ai\">info@nextbrain.ai<\/a><\/p>","protected":false},"excerpt":{"rendered":"<p>NextBrain is committed to the security of the data you process with us. To that end, we have built our systems from the ground up [&hellip;]<\/p>\n","protected":false},"author":1,"featured_media":0,"parent":0,"menu_order":0,"comment_status":"closed","ping_status":"closed","template":"","meta":{"footnotes":""},"class_list":["post-6169","page","type-page","status-publish","hentry"],"yoast_head":"<!-- This site is optimized with the Yoast SEO plugin v25.6 - https:\/\/yoast.com\/wordpress\/plugins\/seo\/ -->\n<title>Security - NextBrain AI | No-Code Machine Learning<\/title>\n<meta name=\"robots\" content=\"index, follow, max-snippet:-1, max-image-preview:large, max-video-preview:-1\" \/>\n<link rel=\"canonical\" href=\"https:\/\/nextbrain.ai\/de\/security\" \/>\n<meta property=\"og:locale\" content=\"de_DE\" \/>\n<meta property=\"og:type\" content=\"article\" \/>\n<meta property=\"og:title\" content=\"Security - NextBrain AI | No-Code Machine Learning\" \/>\n<meta property=\"og:description\" content=\"NextBrain is committed to the security of the data you process with us. To that end, we have built our systems from the ground up [&hellip;]\" \/>\n<meta property=\"og:url\" content=\"https:\/\/nextbrain.ai\/de\/security\" \/>\n<meta property=\"og:site_name\" content=\"NextBrain AI | No-Code Machine Learning\" \/>\n<meta property=\"article:modified_time\" content=\"2024-03-20T09:39:26+00:00\" \/>\n<meta property=\"og:image\" content=\"https:\/\/nextbrain.ai\/wp-content\/uploads\/2022\/01\/logoNext.png\" \/>\n\t<meta property=\"og:image:width\" content=\"270\" \/>\n\t<meta property=\"og:image:height\" content=\"96\" \/>\n\t<meta property=\"og:image:type\" content=\"image\/png\" \/>\n<meta name=\"twitter:card\" content=\"summary_large_image\" \/>\n<meta name=\"twitter:site\" content=\"@nextbrain_ai\" \/>\n<meta name=\"twitter:label1\" content=\"Gesch\u00e4tzte Lesezeit\" \/>\n\t<meta name=\"twitter:data1\" content=\"2\u00a0Minuten\" \/>\n<!-- \/ Yoast SEO plugin. -->","yoast_head_json":{"title":"Sicherheit - NextBrain AI | No-Code Machine Learning","robots":{"index":"index","follow":"follow","max-snippet":"max-snippet:-1","max-image-preview":"max-image-preview:large","max-video-preview":"max-video-preview:-1"},"canonical":"https:\/\/nextbrain.ai\/de\/security","og_locale":"de_DE","og_type":"article","og_title":"Security - NextBrain AI | No-Code Machine Learning","og_description":"NextBrain is committed to the security of the data you process with us. To that end, we have built our systems from the ground up [&hellip;]","og_url":"https:\/\/nextbrain.ai\/de\/security","og_site_name":"NextBrain AI | No-Code Machine Learning","article_modified_time":"2024-03-20T09:39:26+00:00","og_image":[{"width":270,"height":96,"url":"https:\/\/nextbrain.ai\/wp-content\/uploads\/2022\/01\/logoNext.png","type":"image\/png"}],"twitter_card":"summary_large_image","twitter_site":"@nextbrain_ai","twitter_misc":{"Gesch\u00e4tzte Lesezeit":"2\u00a0Minuten"},"schema":{"@context":"https:\/\/schema.org","@graph":[{"@type":"WebPage","@id":"https:\/\/nextbrain.ai\/security","url":"https:\/\/nextbrain.ai\/security","name":"Sicherheit - NextBrain AI | No-Code Machine Learning","isPartOf":{"@id":"https:\/\/nextbrain.ai\/#website"},"datePublished":"2024-02-27T09:08:09+00:00","dateModified":"2024-03-20T09:39:26+00:00","breadcrumb":{"@id":"https:\/\/nextbrain.ai\/security#breadcrumb"},"inLanguage":"de","potentialAction":[{"@type":"ReadAction","target":["https:\/\/nextbrain.ai\/security"]}]},{"@type":"BreadcrumbList","@id":"https:\/\/nextbrain.ai\/security#breadcrumb","itemListElement":[{"@type":"ListItem","position":1,"name":"Portada","item":"https:\/\/nextbrain.ai\/"},{"@type":"ListItem","position":2,"name":"Security"}]},{"@type":"WebSite","@id":"https:\/\/nextbrain.ai\/#website","url":"https:\/\/nextbrain.ai\/","name":"NextBrain AI | No-Code Machine Learning","description":"Upgrade your decision-making","publisher":{"@id":"https:\/\/nextbrain.ai\/#organization"},"potentialAction":[{"@type":"SearchAction","target":{"@type":"EntryPoint","urlTemplate":"https:\/\/nextbrain.ai\/?s={search_term_string}"},"query-input":{"@type":"PropertyValueSpecification","valueRequired":true,"valueName":"search_term_string"}}],"inLanguage":"de"},{"@type":"Organization","@id":"https:\/\/nextbrain.ai\/#organization","name":"NextBrain.ai","url":"https:\/\/nextbrain.ai\/","logo":{"@type":"ImageObject","inLanguage":"de","@id":"https:\/\/nextbrain.ai\/#\/schema\/logo\/image\/","url":"http:\/\/nextbrain.ai\/wp-content\/uploads\/2022\/01\/logoNext.png","contentUrl":"http:\/\/nextbrain.ai\/wp-content\/uploads\/2022\/01\/logoNext.png","width":270,"height":96,"caption":"NextBrain.ai"},"image":{"@id":"https:\/\/nextbrain.ai\/#\/schema\/logo\/image\/"},"sameAs":["https:\/\/x.com\/nextbrain_ai","https:\/\/www.linkedin.com\/company\/nextbrain-ai\/","https:\/\/www.youtube.com\/channel\/UCpRhfXZE3YEdfgp2K0U9kxQ","https:\/\/github.com\/NextBrain-ai"]}]}},"_links":{"self":[{"href":"https:\/\/nextbrain.ai\/de\/wp-json\/wp\/v2\/pages\/6169"}],"collection":[{"href":"https:\/\/nextbrain.ai\/de\/wp-json\/wp\/v2\/pages"}],"about":[{"href":"https:\/\/nextbrain.ai\/de\/wp-json\/wp\/v2\/types\/page"}],"author":[{"embeddable":true,"href":"https:\/\/nextbrain.ai\/de\/wp-json\/wp\/v2\/users\/1"}],"replies":[{"embeddable":true,"href":"https:\/\/nextbrain.ai\/de\/wp-json\/wp\/v2\/comments?post=6169"}],"version-history":[{"count":9,"href":"https:\/\/nextbrain.ai\/de\/wp-json\/wp\/v2\/pages\/6169\/revisions"}],"predecessor-version":[{"id":6788,"href":"https:\/\/nextbrain.ai\/de\/wp-json\/wp\/v2\/pages\/6169\/revisions\/6788"}],"wp:attachment":[{"href":"https:\/\/nextbrain.ai\/de\/wp-json\/wp\/v2\/media?parent=6169"}],"curies":[{"name":"wp","href":"https:\/\/api.w.org\/{rel}","templated":true}]}}