{"id":5983,"date":"2023-11-14T09:17:42","date_gmt":"2023-11-14T08:17:42","guid":{"rendered":"http:\/\/nextbrain.ai\/?page_id=5983"},"modified":"2023-11-14T09:21:31","modified_gmt":"2023-11-14T08:21:31","slug":"user-terms","status":"publish","type":"page","link":"https:\/\/nextbrain.ai\/de\/user-terms","title":{"rendered":"Nutzungsbedingungen"},"content":{"rendered":"<p>Nutzungsbedingungen f\u00fcr die NextBrain.ai Plattform (\u201cNutzungsbedingungen\u201d)<\/p>\n<p>G\u00fcltigkeitsdatum: 1. Oktober 2023<\/p>\n<p>Diese Nutzungsbedingungen (die \u201cNutzungsbedingungen\u201d) beschreiben Ihre Rechte, Pflichten und Verpflichtungen bei der Nutzung der NextBrain.ai Software-as-a-Service-L\u00f6sungen f\u00fcr das Management von Wettervorhersagen (die \u201cNextBrain.ai Plattform\u201d) als \u201cAutorisierter Benutzer\u201d.<\/p>\n<p>Diese Vereinbarung beschreibt, wie wir zusammenarbeiten werden und andere Aspekte unserer Gesch\u00e4ftsbeziehung. Es handelt sich um ein rechtliches Dokument, daher ist ein Teil der Sprache notwendigerweise \u201cRechtsjargon\u201d, aber wir haben versucht, es so lesbar wie m\u00f6glich zu gestalten.<\/p>\n<p>Sie greifen auf die NextBrain.ai Plattform im Namen eines NextBrain.ai \u201cKunden\u201d zu und nutzen sie. Dazu m\u00fcssen Sie sich in ein \u201cKundenkonto\u201d einloggen.<\/p>\n<p>Ein Kunde ist eine juristische Person (typischerweise Ihr Arbeitgeber), die (i) separat unseren Kundenbedingungen f\u00fcr die NextBrain.ai Plattform (\u201cKundenbedingungen\u201d) zugestimmt hat oder (ii) einen individuellen schriftlichen Vertrag mit uns \u00fcber die Nutzung der NextBrain.ai Plattform abgeschlossen hat (in jedem Fall die \u201cVereinbarung\u201d).<\/p>\n<p>\u201eNextBrain.ai\u201c, \u201ewir\u201c, \u201eunser\u201c und \u201euns\u201c bedeutet NextBrain AI S.L.<a href=\"\/de\/\">http:\/\/NextBrain.ai<\/a>), eine Gesellschaft mit beschr\u00e4nkter Haftung mit Sitz Paseo de la Castellana, n.\u00ba 210, 5. Etage, T\u00fcr 8. 28046, Madrid und der eingetragenen Nummer B13823448 sowie gegebenenfalls unseren Tochtergesellschaften innerhalb unserer Gruppe. Wenn Sie auf die NextBrain.ai Plattform zugreifen oder diese nutzen oder weiterhin auf die NextBrain.ai Plattform zugreifen oder diese nutzen, nachdem Sie \u00fcber eine \u00c4nderung der Nutzungsbedingungen informiert wurden, best\u00e4tigen Sie, dass Sie die Nutzungsbedingungen gelesen haben, diese verstehen und zustimmen, an die Nutzungsbedingungen gebunden zu sein. Sie stellen eine rechtlich bindende Vereinbarung zwischen Ihnen und uns dar. Wenn Sie gegen die Nutzungsbedingungen versto\u00dfen, k\u00f6nnen wir den Zugang von Ihnen und dem Kunden zur NextBrain.ai Plattform aussetzen und alle uns unter diesen Nutzungsbedingungen und dem Vertrag zur Verf\u00fcgung stehenden Rechtsmittel verfolgen.<\/p>\n<h2>1. Benutzerverwaltung<\/h2>\n<p>Es liegt in der Verantwortung des Kunden, die autorisierten Benutzer, die mit seinem Kundenkonto verbunden sind, zu verwalten. Insbesondere kann der Kunde Ihre Kontoeinstellungen oder Berechtigungen \u00e4ndern oder Ihren Zugang zur NextBrain.ai Plattform jederzeit beenden. Sie m\u00fcssen Ihre Anmeldedaten f\u00fcr das Kundenkonto jederzeit sicher und vertraulich aufbewahren.<\/p>\n<h2>2. Kundendaten<\/h2>\n<p>Als autorisierter Benutzer k\u00f6nnen Sie bestimmte Inhalte auf die NextBrain.ai Plattform hochladen, wie z.B. Informationen \u00fcber Fahrzeuge oder Fahrer (\u201eKundendaten\u201c). Sie erkennen an und stimmen zu, dass die Kundendaten dem Kunden geh\u00f6ren und dass Sie Kundendaten nur in \u00dcbereinstimmung mit den Richtlinien, Anweisungen, Policies und Praktiken des Kunden, die f\u00fcr die Verarbeitung von Kundendaten und die Nutzung der NextBrain.ai Plattform relevant sind, hochladen d\u00fcrfen. Wir sind nicht verantwortlich f\u00fcr den Inhalt von Kundendaten. Wir verarbeiten die Kundendaten im Auftrag des Kunden und gem\u00e4\u00df den Anweisungen des Kunden.<\/p>\n<h2>3. Ordentliche Nutzung<\/h2>\n<p>Sie stimmen zu, dass Sie die NextBrain.ai Plattform nicht verwenden werden, um (i) Verbrechen oder Verst\u00f6\u00dfe gegen geltendes Recht zu begehen; (ii) einen Virus zu speichern, zu \u00fcbertragen oder zu verbreiten; (iii) Material zu speichern oder zu senden, das b\u00f6sartig oder technologisch sch\u00e4dlich oder gegen das Prinzip von Treu und Glauben ist oder anderweitig illegal, anst\u00f6\u00dfig oder obsz\u00f6n ist; (iv) in Teile der NextBrain.ai Plattform einzudringen oder diese zur\u00fcckzuentwickeln; (v) Daten zu korrumpieren; (vi) andere Benutzer zu st\u00f6ren; (vii) die geistigen Eigentumsrechte anderer zu verletzen; (viii) unaufgeforderte Werbung oder Marketingmaterial zu senden; oder (ix) zu versuchen, die Leistung oder Funktionalit\u00e4t der NextBrain.ai Plattform oder von \u00fcber die NextBrain.ai Plattform zug\u00e4nglichen Computersystemen zu beeinflussen.<\/p>\n<h2>4. G\u00fcltigkeit<\/h2>\n<p>Diese Nutzungsbedingungen bleiben wirksam, bis Ihr Zugang zu den NextBrain.ai Plattformen vom Kunden oder von uns beendet wurde.<\/p>\n<h2>5. Anwendbares Recht und Gerichtsstand<\/h2>\n<p>Diese Nutzungsbedingungen unterliegen spanischem Recht mit Ausnahme des UN-Kaufrechts (CISG) und jeglicher Anwendung des internationalen Privatrechts (IPR). Der Gerichtsstand f\u00fcr alle rechtlichen Streitigkeiten, die aus oder im Zusammenhang mit diesem Vertrag entstehen, ist Madrid, Spanien, wobei wir das Recht haben, rechtliche Schritte gegen Sie an Ihrem allgemeinen Gerichtsstand einzuleiten, nach unserem Ermessen.<\/p>","protected":false},"excerpt":{"rendered":"<p>User Terms of Service for the NextBrain.ai Platform (\u201cUser Terms\u201d) Effective date: October 1, 2023 These User Terms of Service (the \u201cUser Terms\u201d) describe your [&hellip;]<\/p>\n","protected":false},"author":1,"featured_media":0,"parent":0,"menu_order":0,"comment_status":"closed","ping_status":"closed","template":"","meta":{"footnotes":""},"class_list":["post-5983","page","type-page","status-publish","hentry"],"yoast_head":"<!-- This site is optimized with the Yoast SEO plugin v25.6 - https:\/\/yoast.com\/wordpress\/plugins\/seo\/ -->\n<title>User Terms - NextBrain AI | No-Code Machine Learning<\/title>\n<meta name=\"robots\" content=\"index, follow, max-snippet:-1, max-image-preview:large, max-video-preview:-1\" \/>\n<link rel=\"canonical\" href=\"https:\/\/nextbrain.ai\/de\/user-terms\/\" \/>\n<meta property=\"og:locale\" content=\"de_DE\" \/>\n<meta property=\"og:type\" content=\"article\" \/>\n<meta property=\"og:title\" content=\"User Terms - NextBrain AI | No-Code Machine Learning\" \/>\n<meta property=\"og:description\" content=\"User Terms of Service for the NextBrain.ai Platform (\u201cUser Terms\u201d) Effective date: October 1, 2023 These User Terms of Service (the \u201cUser Terms\u201d) describe your [&hellip;]\" \/>\n<meta property=\"og:url\" content=\"https:\/\/nextbrain.ai\/de\/user-terms\/\" \/>\n<meta property=\"og:site_name\" content=\"NextBrain AI | No-Code Machine Learning\" \/>\n<meta property=\"article:modified_time\" content=\"2023-11-14T08:21:31+00:00\" \/>\n<meta property=\"og:image\" content=\"https:\/\/nextbrain.ai\/wp-content\/uploads\/2022\/01\/logoNext.png\" \/>\n\t<meta property=\"og:image:width\" content=\"270\" \/>\n\t<meta property=\"og:image:height\" content=\"96\" \/>\n\t<meta property=\"og:image:type\" content=\"image\/png\" \/>\n<meta name=\"twitter:card\" content=\"summary_large_image\" \/>\n<meta name=\"twitter:site\" content=\"@nextbrain_ai\" \/>\n<meta name=\"twitter:label1\" content=\"Gesch\u00e4tzte Lesezeit\" \/>\n\t<meta name=\"twitter:data1\" content=\"3\u00a0Minuten\" \/>\n<!-- \/ Yoast SEO plugin. -->","yoast_head_json":{"title":"Nutzungsbedingungen - NextBrain AI | No-Code Machine Learning","robots":{"index":"index","follow":"follow","max-snippet":"max-snippet:-1","max-image-preview":"max-image-preview:large","max-video-preview":"max-video-preview:-1"},"canonical":"https:\/\/nextbrain.ai\/de\/user-terms\/","og_locale":"de_DE","og_type":"article","og_title":"User Terms - NextBrain AI | No-Code Machine Learning","og_description":"User Terms of Service for the NextBrain.ai Platform (\u201cUser Terms\u201d) Effective date: October 1, 2023 These User Terms of Service (the \u201cUser Terms\u201d) describe your [&hellip;]","og_url":"https:\/\/nextbrain.ai\/de\/user-terms\/","og_site_name":"NextBrain AI | No-Code Machine Learning","article_modified_time":"2023-11-14T08:21:31+00:00","og_image":[{"width":270,"height":96,"url":"https:\/\/nextbrain.ai\/wp-content\/uploads\/2022\/01\/logoNext.png","type":"image\/png"}],"twitter_card":"summary_large_image","twitter_site":"@nextbrain_ai","twitter_misc":{"Gesch\u00e4tzte Lesezeit":"3\u00a0Minuten"},"schema":{"@context":"https:\/\/schema.org","@graph":[{"@type":"WebPage","@id":"https:\/\/nextbrain.ai\/es\/user-terms","url":"https:\/\/nextbrain.ai\/es\/user-terms","name":"Nutzungsbedingungen - NextBrain AI | No-Code Machine Learning","isPartOf":{"@id":"https:\/\/nextbrain.ai\/#website"},"datePublished":"2023-11-14T08:17:42+00:00","dateModified":"2023-11-14T08:21:31+00:00","breadcrumb":{"@id":"https:\/\/nextbrain.ai\/es\/user-terms#breadcrumb"},"inLanguage":"de","potentialAction":[{"@type":"ReadAction","target":["https:\/\/nextbrain.ai\/es\/user-terms"]}]},{"@type":"BreadcrumbList","@id":"https:\/\/nextbrain.ai\/es\/user-terms#breadcrumb","itemListElement":[{"@type":"ListItem","position":1,"name":"Portada","item":"https:\/\/nextbrain.ai\/"},{"@type":"ListItem","position":2,"name":"User Terms"}]},{"@type":"WebSite","@id":"https:\/\/nextbrain.ai\/#website","url":"https:\/\/nextbrain.ai\/","name":"NextBrain AI | No-Code Machine Learning","description":"Upgrade your decision-making","publisher":{"@id":"https:\/\/nextbrain.ai\/#organization"},"potentialAction":[{"@type":"SearchAction","target":{"@type":"EntryPoint","urlTemplate":"https:\/\/nextbrain.ai\/?s={search_term_string}"},"query-input":{"@type":"PropertyValueSpecification","valueRequired":true,"valueName":"search_term_string"}}],"inLanguage":"de"},{"@type":"Organization","@id":"https:\/\/nextbrain.ai\/#organization","name":"NextBrain.ai","url":"https:\/\/nextbrain.ai\/","logo":{"@type":"ImageObject","inLanguage":"de","@id":"https:\/\/nextbrain.ai\/#\/schema\/logo\/image\/","url":"http:\/\/nextbrain.ai\/wp-content\/uploads\/2022\/01\/logoNext.png","contentUrl":"http:\/\/nextbrain.ai\/wp-content\/uploads\/2022\/01\/logoNext.png","width":270,"height":96,"caption":"NextBrain.ai"},"image":{"@id":"https:\/\/nextbrain.ai\/#\/schema\/logo\/image\/"},"sameAs":["https:\/\/x.com\/nextbrain_ai","https:\/\/www.linkedin.com\/company\/nextbrain-ai\/","https:\/\/www.youtube.com\/channel\/UCpRhfXZE3YEdfgp2K0U9kxQ","https:\/\/github.com\/NextBrain-ai"]}]}},"_links":{"self":[{"href":"https:\/\/nextbrain.ai\/de\/wp-json\/wp\/v2\/pages\/5983"}],"collection":[{"href":"https:\/\/nextbrain.ai\/de\/wp-json\/wp\/v2\/pages"}],"about":[{"href":"https:\/\/nextbrain.ai\/de\/wp-json\/wp\/v2\/types\/page"}],"author":[{"embeddable":true,"href":"https:\/\/nextbrain.ai\/de\/wp-json\/wp\/v2\/users\/1"}],"replies":[{"embeddable":true,"href":"https:\/\/nextbrain.ai\/de\/wp-json\/wp\/v2\/comments?post=5983"}],"version-history":[{"count":2,"href":"https:\/\/nextbrain.ai\/de\/wp-json\/wp\/v2\/pages\/5983\/revisions"}],"predecessor-version":[{"id":5985,"href":"https:\/\/nextbrain.ai\/de\/wp-json\/wp\/v2\/pages\/5983\/revisions\/5985"}],"wp:attachment":[{"href":"https:\/\/nextbrain.ai\/de\/wp-json\/wp\/v2\/media?parent=5983"}],"curies":[{"name":"wp","href":"https:\/\/api.w.org\/{rel}","templated":true}]}}