{"id":4849,"date":"2023-05-31T09:48:34","date_gmt":"2023-05-31T07:48:34","guid":{"rendered":"http:\/\/nextbrain.ai\/?page_id=4849"},"modified":"2024-06-12T11:46:34","modified_gmt":"2024-06-12T09:46:34","slug":"marketing-mix-modeling","status":"publish","type":"page","link":"https:\/\/nextbrain.ai\/de\/marketing-mix-modeling","title":{"rendered":"Marketing Mix Modeling"},"content":{"rendered":"<div class=\"container mt-4\">\n<div class=\"row\">\n<div class=\"col-md-4 text-center mb-4\">\n<img decoding=\"async\" id=\"questionimg\" data-src=\"\/wp-content\/uploads\/2024\/03\/dollar.png\" alt=\"Frage\" src=\"data:image\/svg+xml;base64,PHN2ZyB3aWR0aD0iMSIgaGVpZ2h0PSIxIiB4bWxucz0iaHR0cDovL3d3dy53My5vcmcvMjAwMC9zdmciPjwvc3ZnPg==\" class=\"lazyload\" style=\"--smush-placeholder-width: 373px; --smush-placeholder-aspect-ratio: 373\/410;\"><\/div>\n<div class=\"col-md-8\">\n<strong>Wo investiere ich meinen n\u00e4chsten Dollar?<\/strong><br \/>\nMarketer sind sich nicht immer sicher, welche Werbeplattformen funktionieren und welche nicht\u2026<\/p>\n<div class=\"row whywait\">\n<div class=\"col-md-8 text-left\">Wir revolutionieren <strong>Marketing Mix Modeling<\/strong> mit KI. Neu oder Experte in MMM? Wir haben, was Sie brauchen, um erfolgreich zu sein.<\/div>\n<div class=\"col-md-4 text-center\"><img decoding=\"async\" class=\"imgmedium lazyload\" data-src=\"\/wp-content\/uploads\/2023\/05\/landing1.png\" src=\"data:image\/svg+xml;base64,PHN2ZyB3aWR0aD0iMSIgaGVpZ2h0PSIxIiB4bWxucz0iaHR0cDovL3d3dy53My5vcmcvMjAwMC9zdmciPjwvc3ZnPg==\" style=\"--smush-placeholder-width: 500px; --smush-placeholder-aspect-ratio: 500\/500;\"><\/div>\n<\/div>\n<\/div>\n<\/div>\n<\/div>\n<div class=\"container mt-5 p-5 mmmcontainer\">\n<div class=\"row\">\n<div class=\"col-md-8\">\n<div class=\"youtube-video-place embed-responsive embed-responsive-4by3\" data-yt-url=\"https:\/\/youtu.be\/1t1-SOpM8cc\"><iframe width=\"560\" height=\"315\" data-src=\"https:\/\/www.youtube.com\/embed\/1t1-SOpM8cc?si=1uvDaolnuvqXm8ON\" title=\"YouTube Video-Player\" frameborder=\"0\" allow=\"accelerometer; autoplay; clipboard-write; encrypted-media; gyroscope; picture-in-picture; web-share\" allowfullscreen src=\"data:image\/svg+xml;base64,PHN2ZyB3aWR0aD0iMSIgaGVpZ2h0PSIxIiB4bWxucz0iaHR0cDovL3d3dy53My5vcmcvMjAwMC9zdmciPjwvc3ZnPg==\" class=\"lazyload\" data-load-mode=\"1\"><\/iframe><\/div>\n<\/div>\n<div class=\"col-md-4 text-left\">\n<strong>Sehen Sie sich eine kurze Demo an<\/strong><\/p>\n<p>NextBrain AI: Entdecken Sie die Kraft von NextBrain AI und lernen Sie, wie Sie Ihre Rendite (ROI) durch effektives Marketing Mix Modeling maximieren k\u00f6nnen. In diesem Video tauchen wir in die Welt der datengest\u00fctzten Marketingstrategien ein und zeigen Ihnen, wie die Spitzentechnologie von NextBrain AI Ihnen helfen kann, informierte Entscheidungen zu treffen, die zu einer h\u00f6heren Rendite f\u00fchren.<\/p>\n<\/div>\n<\/div>\n<\/div>\n<div class=\"container mmmcontent col-md-8 offset-md-2 mt-4\">\n<div class=\"row mt-2 mb-5\">\n<div class=\"col-md-6\">\n<div class=\"backgrey\">\n<div class=\"row\">\n<div class=\"col-md-4\">\n<a href=\"#new\"><img decoding=\"async\" class=\"mt-3 lazyload\" data-src=\"\/wp-content\/uploads\/2023\/08\/megaphone.png\" src=\"data:image\/svg+xml;base64,PHN2ZyB3aWR0aD0iMSIgaGVpZ2h0PSIxIiB4bWxucz0iaHR0cDovL3d3dy53My5vcmcvMjAwMC9zdmciPjwvc3ZnPg==\" style=\"--smush-placeholder-width: 48px; --smush-placeholder-aspect-ratio: 48\/48;\"><\/a><\/div>\n<div class=\"col-md-8 pt-4 text-left\">\n<a href=\"#new\"><span class=\"titlebackgrey\">NEU in MMM?<\/span><br \/>\nLernen und wachsen Sie mit uns<br \/>\n<\/a><\/div>\n<\/div>\n<\/div>\n<\/div>\n<div class=\"col-md-6\">\n<div class=\"backgrey\">\n<div class=\"row\">\n<div class=\"col-md-4\">\n<a href=\"#expert\"><img decoding=\"async\" id=\"new\" class=\"mt-3 lazyload\" data-src=\"\/wp-content\/uploads\/2023\/08\/vectorimg.png\" src=\"data:image\/svg+xml;base64,PHN2ZyB3aWR0aD0iMSIgaGVpZ2h0PSIxIiB4bWxucz0iaHR0cDovL3d3dy53My5vcmcvMjAwMC9zdmciPjwvc3ZnPg==\" style=\"--smush-placeholder-width: 45px; --smush-placeholder-aspect-ratio: 45\/45;\"><\/a><\/div>\n<div class=\"col-md-8 pt-4 text-left\">\n<a href=\"#expert\"><span class=\"titlebackgrey\">MMM-Experte?<\/span><br \/>\nSteigern Sie Ihre Strategie<br \/>\n<\/a><\/div>\n<\/div>\n<\/div>\n<\/div>\n<\/div>\n<\/div>\n<div class=\"container mmmcontent pt-5 mt-4\">\n<div class=\"row\">\n<div class=\"text-left\">\n<div class=\"minititle\"> <strong>Neu in MMM:<\/strong> Lernen und wachsen Sie mit uns<\/div>\n<div class=\"mmmcontainer mt-4 mb-5 text-left\">\n<div class=\"row p-5\">\n<div class=\"col-md-2 offset-md-1 text-center\"><img decoding=\"async\" class=\"imgmedium lazyload\" data-src=\"\/wp-content\/uploads\/2023\/08\/questionmmm.png\" src=\"data:image\/svg+xml;base64,PHN2ZyB3aWR0aD0iMSIgaGVpZ2h0PSIxIiB4bWxucz0iaHR0cDovL3d3dy53My5vcmcvMjAwMC9zdmciPjwvc3ZnPg==\" style=\"--smush-placeholder-width: 140px; --smush-placeholder-aspect-ratio: 140\/140;\"><\/div>\n<div class=\"col-md-8\"><strong>MMM behandelt einige wichtige Fragen<\/strong>:<\/p>\n<ul>\n<li>Nutzen wir unser Marketingbudget optimal?<\/li>\n<li>Haben unsere verschiedenen Kanalinvestitionen einen Einfluss auf die Verbesserung unseres ROI?<\/li>\n<\/ul>\n<\/div>\n<\/div>\n<\/div>\n<p>Egal, ob Sie ein Gesch\u00e4ftsinhaber sind, der seine Marketingma\u00dfnahmen verstehen m\u00f6chte, oder ein Neuling, der in den Marketingbereich einsteigt, das Verst\u00e4ndnis des Konzepts des Marketing Mix Modeling ist ein Wendepunkt.<br \/>\n<strong>MMM erm\u00f6glicht es Vermarktern, ihr Marketingbudget zu optimieren, indem sie identifizieren, welche Kan\u00e4le den gr\u00f6\u00dften Return on Investment (ROI) erzielen.<\/strong><\/p>\n<\/div>\n<\/div>\n<\/div>\n<div class=\"backgroundgrey mt-5 mb-5\">\n<div class=\"container\">\n<div class=\"row pr-5 pl-5\">\n<div class=\"col-md-3\">\n<img decoding=\"async\" class=\"mt-3 imgmedium lazyload\" data-src=\"\/wp-content\/uploads\/2023\/06\/nb66.png\" src=\"data:image\/svg+xml;base64,PHN2ZyB3aWR0aD0iMSIgaGVpZ2h0PSIxIiB4bWxucz0iaHR0cDovL3d3dy53My5vcmcvMjAwMC9zdmciPjwvc3ZnPg==\" style=\"--smush-placeholder-width: 120px; --smush-placeholder-aspect-ratio: 120\/120;\"><\/p>\n<p>Messen Sie den Einfluss jedes Kanals<\/p>\n<\/div>\n<div class=\"col-md-3\">\n<img decoding=\"async\" class=\"mt-3 imgmedium lazyload\" data-src=\"\/wp-content\/uploads\/2023\/06\/nb77.png\" src=\"data:image\/svg+xml;base64,PHN2ZyB3aWR0aD0iMSIgaGVpZ2h0PSIxIiB4bWxucz0iaHR0cDovL3d3dy53My5vcmcvMjAwMC9zdmciPjwvc3ZnPg==\" style=\"--smush-placeholder-width: 120px; --smush-placeholder-aspect-ratio: 120\/120;\"><\/p>\n<p>Budgetallokation<\/p>\n<\/div>\n<div class=\"col-md-3\">\n<img decoding=\"async\" class=\"mt-3 imgmedium lazyload\" data-src=\"\/wp-content\/uploads\/2023\/06\/nb4.png\" src=\"data:image\/svg+xml;base64,PHN2ZyB3aWR0aD0iMSIgaGVpZ2h0PSIxIiB4bWxucz0iaHR0cDovL3d3dy53My5vcmcvMjAwMC9zdmciPjwvc3ZnPg==\" style=\"--smush-placeholder-width: 95px; --smush-placeholder-aspect-ratio: 95\/95;\"><\/p>\n<p>Steigern Sie Ihren ROAS<\/p>\n<\/div>\n<div class=\"col-md-3\">\n<img decoding=\"async\" class=\"mt-3 imgmedium lazyload\" data-src=\"\/wp-content\/uploads\/2023\/06\/nb5.png\" src=\"data:image\/svg+xml;base64,PHN2ZyB3aWR0aD0iMSIgaGVpZ2h0PSIxIiB4bWxucz0iaHR0cDovL3d3dy53My5vcmcvMjAwMC9zdmciPjwvc3ZnPg==\" style=\"--smush-placeholder-width: 95px; --smush-placeholder-aspect-ratio: 95\/95;\"><\/p>\n<p>Steigern Sie die Effektivit\u00e4t Ihrer Medienausgaben zur Steigerung des Umsatzes<\/p>\n<\/div>\n<\/div>\n<\/div>\n<\/div>\n<div class=\"container mmmcontent mt-4\">\n<div class=\"row\">\n<div class=\"col-md-12 text-left\">\n<p>In der heutigen komplexen Marketinglandschaft, mit verschiedenen Kan\u00e4len von Social Media \u00fcber E-Mail-Marketing, TV-Werbung, Radio-Werbung, Newsletter-Kampagnen bis hin zur Suchmaschinenoptimierung, liegt die St\u00e4rke von MMM in seiner F\u00e4higkeit, diese verschiedenen Faktoren zu filtern und ihren relativen Einfluss zu bestimmen. Dadurch hilft es, Ihr Marketingbudget zu optimieren, indem es identifiziert, welche Kan\u00e4le den gr\u00f6\u00dften Return erzielen.<br \/>\nBei NextBrain vereinfachen wir MMM. Angetrieben von fortschrittlichen KI-Algorithmen bietet unsere Web-App eine schnelle, effiziente M\u00f6glichkeit, Ihren Marketing-Mix zu analysieren und Erkenntnisse zu liefern, die Ihre Strategie effektiver machen k\u00f6nnen.<\/p>\n<\/div>\n<\/div>\n<\/div>\n<div class=\"pt-5\">\n<div class=\"container text-center\">\n<div class=\"row\">\n<div class=\"col-md-12 mb-4\">\n<h2 class=\"text-center pb-3\">HAUPTVORTEILE<\/h2>\n<\/div>\n<div class=\"col-md-4\">\n<img decoding=\"async\" class=\"mt-3 mb-4 imgmedium lazyload\" data-src=\"\/wp-content\/uploads\/2023\/06\/nb10.png\" src=\"data:image\/svg+xml;base64,PHN2ZyB3aWR0aD0iMSIgaGVpZ2h0PSIxIiB4bWxucz0iaHR0cDovL3d3dy53My5vcmcvMjAwMC9zdmciPjwvc3ZnPg==\" style=\"--smush-placeholder-width: 95px; --smush-placeholder-aspect-ratio: 95\/95;\"><\/p>\n<p>Die Leistung verschiedener Szenarien genau bewerten<\/p>\n<\/div>\n<div class=\"col-md-4\">\n<img decoding=\"async\" class=\"mt-3 mb-4 imgmedium lazyload\" data-src=\"\/wp-content\/uploads\/2023\/06\/nb11.png\" src=\"data:image\/svg+xml;base64,PHN2ZyB3aWR0aD0iMSIgaGVpZ2h0PSIxIiB4bWxucz0iaHR0cDovL3d3dy53My5vcmcvMjAwMC9zdmciPjwvc3ZnPg==\" style=\"--smush-placeholder-width: 95px; --smush-placeholder-aspect-ratio: 95\/95;\"><\/p>\n<p>Fortgeschrittene Datenvorverarbeitung mit modernsten generativen KI-Techniken<\/p>\n<\/div>\n<div class=\"col-md-4\">\n<img decoding=\"async\" class=\"mt-3 mb-4 imgmedium lazyload\" data-src=\"\/wp-content\/uploads\/2023\/06\/nb12.png\" src=\"data:image\/svg+xml;base64,PHN2ZyB3aWR0aD0iMSIgaGVpZ2h0PSIxIiB4bWxucz0iaHR0cDovL3d3dy53My5vcmcvMjAwMC9zdmciPjwvc3ZnPg==\" style=\"--smush-placeholder-width: 95px; --smush-placeholder-aspect-ratio: 95\/95;\"><\/p>\n<p>Eine benutzerfreundliche und anpassbare Benutzeroberfl\u00e4che<\/p>\n<\/div>\n<\/div>\n<\/div>\n<\/div>\n<div class=\"container mt-5 mb-5\">\n<div class=\"row\">\n<div class=\"col-md-12\">\n<div id=\"expert\" class=\"mmmcontainer p-5 text-center\">\n<div class=\"col-md-8 offset-md-2\"><a href=\"#schedule\" class=\"white\">Sind Sie bereit, die Kontrolle \u00fcber die Zukunft Ihres Unternehmens mit NextBrain zu \u00fcbernehmen <strong>Marketing Mix Modeling<\/strong> Funktion? Steigen Sie ein und lassen Sie die Magie beginnen!<br \/>\n<\/a><\/div>\n<\/div>\n<\/div>\n<\/div>\n<\/div>\n<div class=\"container mmmcontent mt-5\">\n<div class=\"row\">\n<div class=\"col-md-12\">\n<div class=\"minititle\"><strong>MMM-Experte:<\/strong> Steigern Sie Ihre Strategie<\/div>\n<\/div>\n<\/div>\n<div class=\"row pt-5\">\n<div class=\"col-md-2 text-center\"><img decoding=\"async\" class=\"imgmedium lazyload\" data-src=\"\/wp-content\/uploads\/2023\/06\/logoblue.png\" src=\"data:image\/svg+xml;base64,PHN2ZyB3aWR0aD0iMSIgaGVpZ2h0PSIxIiB4bWxucz0iaHR0cDovL3d3dy53My5vcmcvMjAwMC9zdmciPjwvc3ZnPg==\" style=\"--smush-placeholder-width: 150px; --smush-placeholder-aspect-ratio: 150\/150;\"><\/div>\n<div class=\"col-md-10\">\n<p>Bereit zu erkunden, wie <strong>NextBrain<\/strong>, unser fortschrittliches <strong>AutoML-Tool<\/strong>, kann Ihnen helfen <strong>Ihre Marketinginvestitionen durch datengest\u00fctzte Entscheidungsfindung zu optimieren<\/strong> im Marketing Mix Modeling (MMM)?<\/p>\n<\/div>\n<\/div>\n<div class=\"row\">\n<div class=\"col-md-12\">\n<div class=\"mmmcontainer mt-5 p-5 text-center\">\n<div class=\"row\">\n<div class=\"col-md-4\">\n<img decoding=\"async\" class=\"mb-4 imgmedium lazyload\" data-src=\"\/wp-content\/uploads\/2023\/06\/nb15.png\" src=\"data:image\/svg+xml;base64,PHN2ZyB3aWR0aD0iMSIgaGVpZ2h0PSIxIiB4bWxucz0iaHR0cDovL3d3dy53My5vcmcvMjAwMC9zdmciPjwvc3ZnPg==\" style=\"--smush-placeholder-width: 114px; --smush-placeholder-aspect-ratio: 114\/114;\"><br \/>\nFortgeschrittene mathematische Funktionen<\/div>\n<div class=\"col-md-4\">\n<img decoding=\"async\" class=\"mb-4 imgmedium lazyload\" data-src=\"\/wp-content\/uploads\/2023\/06\/nb13.png\" src=\"data:image\/svg+xml;base64,PHN2ZyB3aWR0aD0iMSIgaGVpZ2h0PSIxIiB4bWxucz0iaHR0cDovL3d3dy53My5vcmcvMjAwMC9zdmciPjwvc3ZnPg==\" style=\"--smush-placeholder-width: 110px; --smush-placeholder-aspect-ratio: 110\/110;\"><br \/>\nFortgeschrittene Algorithmen<\/div>\n<div class=\"col-md-4\">\n<img decoding=\"async\" class=\"mb-4 imgmedium lazyload\" data-src=\"\/wp-content\/uploads\/2023\/06\/nb14.png\" src=\"data:image\/svg+xml;base64,PHN2ZyB3aWR0aD0iMSIgaGVpZ2h0PSIxIiB4bWxucz0iaHR0cDovL3d3dy53My5vcmcvMjAwMC9zdmciPjwvc3ZnPg==\" style=\"--smush-placeholder-width: 110px; --smush-placeholder-aspect-ratio: 110\/110;\"><br \/>\nSynthetic Data<\/div>\n<\/div>\n<\/div>\n<\/div>\n<\/div>\n<div class=\"row mt-5\">\n<div class=\"col-md-10\">\n<p>NextBrain bietet eine umfassende Suite von <strong>mathematischen Funktionen, die f\u00fcr MMM ma\u00dfgeschneidert sind<\/strong>. Unsere Plattform erm\u00f6glicht es Experten, anzuwenden <strong>Regressionsanalyse, Zeitreihenmodellierung, Optimierungsalgorithmen<\/strong>, und andere mathematische Funktionen, um die Komplexit\u00e4t von MMM zu zerlegen und umsetzbare Erkenntnisse zu gewinnen.<\/p>\n<\/div>\n<div class=\"col-md-2 text-center\"><img decoding=\"async\" class=\"imgmedium lazyload\" data-src=\"\/wp-content\/uploads\/2023\/06\/nb15_2.png\" src=\"data:image\/svg+xml;base64,PHN2ZyB3aWR0aD0iMSIgaGVpZ2h0PSIxIiB4bWxucz0iaHR0cDovL3d3dy53My5vcmcvMjAwMC9zdmciPjwvc3ZnPg==\" style=\"--smush-placeholder-width: 150px; --smush-placeholder-aspect-ratio: 150\/150;\"><\/div>\n<\/div>\n<div class=\"row mt-5\">\n<div class=\"col-md-2 text-center\"><img decoding=\"async\" class=\"imgmedium lazyload\" data-src=\"\/wp-content\/uploads\/2023\/06\/nb13_2.png\" src=\"data:image\/svg+xml;base64,PHN2ZyB3aWR0aD0iMSIgaGVpZ2h0PSIxIiB4bWxucz0iaHR0cDovL3d3dy53My5vcmcvMjAwMC9zdmciPjwvc3ZnPg==\" style=\"--smush-placeholder-width: 150px; --smush-placeholder-aspect-ratio: 150\/150;\"><\/div>\n<div class=\"col-md-10\">\n<p>NextBrain nutzt <strong>fortgeschrittene Algorithmen<\/strong> um wertvolle Erkenntnisse aus komplexen MMM-Datens\u00e4tzen zu extrahieren. Unsere Plattform verwendet ausgekl\u00fcgelte Machine Learning-Algorithmen, wie <strong>Deep Learning, Ensemble-Methoden und pr\u00e4diktive Modellierungstechniken<\/strong>, die die Identifizierung von verborgenen Mustern, nichtlinearen Beziehungen und Interaktionen zwischen mehreren Marketingvariablen erm\u00f6glichen.<\/p>\n<\/div>\n<\/div>\n<div class=\"row mt-5\">\n<div class=\"col-md-10\">\n<p>Haben Sie nicht gen\u00fcgend Daten, um zu trainieren und vorherzusagen? Keine Sorge, dank <strong>synthetischen Daten<\/strong>, die k\u00fcnstlich generierte Daten sind, die die Merkmale realer Daten nachahmen, k\u00f6nnen wir den Analyseumfang \u00fcber die Grenzen bestehender Datens\u00e4tze hinaus erweitern.<\/p>\n<\/div>\n<div class=\"col-md-2 text-center\"><img decoding=\"async\" class=\"imgmedium lazyload\" data-src=\"\/wp-content\/uploads\/2023\/06\/nb14_2.png\" src=\"data:image\/svg+xml;base64,PHN2ZyB3aWR0aD0iMSIgaGVpZ2h0PSIxIiB4bWxucz0iaHR0cDovL3d3dy53My5vcmcvMjAwMC9zdmciPjwvc3ZnPg==\" style=\"--smush-placeholder-width: 150px; --smush-placeholder-aspect-ratio: 150\/150;\"><\/div>\n<\/div>\n<\/div>\n<div class=\"row\">\n<div class=\"col-md-12\">\n<p>Erfahren Sie mehr \u00fcber unsere Methodik in diesem Papier <a href=\"https:\/\/arxiv.org\/abs\/2311.05587\" target=\"_blank\" rel=\"noopener\">Bayes'sche Methoden f\u00fcr Media Mix Modellierung mit Form- und Trichtereffekten<\/a><\/p>\n<\/div>\n<\/div>\n<div class=\"row whywait mt-5 mb-5\">\n<div class=\"col-md-8 text-left\">Bereit, den ersten Schritt zu besseren Marketingentscheidungen zu gehen?<br \/>\nBeginnen Sie noch heute Ihre Reise mit NextBrain<\/div>\n<div class=\"col-md-4 text-center mt-4\"><a href=\"\/de\/contact-us\/\" target=\"_blank\" class=\"btndark btndarkhome btnsignup\" rel=\"noopener\">Kontaktieren Sie uns <i class=\"bi bi-chevron-double-right\"><\/i><\/a><\/div>\n<\/div>\n<h2 class=\"mt-5 mb-0\" id=\"schedule\">Planen Sie eine Demo mit Ihren eigenen Daten<\/h2>\n<div class=\"container mt-5 back-transp pl-5 pr-5\">\n<div class=\"row mt-5\" id=\"calendy-demo\">\n<div class=\"col-md-6\">\n<h2>EUROPA Zeitzone <img decoding=\"async\" width=\"23\" data-src=\"\/wp-content\/uploads\/2023\/06\/ukflag.png\" class=\"mr-2 lazyload\" src=\"data:image\/svg+xml;base64,PHN2ZyB3aWR0aD0iMSIgaGVpZ2h0PSIxIiB4bWxucz0iaHR0cDovL3d3dy53My5vcmcvMjAwMC9zdmciPjwvc3ZnPg==\" style=\"--smush-placeholder-width: 800px; --smush-placeholder-aspect-ratio: 800\/800;\"><img decoding=\"async\" width=\"23\" data-src=\"\/wp-content\/uploads\/2023\/06\/esflag.png\" src=\"data:image\/svg+xml;base64,PHN2ZyB3aWR0aD0iMSIgaGVpZ2h0PSIxIiB4bWxucz0iaHR0cDovL3d3dy53My5vcmcvMjAwMC9zdmciPjwvc3ZnPg==\" class=\"lazyload\" style=\"--smush-placeholder-width: 500px; --smush-placeholder-aspect-ratio: 500\/500;\"><\/h2>\n<p><!-- Calendly inline widget begin --><\/p>\n<div class=\"calendly-inline-widget\" data-url=\"https:\/\/calendly.com\/julia-nextbrain\/30min?hide_gdpr_banner=1&#038;background_color=000000&#038;text_color=ffffff&#038;primary_color=ffa85a\"><\/div>\n<p><script type=\"text\/javascript\" src=\"https:\/\/assets.calendly.com\/assets\/external\/widget.js\" async><\/script><br \/>\n<!-- Calendly inline widget end --><\/p>\n<\/div>\n<div class=\"col-md-6\">\n<h2>EUROPA Zeitzone <img decoding=\"async\" width=\"23\" data-src=\"\/wp-content\/uploads\/2023\/06\/ukflag.png\" class=\"mr-2 lazyload\" src=\"data:image\/svg+xml;base64,PHN2ZyB3aWR0aD0iMSIgaGVpZ2h0PSIxIiB4bWxucz0iaHR0cDovL3d3dy53My5vcmcvMjAwMC9zdmciPjwvc3ZnPg==\" style=\"--smush-placeholder-width: 800px; --smush-placeholder-aspect-ratio: 800\/800;\"><img decoding=\"async\" width=\"23\" data-src=\"\/wp-content\/uploads\/2023\/06\/esflag.png\" src=\"data:image\/svg+xml;base64,PHN2ZyB3aWR0aD0iMSIgaGVpZ2h0PSIxIiB4bWxucz0iaHR0cDovL3d3dy53My5vcmcvMjAwMC9zdmciPjwvc3ZnPg==\" class=\"lazyload\" style=\"--smush-placeholder-width: 500px; --smush-placeholder-aspect-ratio: 500\/500;\"><\/h2>\n<div class=\"calendly-inline-widget\" data-url=\"https:\/\/calendly.com\/nextbrain\/30min?hide_gdpr_banner=1&amp;background_color=000000&amp;text_color=ffffff&amp;primary_color=ffa85a\" style=\"min-width:320px;height:800px;\"><\/div>\n<p><script type=\"text\/javascript\" src=\"https:\/\/assets.calendly.com\/assets\/external\/widget.js\" async=\"\"><\/script><\/p>\n<\/div>\n<\/div>\n<\/div>\n<div class=\"row whywait mt-5 mb-5\">\n<div class=\"col-md-8 text-left\">Aktivieren Sie es im <strong>MARKTPLATZ<\/strong> Bereich unserer Anwendung.<br \/>\nKontaktieren Sie uns f\u00fcr weitere Informationen und Preise<\/div>\n<div class=\"col-md-4 text-center mt-4\"><a href=\"\/de\/schedule-your-free-demo\/\" target=\"_blank\" class=\"btndark btndarkhome btnsignup\" rel=\"noopener\">Demo planen <i class=\"bi bi-chevron-double-right\"><\/i><\/a><\/div>\n<\/div>\n<div class=\"container\">\n<div class=\"row mt-5 mb-5\">\n<div class=\"col-md-4 offset-md-4 p-0\"><a class=\"backgreybutton mb-5 mt-5\" href=\"\/de\/how-to-implement-mmm\/\">Sehen Sie, wie man MMM implementiert<br \/>\n<\/a><\/div>\n<\/div>\n<\/div>","protected":false},"excerpt":{"rendered":"<p>Where do I invest my next dollar? Marketers are not always sure which advertising platforms are working and which ones are not&#8230; We are revolutionizing [&hellip;]<\/p>\n","protected":false},"author":1,"featured_media":0,"parent":0,"menu_order":0,"comment_status":"closed","ping_status":"closed","template":"","meta":{"footnotes":""},"class_list":["post-4849","page","type-page","status-publish","hentry"],"yoast_head":"<!-- This site is optimized with the Yoast SEO plugin v25.6 - https:\/\/yoast.com\/wordpress\/plugins\/seo\/ -->\n<title>Marketing Mix Modeling - NextBrain AI | No-Code Machine Learning<\/title>\n<meta name=\"description\" content=\"Discover the power of Marketing Mix Modeling (MMM) with NextBrain AI. Our no-code ml platform simplifies the process to optimize your marketing strategies.\" \/>\n<meta name=\"robots\" content=\"index, follow, max-snippet:-1, max-image-preview:large, max-video-preview:-1\" \/>\n<link rel=\"canonical\" href=\"https:\/\/nextbrain.ai\/de\/marketing-mix-modeling\" \/>\n<meta property=\"og:locale\" content=\"de_DE\" \/>\n<meta property=\"og:type\" content=\"article\" \/>\n<meta property=\"og:title\" content=\"Marketing Mix Modeling - NextBrain AI | No-Code Machine Learning\" \/>\n<meta property=\"og:description\" content=\"Discover the power of Marketing Mix Modeling (MMM) with NextBrain AI. Our no-code ml platform simplifies the process to optimize your marketing strategies.\" \/>\n<meta property=\"og:url\" content=\"https:\/\/nextbrain.ai\/de\/marketing-mix-modeling\" \/>\n<meta property=\"og:site_name\" content=\"NextBrain AI | No-Code Machine Learning\" \/>\n<meta property=\"article:modified_time\" content=\"2024-06-12T09:46:34+00:00\" \/>\n<meta property=\"og:image\" content=\"https:\/\/nextbrain.ai\/wp-content\/uploads\/2022\/01\/logoNext.png\" \/>\n\t<meta property=\"og:image:width\" content=\"270\" \/>\n\t<meta property=\"og:image:height\" content=\"96\" \/>\n\t<meta property=\"og:image:type\" content=\"image\/png\" \/>\n<meta name=\"twitter:card\" content=\"summary_large_image\" \/>\n<meta name=\"twitter:site\" content=\"@nextbrain_ai\" \/>\n<meta name=\"twitter:label1\" content=\"Gesch\u00e4tzte Lesezeit\" \/>\n\t<meta name=\"twitter:data1\" content=\"7\u00a0Minuten\" \/>\n<!-- \/ Yoast SEO plugin. -->","yoast_head_json":{"title":"Marketing Mix Modellierung - NextBrain AI | No-Code Machine Learning","description":"Entdecken Sie die Kraft der Marketing-Mix-Modellierung (MMM) mit NextBrain AI. Unsere No-Code ML-Plattform vereinfacht den Prozess zur Optimierung Ihrer Marketingstrategien.","robots":{"index":"index","follow":"follow","max-snippet":"max-snippet:-1","max-image-preview":"max-image-preview:large","max-video-preview":"max-video-preview:-1"},"canonical":"https:\/\/nextbrain.ai\/de\/marketing-mix-modeling","og_locale":"de_DE","og_type":"article","og_title":"Marketing Mix Modeling - NextBrain AI | No-Code Machine Learning","og_description":"Discover the power of Marketing Mix Modeling (MMM) with NextBrain AI. Our no-code ml platform simplifies the process to optimize your marketing strategies.","og_url":"https:\/\/nextbrain.ai\/de\/marketing-mix-modeling","og_site_name":"NextBrain AI | No-Code Machine Learning","article_modified_time":"2024-06-12T09:46:34+00:00","og_image":[{"width":270,"height":96,"url":"https:\/\/nextbrain.ai\/wp-content\/uploads\/2022\/01\/logoNext.png","type":"image\/png"}],"twitter_card":"summary_large_image","twitter_site":"@nextbrain_ai","twitter_misc":{"Gesch\u00e4tzte Lesezeit":"7\u00a0Minuten"},"schema":{"@context":"https:\/\/schema.org","@graph":[{"@type":"WebPage","@id":"https:\/\/nextbrain.ai\/marketing-mix-modeling","url":"https:\/\/nextbrain.ai\/marketing-mix-modeling","name":"Marketing Mix Modellierung - NextBrain AI | No-Code Machine Learning","isPartOf":{"@id":"https:\/\/nextbrain.ai\/#website"},"datePublished":"2023-05-31T07:48:34+00:00","dateModified":"2024-06-12T09:46:34+00:00","description":"Entdecken Sie die Kraft der Marketing-Mix-Modellierung (MMM) mit NextBrain AI. Unsere No-Code ML-Plattform vereinfacht den Prozess zur Optimierung Ihrer Marketingstrategien.","breadcrumb":{"@id":"https:\/\/nextbrain.ai\/marketing-mix-modeling#breadcrumb"},"inLanguage":"de","potentialAction":[{"@type":"ReadAction","target":["https:\/\/nextbrain.ai\/marketing-mix-modeling"]}]},{"@type":"BreadcrumbList","@id":"https:\/\/nextbrain.ai\/marketing-mix-modeling#breadcrumb","itemListElement":[{"@type":"ListItem","position":1,"name":"Portada","item":"https:\/\/nextbrain.ai\/"},{"@type":"ListItem","position":2,"name":"Marketing Mix Modeling"}]},{"@type":"WebSite","@id":"https:\/\/nextbrain.ai\/#website","url":"https:\/\/nextbrain.ai\/","name":"NextBrain AI | No-Code Machine Learning","description":"Upgrade your decision-making","publisher":{"@id":"https:\/\/nextbrain.ai\/#organization"},"potentialAction":[{"@type":"SearchAction","target":{"@type":"EntryPoint","urlTemplate":"https:\/\/nextbrain.ai\/?s={search_term_string}"},"query-input":{"@type":"PropertyValueSpecification","valueRequired":true,"valueName":"search_term_string"}}],"inLanguage":"de"},{"@type":"Organization","@id":"https:\/\/nextbrain.ai\/#organization","name":"NextBrain.ai","url":"https:\/\/nextbrain.ai\/","logo":{"@type":"ImageObject","inLanguage":"de","@id":"https:\/\/nextbrain.ai\/#\/schema\/logo\/image\/","url":"http:\/\/nextbrain.ai\/wp-content\/uploads\/2022\/01\/logoNext.png","contentUrl":"http:\/\/nextbrain.ai\/wp-content\/uploads\/2022\/01\/logoNext.png","width":270,"height":96,"caption":"NextBrain.ai"},"image":{"@id":"https:\/\/nextbrain.ai\/#\/schema\/logo\/image\/"},"sameAs":["https:\/\/x.com\/nextbrain_ai","https:\/\/www.linkedin.com\/company\/nextbrain-ai\/","https:\/\/www.youtube.com\/channel\/UCpRhfXZE3YEdfgp2K0U9kxQ","https:\/\/github.com\/NextBrain-ai"]}]}},"_links":{"self":[{"href":"https:\/\/nextbrain.ai\/de\/wp-json\/wp\/v2\/pages\/4849"}],"collection":[{"href":"https:\/\/nextbrain.ai\/de\/wp-json\/wp\/v2\/pages"}],"about":[{"href":"https:\/\/nextbrain.ai\/de\/wp-json\/wp\/v2\/types\/page"}],"author":[{"embeddable":true,"href":"https:\/\/nextbrain.ai\/de\/wp-json\/wp\/v2\/users\/1"}],"replies":[{"embeddable":true,"href":"https:\/\/nextbrain.ai\/de\/wp-json\/wp\/v2\/comments?post=4849"}],"version-history":[{"count":6,"href":"https:\/\/nextbrain.ai\/de\/wp-json\/wp\/v2\/pages\/4849\/revisions"}],"predecessor-version":[{"id":8497,"href":"https:\/\/nextbrain.ai\/de\/wp-json\/wp\/v2\/pages\/4849\/revisions\/8497"}],"wp:attachment":[{"href":"https:\/\/nextbrain.ai\/de\/wp-json\/wp\/v2\/media?parent=4849"}],"curies":[{"name":"wp","href":"https:\/\/api.w.org\/{rel}","templated":true}]}}