{"id":3710,"date":"2022-12-30T12:14:31","date_gmt":"2022-12-30T11:14:31","guid":{"rendered":"http:\/\/nextbrain.ai\/?page_id=3710"},"modified":"2024-03-18T13:29:11","modified_gmt":"2024-03-18T12:29:11","slug":"synthetic-data-for-machine-learning","status":"publish","type":"page","link":"https:\/\/nextbrain.ai\/de\/synthetic-data-for-machine-learning","title":{"rendered":"Synthetische Daten f\u00fcr Machine Learning"},"content":{"rendered":"<div data-elementor-type=\"wp-page\" data-elementor-id=\"3710\" class=\"elementor elementor-3710\">\n\t\t\t\t<div class=\"elementor-element elementor-element-e116a88 e-flex e-con-boxed e-con e-parent\" data-id=\"e116a88\" data-element_type=\"container\" data-e-type=\"container\">\n\t\t\t\t\t<div class=\"e-con-inner\">\n\t\t<div class=\"elementor-element elementor-element-13b6686 e-con-full e-flex e-con e-child\" data-id=\"13b6686\" data-element_type=\"container\" data-e-type=\"container\">\n\t\t\t\t<div class=\"elementor-element elementor-element-5671150 elementor-widget elementor-widget-text-editor\" data-id=\"5671150\" data-element_type=\"widget\" data-e-type=\"widget\" data-widget_type=\"text-editor.default\">\n\t\t\t\t<div class=\"elementor-widget-container\">\n\t\t\t\t\t\t\t\t\t<h2 class=\"mt-0\">Was sind synthetische Daten?<\/h2>\n<div>Synthetische Daten beziehen sich auf k\u00fcnstlich generierte Proben aus echten F\u00e4llen mit dem Ziel, statistisch beschreibende Merkmale beizubehalten. Ein synthetischer Datensatz zielt darauf ab, echte Daten zu ersetzen, um die Datensicherheit zu gew\u00e4hrleisten oder um einen Datensatz mit mehr Proben als das Original zu generieren. Synthetische Daten sind keine erfundenen Daten, so wie ein restauriertes Bild kein neues Bild ist. Durch die Analyse synthetischer Daten k\u00f6nnen wir Muster entdecken, die in echten Daten m\u00f6glicherweise nicht offensichtlich sind. Wenn wir beispielsweise ein Bild mit niedriger Aufl\u00f6sung haben und sich in der unteren rechten Ecke ein Objekt befindet, das wir nicht klar identifizieren k\u00f6nnen, kann ein Wiederherstellungstool uns helfen zu erkennen, dass es sich bei dem Objekt um einen Hund handelt. In \u00e4hnlicher Weise k\u00f6nnen Algorithmen zur Generierung von synthetischen Daten uns helfen, die Art der Beziehungen zwischen Variablen in tabellarischen Daten zu verstehen, selbst wenn diese Beziehungen in den Originaldaten nicht klar sind.<\/div>\t\t\t\t\t\t\t\t<\/div>\n\t\t\t\t<\/div>\n\t\t\t\t<\/div>\n\t\t<div class=\"elementor-element elementor-element-706c670 e-con-full e-flex e-con e-child\" data-id=\"706c670\" data-element_type=\"container\" data-e-type=\"container\">\n\t\t\t\t<div class=\"elementor-element elementor-element-e7b0aae elementor-widget elementor-widget-image\" data-id=\"e7b0aae\" data-element_type=\"widget\" data-e-type=\"widget\" data-widget_type=\"image.default\">\n\t\t\t\t<div class=\"elementor-widget-container\">\n\t\t\t\t\t\t\t\t\t\t\t\t\t\t\t<img fetchpriority=\"high\" decoding=\"async\" width=\"580\" height=\"405\" src=\"https:\/\/nextbrain.ai\/wp-content\/uploads\/2023\/01\/Pwned_BP_synthetic_data_fc5c8213-e778-4d78-8d1b-6afc74aee309-1024x715.png\" class=\"attachment-large size-large wp-image-3822\" alt=\"\" srcset=\"https:\/\/nextbrain.ai\/wp-content\/uploads\/2023\/01\/Pwned_BP_synthetic_data_fc5c8213-e778-4d78-8d1b-6afc74aee309-1024x715.png 1024w, https:\/\/nextbrain.ai\/wp-content\/uploads\/2023\/01\/Pwned_BP_synthetic_data_fc5c8213-e778-4d78-8d1b-6afc74aee309-300x209.png 300w, https:\/\/nextbrain.ai\/wp-content\/uploads\/2023\/01\/Pwned_BP_synthetic_data_fc5c8213-e778-4d78-8d1b-6afc74aee309-768x536.png 768w, https:\/\/nextbrain.ai\/wp-content\/uploads\/2023\/01\/Pwned_BP_synthetic_data_fc5c8213-e778-4d78-8d1b-6afc74aee309.png 1457w\" sizes=\"(max-width: 580px) 100vw, 580px\" \/>\t\t\t\t\t\t\t\t\t\t\t\t\t\t\t<\/div>\n\t\t\t\t<\/div>\n\t\t\t\t<\/div>\n\t\t\t\t\t<\/div>\n\t\t\t\t<\/div>\n\t\t\t\t<section class=\"elementor-section elementor-top-section elementor-element elementor-element-165a373 elementor-section-boxed elementor-section-height-default elementor-section-height-default\" data-id=\"165a373\" data-element_type=\"section\" data-e-type=\"section\">\n\t\t\t\t\t\t<div class=\"elementor-container elementor-column-gap-default\">\n\t\t\t\t\t<div class=\"elementor-column elementor-col-100 elementor-top-column elementor-element elementor-element-5afb76d\" data-id=\"5afb76d\" data-element_type=\"column\" data-e-type=\"column\">\n\t\t\t<div class=\"elementor-widget-wrap elementor-element-populated\">\n\t\t\t\t\t\t<div class=\"elementor-element elementor-element-6e5bc20 elementor-widget elementor-widget-text-editor\" data-id=\"6e5bc20\" data-element_type=\"widget\" data-e-type=\"widget\" data-widget_type=\"text-editor.default\">\n\t\t\t\t<div class=\"elementor-widget-container\">\n\t\t\t\t\t\t\t\t\t<div>\n<h2><span style=\"color: var( --e-global-color-text ); font-family: var( --e-global-typography-text-font-family ), Sans-serif; font-size: 17px; font-weight: var( --e-global-typography-text-font-weight ); letter-spacing: -0.015em;\">&nbsp;<\/span>Warum sind synthetische Daten f\u00fcr NextBrain wichtig?<\/h2><\/div><div>\n<div>Die Hauptbarriere f\u00fcr die Einf\u00fchrung von Machine Learning-Technologien f\u00fcr einen signifikanten Prozentsatz der Nutzer sind Daten. Um effektiv zu sein, verlangen diese Technologien ein erhebliches Datenvolumen. Um genaue Vorhersagen zu treffen, ben\u00f6tigen die meisten Algorithmen, die zur L\u00f6sung von Klassifikations- oder Regressionsproblemen verwendet werden, eine riesige Menge an Daten. Allerdings haben nicht alle Nutzer Zugang zu einer gro\u00dfen Menge an Daten (was als \u201eBig Data\u201c bekannt ist). Im Gegenteil, die Mehrheit der Nutzer, sei es aus der Gesch\u00e4ftswelt, einer beruflichen T\u00e4tigkeit oder der Wissenschaft, hat mit einer begrenzten Menge an Daten zu tun. Der Zugang zu Daten ist teuer und zeitaufw\u00e4ndig.&nbsp;<\/div>\n<div>Um diese Barriere zu \u00fcberwinden, m\u00fcssen den Nutzern mehr Daten zur Verf\u00fcgung stehen. Es gibt zwei m\u00f6gliche L\u00f6sungen daf\u00fcr: Die erste besteht darin, den Zugang zu externen Datenquellen bereitzustellen, die die Nutzer nutzen k\u00f6nnen, um Entscheidungen zu treffen. Dies setzen wir bereits bei NextBrain um, indem wir mehrere Connectoren bereitstellen. Die zweite ist, w\u00f6rtlich gesprochen, die Daten zu erfinden. Aber wie werden wir die Daten &#8220;erfinden&#8221;? Es ist m\u00f6glich, dies zu tun. Es gibt jetzt Technologien, die dies erm\u00f6glichen. Wir sagen, dass wir eine Tabelle mit Daten haben, die ein Problem beschreibt, das wir l\u00f6sen m\u00f6chten. Wir sagen, die Tabelle hat 20 Zeilen und 10 Spalten. Machine Learning-Technologien ben\u00f6tigen mehr Daten als dies. Mit diesen Daten kann ein Algorithmus nur so viel tun, und die Schlussfolgerungen, die wir ziehen k\u00f6nnen, werden fragw\u00fcrdig sein. Aber denken Sie daran, eine andere Tabelle basierend auf dieser zu erstellen, mit 300 Zeilen und 10 Spalten. Jetzt k\u00f6nnen wir dank dieser realistischere Ergebnisse von Algorithmen erhalten.&nbsp;<\/div>\n<div>&nbsp;<\/div>\n<div>&nbsp;<\/div>\n<div>&nbsp;<\/div>\n<\/div>\n<div>\n<h2>Wie machen wir diese Magie?<\/h2>\n<div>Generative Adversarial Networks, oder GANs, sind die Technologie, die im Herzen dieser generativen Anwendungen steht. GANs wurden 2014 von Ian Goodfellow eingef\u00fchrt. Die Idee war, zwei separate neuronale Netzwerke zu konstruieren und sie gegeneinander antreten zu lassen. Das erste neuronale Netzwerk beginnt damit, neue Daten zu generieren, die statistisch \u00e4hnlich den Eingabedaten sind. Das zweite neuronale Netzwerk hat die Aufgabe zu identifizieren, welche Daten k\u00fcnstlich erstellt wurden und welche nicht. Beide Netzwerke konkurrieren kontinuierlich miteinander: das erste versucht, das zweite zu t\u00e4uschen, und das zweite versucht herauszufinden, was das erste tut. Das Spiel endet, wenn das zweite Netzwerk nicht mehr in der Lage ist zu \u2018diskriminieren\u2019, ob die Daten aus dem Output des ersten Netzwerks oder aus den Originaldaten stammen. Wir nennen das erste Netzwerk Generator und das zweite Netzwerk Diskriminator.<\/div>\n<div>&nbsp;<\/div>\n<div>&nbsp; &nbsp;Bei NextBrain haben wir unsere eigene GAN-Architektur auf der Grundlage eines Wasserstein GAN (Arjovsky et al, 2017) ver\u00f6ffentlicht. Wir haben eine spezielle Architektur entwickelt, die f\u00fcr das Training mit einer sehr kleinen Anzahl von Proben geeignet ist.&nbsp;<\/div>\n<\/div>\t\t\t\t\t\t\t\t<\/div>\n\t\t\t\t<\/div>\n\t\t\t\t<div class=\"elementor-element elementor-element-e3714e7 elementor-view-default elementor-widget elementor-widget-icon\" data-id=\"e3714e7\" data-element_type=\"widget\" data-e-type=\"widget\" data-widget_type=\"icon.default\">\n\t\t\t\t<div class=\"elementor-widget-container\">\n\t\t\t\t\t\t\t<div class=\"elementor-icon-wrapper\">\n\t\t\t<a class=\"elementor-icon\" href=\"https:\/\/github.com\/NextBrain-ai\/nbsynthetic\">\n\t\t\t<i aria-hidden=\"true\" class=\"fab fa-github\"><\/i>\t\t\t<\/a>\n\t\t<\/div>\n\t\t\t\t\t\t<\/div>\n\t\t\t\t<\/div>\n\t\t\t\t\t<\/div>\n\t\t<\/div>\n\t\t\t\t\t<\/div>\n\t\t<\/section>\n\t\t\t\t<section class=\"elementor-section elementor-top-section elementor-element elementor-element-e7819b4 elementor-section-boxed elementor-section-height-default elementor-section-height-default\" data-id=\"e7819b4\" data-element_type=\"section\" data-e-type=\"section\">\n\t\t\t\t\t\t<div class=\"elementor-container elementor-column-gap-default\">\n\t\t\t\t\t<div class=\"elementor-column elementor-col-100 elementor-top-column elementor-element elementor-element-3e3468c\" data-id=\"3e3468c\" data-element_type=\"column\" data-e-type=\"column\">\n\t\t\t<div class=\"elementor-widget-wrap elementor-element-populated\">\n\t\t\t\t\t\t<div class=\"elementor-element elementor-element-408296c elementor-widget elementor-widget-text-editor\" data-id=\"408296c\" data-element_type=\"widget\" data-e-type=\"widget\" data-widget_type=\"text-editor.default\">\n\t\t\t\t<div class=\"elementor-widget-container\">\n\t\t\t\t\t\t\t\t\t<div>\u00a0Der kritischste Schritt bei der Generierung synthetischer Daten besteht darin, die \u00c4hnlichkeit oder &#8220;N\u00e4he&#8221; zu echten Daten zu \u00fcberpr\u00fcfen. Bei NextBrain haben wir gro\u00dfe Anstrengungen unternommen, um modernste Werkzeuge zu entwickeln, die diesen Vergleich durchf\u00fchren, um sicherzustellen, dass unsere synthetischen Daten Originaldatensamples mit Vertrauen ersetzen k\u00f6nnen (Marin, J., 2022).\u00a0\u00a0<\/div>\t\t\t\t\t\t\t\t<\/div>\n\t\t\t\t<\/div>\n\t\t\t\t\t<\/div>\n\t\t<\/div>\n\t\t\t\t\t<\/div>\n\t\t<\/section>\n\t\t\t\t<section class=\"elementor-section elementor-top-section elementor-element elementor-element-64db20f elementor-section-boxed elementor-section-height-default elementor-section-height-default\" data-id=\"64db20f\" data-element_type=\"section\" data-e-type=\"section\">\n\t\t\t\t\t\t<div class=\"elementor-container elementor-column-gap-default\">\n\t\t\t\t\t<div class=\"elementor-column elementor-col-100 elementor-top-column elementor-element elementor-element-78bae80\" data-id=\"78bae80\" data-element_type=\"column\" data-e-type=\"column\">\n\t\t\t<div class=\"elementor-widget-wrap elementor-element-populated\">\n\t\t\t\t\t\t<div class=\"elementor-element elementor-element-237f9a7 elementor-widget elementor-widget-image\" data-id=\"237f9a7\" data-element_type=\"widget\" data-e-type=\"widget\" data-widget_type=\"image.default\">\n\t\t\t\t<div class=\"elementor-widget-container\">\n\t\t\t\t\t\t\t\t\t\t\t\t\t\t\t\t<a href=\"https:\/\/arxiv.org\/abs\/2211.10760\">\n\t\t\t\t\t\t\t<img decoding=\"async\" width=\"580\" height=\"285\" data-src=\"https:\/\/nextbrain.ai\/wp-content\/uploads\/2023\/01\/paper_synthetic_data-1024x504.png\" class=\"attachment-large size-large wp-image-3814 lazyload\" alt=\"\" data-srcset=\"https:\/\/nextbrain.ai\/wp-content\/uploads\/2023\/01\/paper_synthetic_data-1024x504.png 1024w, https:\/\/nextbrain.ai\/wp-content\/uploads\/2023\/01\/paper_synthetic_data-300x148.png 300w, https:\/\/nextbrain.ai\/wp-content\/uploads\/2023\/01\/paper_synthetic_data-768x378.png 768w, https:\/\/nextbrain.ai\/wp-content\/uploads\/2023\/01\/paper_synthetic_data-1536x755.png 1536w, https:\/\/nextbrain.ai\/wp-content\/uploads\/2023\/01\/paper_synthetic_data.png 1901w\" data-sizes=\"(max-width: 580px) 100vw, 580px\" src=\"data:image\/svg+xml;base64,PHN2ZyB3aWR0aD0iMSIgaGVpZ2h0PSIxIiB4bWxucz0iaHR0cDovL3d3dy53My5vcmcvMjAwMC9zdmciPjwvc3ZnPg==\" style=\"--smush-placeholder-width: 580px; --smush-placeholder-aspect-ratio: 580\/285;\" \/>\t\t\t\t\t\t\t\t<\/a>\n\t\t\t\t\t\t\t\t\t\t\t\t\t\t\t<\/div>\n\t\t\t\t<\/div>\n\t\t\t\t\t<\/div>\n\t\t<\/div>\n\t\t\t\t\t<\/div>\n\t\t<\/section>\n\t\t\t\t<section class=\"elementor-section elementor-top-section elementor-element elementor-element-f4d9ecc elementor-section-boxed elementor-section-height-default elementor-section-height-default\" data-id=\"f4d9ecc\" data-element_type=\"section\" data-e-type=\"section\">\n\t\t\t\t\t\t<div class=\"elementor-container elementor-column-gap-default\">\n\t\t\t\t\t<div class=\"elementor-column elementor-col-100 elementor-top-column elementor-element elementor-element-5eb72d1\" data-id=\"5eb72d1\" data-element_type=\"column\" data-e-type=\"column\">\n\t\t\t<div class=\"elementor-widget-wrap elementor-element-populated\">\n\t\t\t\t\t\t<div class=\"elementor-element elementor-element-f1c0beb elementor-widget elementor-widget-text-editor\" data-id=\"f1c0beb\" data-element_type=\"widget\" data-e-type=\"widget\" data-widget_type=\"text-editor.default\">\n\t\t\t\t<div class=\"elementor-widget-container\">\n\t\t\t\t\t\t\t\t\t<h5>Literaturverzeichnis:\u00a0<\/h5><div>\u00a0<\/div><div>\u00a0 \u00a0 Arjovsky, M., Chintala, S., &amp; Bottou, L. (2017). Wasserstein generative adversarial networks. Internationale Konferenz \u00fcber Machine Learning, 214\u2013223.<\/div><div>\u00a0 \u00a0Goodfellow, I., Pouget-Abadie, J., Mirza, M., Xu, B., Warde-Farley, D., Ozair, S., &amp; Bengio, Y. et al. (2014). Generative adversarial nets. Fortschritte in der neuronalen Informationsverarbeitungssysteme, 27.<\/div><div>\u00a0 \u00a0Marin, J. (2022). Eine experimentelle Studie zur Bewertung synthetischer tabellarischer Daten. arXiv preprint arXiv:2211.10760.\u00a0 \u00a0Arjovsky, M., Chintala, S., &amp;\u00a0<\/div>\t\t\t\t\t\t\t\t<\/div>\n\t\t\t\t<\/div>\n\t\t\t\t<div class=\"elementor-element elementor-element-a04e253 elementor-widget elementor-widget-spacer\" data-id=\"a04e253\" data-element_type=\"widget\" data-e-type=\"widget\" data-widget_type=\"spacer.default\">\n\t\t\t\t<div class=\"elementor-widget-container\">\n\t\t\t\t\t\t\t<div class=\"elementor-spacer\">\n\t\t\t<div class=\"elementor-spacer-inner\"><\/div>\n\t\t<\/div>\n\t\t\t\t\t\t<\/div>\n\t\t\t\t<\/div>\n\t\t\t\t\t<\/div>\n\t\t<\/div>\n\t\t\t\t\t<\/div>\n\t\t<\/section>\n\t\t\t\t<\/div>","protected":false},"excerpt":{"rendered":"<p>What is\u00a0synthetic data? Synthetic data refers to artificially generated samples from real cases with the goal of retaining statistically descriptive features. A synthetic dataset aims [&hellip;]<\/p>\n","protected":false},"author":1,"featured_media":0,"parent":0,"menu_order":0,"comment_status":"closed","ping_status":"closed","template":"","meta":{"footnotes":""},"class_list":["post-3710","page","type-page","status-publish","hentry"],"yoast_head":"<!-- This site is optimized with the Yoast SEO plugin v25.6 - https:\/\/yoast.com\/wordpress\/plugins\/seo\/ -->\n<title>Synthetic Data for Machine Learning - NextBrain AI<\/title>\n<meta name=\"description\" content=\"Discover the power of synthetic data for machine learning with NextBrain AI. Enhance your ML models with high-quality, diverse, and privacy-preserving synthetic data.\" \/>\n<meta name=\"robots\" content=\"index, follow, max-snippet:-1, max-image-preview:large, max-video-preview:-1\" \/>\n<link rel=\"canonical\" href=\"https:\/\/nextbrain.ai\/de\/synthetic-data-for-machine-learning\" \/>\n<meta property=\"og:locale\" content=\"de_DE\" \/>\n<meta property=\"og:type\" content=\"article\" \/>\n<meta property=\"og:title\" content=\"Synthetic Data for Machine Learning - NextBrain AI\" \/>\n<meta property=\"og:description\" content=\"Discover the power of synthetic data for machine learning with NextBrain AI. Enhance your ML models with high-quality, diverse, and privacy-preserving synthetic data.\" \/>\n<meta property=\"og:url\" content=\"https:\/\/nextbrain.ai\/de\/synthetic-data-for-machine-learning\" \/>\n<meta property=\"og:site_name\" content=\"NextBrain AI | No-Code Machine Learning\" \/>\n<meta property=\"article:modified_time\" content=\"2024-03-18T12:29:11+00:00\" \/>\n<meta property=\"og:image\" content=\"http:\/\/nextbrain.ai\/wp-content\/uploads\/2023\/01\/Pwned_BP_synthetic_data_fc5c8213-e778-4d78-8d1b-6afc74aee309-1024x715.png\" \/>\n<meta name=\"twitter:card\" content=\"summary_large_image\" \/>\n<meta name=\"twitter:site\" content=\"@nextbrain_ai\" \/>\n<meta name=\"twitter:label1\" content=\"Gesch\u00e4tzte Lesezeit\" \/>\n\t<meta name=\"twitter:data1\" content=\"4\u00a0Minuten\" \/>\n<!-- \/ Yoast SEO plugin. -->","yoast_head_json":{"title":"Synthetische Daten f\u00fcr Machine Learning - NextBrain AI","description":"Entdecken Sie die Kraft synthetischer Daten f\u00fcr Machine Learning mit NextBrain AI. Verbessern Sie Ihre ML-Modelle mit qualitativ hochwertigen, vielf\u00e4ltigen und datenschutzfreundlichen synthetischen Daten.","robots":{"index":"index","follow":"follow","max-snippet":"max-snippet:-1","max-image-preview":"max-image-preview:large","max-video-preview":"max-video-preview:-1"},"canonical":"https:\/\/nextbrain.ai\/de\/synthetic-data-for-machine-learning","og_locale":"de_DE","og_type":"article","og_title":"Synthetic Data for Machine Learning - NextBrain AI","og_description":"Discover the power of synthetic data for machine learning with NextBrain AI. Enhance your ML models with high-quality, diverse, and privacy-preserving synthetic data.","og_url":"https:\/\/nextbrain.ai\/de\/synthetic-data-for-machine-learning","og_site_name":"NextBrain AI | No-Code Machine Learning","article_modified_time":"2024-03-18T12:29:11+00:00","og_image":[{"url":"http:\/\/nextbrain.ai\/wp-content\/uploads\/2023\/01\/Pwned_BP_synthetic_data_fc5c8213-e778-4d78-8d1b-6afc74aee309-1024x715.png","type":"","width":"","height":""}],"twitter_card":"summary_large_image","twitter_site":"@nextbrain_ai","twitter_misc":{"Gesch\u00e4tzte Lesezeit":"4\u00a0Minuten"},"schema":{"@context":"https:\/\/schema.org","@graph":[{"@type":"WebPage","@id":"https:\/\/nextbrain.ai\/synthetic-data-for-machine-learning","url":"https:\/\/nextbrain.ai\/synthetic-data-for-machine-learning","name":"Synthetische Daten f\u00fcr Machine Learning - NextBrain AI","isPartOf":{"@id":"https:\/\/nextbrain.ai\/#website"},"primaryImageOfPage":{"@id":"https:\/\/nextbrain.ai\/synthetic-data-for-machine-learning#primaryimage"},"image":{"@id":"https:\/\/nextbrain.ai\/synthetic-data-for-machine-learning#primaryimage"},"thumbnailUrl":"http:\/\/nextbrain.ai\/wp-content\/uploads\/2023\/01\/Pwned_BP_synthetic_data_fc5c8213-e778-4d78-8d1b-6afc74aee309-1024x715.png","datePublished":"2022-12-30T11:14:31+00:00","dateModified":"2024-03-18T12:29:11+00:00","description":"Entdecken Sie die Kraft synthetischer Daten f\u00fcr Machine Learning mit NextBrain AI. Verbessern Sie Ihre ML-Modelle mit qualitativ hochwertigen, vielf\u00e4ltigen und datenschutzfreundlichen synthetischen Daten.","breadcrumb":{"@id":"https:\/\/nextbrain.ai\/synthetic-data-for-machine-learning#breadcrumb"},"inLanguage":"de","potentialAction":[{"@type":"ReadAction","target":["https:\/\/nextbrain.ai\/synthetic-data-for-machine-learning"]}]},{"@type":"ImageObject","inLanguage":"de","@id":"https:\/\/nextbrain.ai\/synthetic-data-for-machine-learning#primaryimage","url":"http:\/\/nextbrain.ai\/wp-content\/uploads\/2023\/01\/Pwned_BP_synthetic_data_fc5c8213-e778-4d78-8d1b-6afc74aee309-1024x715.png","contentUrl":"http:\/\/nextbrain.ai\/wp-content\/uploads\/2023\/01\/Pwned_BP_synthetic_data_fc5c8213-e778-4d78-8d1b-6afc74aee309-1024x715.png"},{"@type":"BreadcrumbList","@id":"https:\/\/nextbrain.ai\/synthetic-data-for-machine-learning#breadcrumb","itemListElement":[{"@type":"ListItem","position":1,"name":"Portada","item":"https:\/\/nextbrain.ai\/"},{"@type":"ListItem","position":2,"name":"Synthetic Data for Machine Learning"}]},{"@type":"WebSite","@id":"https:\/\/nextbrain.ai\/#website","url":"https:\/\/nextbrain.ai\/","name":"NextBrain AI | No-Code Machine Learning","description":"Upgrade your decision-making","publisher":{"@id":"https:\/\/nextbrain.ai\/#organization"},"potentialAction":[{"@type":"SearchAction","target":{"@type":"EntryPoint","urlTemplate":"https:\/\/nextbrain.ai\/?s={search_term_string}"},"query-input":{"@type":"PropertyValueSpecification","valueRequired":true,"valueName":"search_term_string"}}],"inLanguage":"de"},{"@type":"Organization","@id":"https:\/\/nextbrain.ai\/#organization","name":"NextBrain.ai","url":"https:\/\/nextbrain.ai\/","logo":{"@type":"ImageObject","inLanguage":"de","@id":"https:\/\/nextbrain.ai\/#\/schema\/logo\/image\/","url":"http:\/\/nextbrain.ai\/wp-content\/uploads\/2022\/01\/logoNext.png","contentUrl":"http:\/\/nextbrain.ai\/wp-content\/uploads\/2022\/01\/logoNext.png","width":270,"height":96,"caption":"NextBrain.ai"},"image":{"@id":"https:\/\/nextbrain.ai\/#\/schema\/logo\/image\/"},"sameAs":["https:\/\/x.com\/nextbrain_ai","https:\/\/www.linkedin.com\/company\/nextbrain-ai\/","https:\/\/www.youtube.com\/channel\/UCpRhfXZE3YEdfgp2K0U9kxQ","https:\/\/github.com\/NextBrain-ai"]}]}},"_links":{"self":[{"href":"https:\/\/nextbrain.ai\/de\/wp-json\/wp\/v2\/pages\/3710"}],"collection":[{"href":"https:\/\/nextbrain.ai\/de\/wp-json\/wp\/v2\/pages"}],"about":[{"href":"https:\/\/nextbrain.ai\/de\/wp-json\/wp\/v2\/types\/page"}],"author":[{"embeddable":true,"href":"https:\/\/nextbrain.ai\/de\/wp-json\/wp\/v2\/users\/1"}],"replies":[{"embeddable":true,"href":"https:\/\/nextbrain.ai\/de\/wp-json\/wp\/v2\/comments?post=3710"}],"version-history":[{"count":3,"href":"https:\/\/nextbrain.ai\/de\/wp-json\/wp\/v2\/pages\/3710\/revisions"}],"predecessor-version":[{"id":6679,"href":"https:\/\/nextbrain.ai\/de\/wp-json\/wp\/v2\/pages\/3710\/revisions\/6679"}],"wp:attachment":[{"href":"https:\/\/nextbrain.ai\/de\/wp-json\/wp\/v2\/media?parent=3710"}],"curies":[{"name":"wp","href":"https:\/\/api.w.org\/{rel}","templated":true}]}}