{"id":1226,"date":"2021-08-26T11:51:54","date_gmt":"2021-08-26T11:51:54","guid":{"rendered":"http:\/\/wp1.efforttech.com\/newwp\/reeko\/?page_id=1226"},"modified":"2024-02-28T07:44:49","modified_gmt":"2024-02-28T06:44:49","slug":"privacy-policy","status":"publish","type":"page","link":"https:\/\/nextbrain.ai\/de\/privacy-policy","title":{"rendered":"Datenschutz &#038; Richtlinie"},"content":{"rendered":"<div data-elementor-type=\"wp-page\" data-elementor-id=\"1226\" class=\"elementor elementor-1226\">\n\t\t\t\t\t\t<section class=\"elementor-section elementor-top-section elementor-element elementor-element-cd6e18a elementor-section-full_width elementor-section-height-default elementor-section-height-default\" data-id=\"cd6e18a\" data-element_type=\"section\" data-e-type=\"section\">\n\t\t\t\t\t\t<div class=\"elementor-container elementor-column-gap-default\">\n\t\t\t\t\t<div class=\"elementor-column elementor-col-100 elementor-top-column elementor-element elementor-element-e30991c\" data-id=\"e30991c\" data-element_type=\"column\" data-e-type=\"column\">\n\t\t\t<div class=\"elementor-widget-wrap elementor-element-populated\">\n\t\t\t\t\t\t<div class=\"elementor-element elementor-element-b70883f elementor-widget elementor-widget-text-editor\" data-id=\"b70883f\" data-element_type=\"widget\" data-e-type=\"widget\" data-widget_type=\"text-editor.default\">\n\t\t\t\t<div class=\"elementor-widget-container\">\n\t\t\t\t\t\t\t\t\t<div>\n<h5>RECHTLICH<strong> WARNUNG:<\/strong><\/h5>\n<p>In \u00dcbereinstimmung mit Artikel 10 des Gesetzes 34\/2002 vom 11. Juli \u00fcber Dienstleistungen der Informationsgesellschaft und den elektronischen Handel (LSSICE) sind die Identifikationsdaten der Entit\u00e4t wie folgt aufgef\u00fchrt:<\/p>\n<p><strong>Firmenname<\/strong>: NEXTBRAIN S.L.<br><strong>Adresse<\/strong>: Paseo de la Castellana, n.\u00ba 210, 5. Etage, T\u00fcr 8, 28046<br><strong>Telefon<\/strong>: 91 991 95 65<br><strong>E-Mail<\/strong>: info@nextbrain.ai<\/p>\n<p><strong>ZWECK DER WEBSITE<\/strong>. Diese Website wurde entwickelt, um Informationen zu den Produkten oder Dienstleistungen bereitzustellen, die wir denen anbieten, die m\u00f6glicherweise an einer Kontaktaufnahme zu diesem Zweck interessiert sind. Dieser rechtliche Hinweis (nachfolgend als \u201eRechtshinweis\u201c bezeichnet) regelt die Nutzung der Website: http:\/\/cke.577.myftpupload.com<\/p>\n<p><strong>GESETZGEBUNG.<\/strong>&nbsp;Im Allgemeinen unterliegen die Beziehungen zwischen&nbsp;<span style=\"letter-spacing: -0.27px;\">NEXTBRAIN S.L.<\/span>&nbsp;und den Nutzern seiner telematischen Dienste, die auf dieser Website pr\u00e4sent sind, dem spanischen Recht und der Jurisdiktion.<\/p>\n<p><strong>NUTZUNG UND ZUGANG DER NUTZER.<\/strong>&nbsp;Der Nutzer wird informiert und akzeptiert, dass der Zugang zu dieser Website in keiner Weise den Beginn einer Gesch\u00e4ftsbeziehung mit&nbsp;<span style=\"letter-spacing: -0.27px;\">NEXTBRAIN S.L.<\/span>&nbsp;oder einer ihrer Delegationen bedeutet.<\/p>\n<p><strong>GEISTIGES EIGENTUM UND INDUSTRIELLES EIGENTUM.<\/strong>&nbsp;Die geistigen Eigentumsrechte an den Inhalten der Webseiten, deren grafischem Design und Codes liegen bei&nbsp;<span style=\"letter-spacing: -0.27px;\">NEXTBRAIN S.L.<\/span> und daher ist es untersagt, die Inhalte ihrer Webseiten zu reproduzieren, zu verteilen, \u00f6ffentlich zu kommunizieren, zu transformieren oder andere Aktivit\u00e4ten mit diesen Inhalten durchzuf\u00fchren, auch wenn die Quellen zitiert werden, es sei denn, es liegt eine schriftliche Zustimmung von NEXTBRAIN S.L. vor.<\/p>\n<p><strong>WEBINHALTE UND LINKS<\/strong><strong>(LINKS)<\/strong>.&nbsp;<span style=\"letter-spacing: -0.27px;\">NEXTBRAIN S.L.<\/span>&nbsp;beh\u00e4lt sich das Recht vor, Informationen auf seinen Webseiten zu aktualisieren, zu \u00e4ndern oder zu l\u00f6schen und kann sogar den Zugang zu solchen Informationen f\u00fcr bestimmte Benutzer einschr\u00e4nken oder verweigern.<\/p>\n<p>NEXTBRAIN S.L. \u00fcbernimmt keine Verantwortung f\u00fcr die Informationen, die auf Webseiten Dritter enthalten sind, die \u00fcber Links von einer Webseite von NEXTBRAIN S.L. zug\u00e4nglich sind. Die Pr\u00e4senz von Links auf den Webseiten von NEXTBRAIN S.L. ist lediglich informativ und impliziert in keinem Fall eine Empfehlung, Einladung oder Anregung in Bezug auf diese.<\/p>\n<p><strong>COOKIE-RICHTLINIE.<\/strong><\/p>\n<p>NEXTBRAIN S.L. sammelt durch dieses Dokument seine Richtlinie zur Erfassung und Verarbeitung von Cookies, gem\u00e4\u00df Artikel 22.2 des Gesetzes 34\/2002 vom 11. Juli \u00fcber die Dienstleistungen der Informationsgesellschaft und den elektronischen Handel (LSSICE).<\/p>\n<p>Cookies werden auf dem Endger\u00e4t des Benutzers (Computer oder mobiles Ger\u00e4t) gespeichert und sammeln Informationen beim Besuch der Webseite NEXTBRAIN.AI, um deren Benutzerfreundlichkeit zu verbessern, die Gewohnheiten oder Browsing-Bed\u00fcrfnisse der Benutzer zu kennen und sich an diese anzupassen, sowie Informationen f\u00fcr statistische Zwecke zu sammeln. Im Fall von Benutzern, die bereits Kunden der Einrichtung sind, wird die mit den Cookies gesammelte Information auch dazu dienen, sie beim Zugriff auf die verschiedenen Werkzeuge zu identifizieren, die die Einrichtung zur Verwaltung ihrer Dienste bereitstellt.<\/p>\n<p>Die vorliegende Cookie-Richtlinie gilt f\u00fcr diejenigen Benutzer, die freiwillig die Webseiten der Einrichtung besuchen, Datenformulare ausf\u00fcllen, auf die Werkzeuge zugreifen, die die Einrichtung ihren Kunden zur Verwaltung ihrer Dienste zur Verf\u00fcgung stellt, oder einen anderen Dienst auf der Webseite nutzen, der die Kommunikation von Daten an die Einrichtung oder den Zugang zu Daten durch die Einrichtung zur Erbringung ihrer Dienste impliziert.<\/p>\n<p>NEXTBRAIN S.L. verwendet die folgenden Arten von Cookies:<\/p>\n<p>Eingeteilt nach ihrem Eigentum: * Eigene Cookies: direkt von der Entit\u00e4t gesendet und verwaltet. * Cookies von Dritten: von einem Dritten au\u00dferhalb der Entit\u00e4t anonym gesendet und verwaltet, mit dem Ziel, statistische Studien \u00fcber die Nutzung der Webseiten der Entit\u00e4t durchzuf\u00fchren.<\/p>\n<p>Klassifiziert nach ihrem Zweck: * Technische und\/oder Personalisierungs-Cookies: Sie erleichtern die Navigation, indem sie die Sitzung identifizieren, den Zugang zu eingeschr\u00e4nkten Werkzeugen erm\u00f6glichen und die verf\u00fcgbaren Optionen konfigurieren. Sie erm\u00f6glichen es, den zuvor von dem Benutzer angeforderten Dienst bereitzustellen. * Analyse- und\/oder Werbe-Cookies: Sie erm\u00f6glichen es, die Anzahl der Besuche in den verschiedenen Abschnitten der Webseiten zu kennen, die Gewohnheiten und Trends ihrer Benutzer zu erkennen und folglich die Navigation sowie den von der Institution angebotenen Dienst (grunds\u00e4tzlich Google Analytics) zu verbessern, sowie die Werbefl\u00e4chen zu verwalten, die auf der vom Benutzer besuchten Webseite enthalten sind. Es werden Daten anonym gesammelt, um Navigationsprofile der Benutzer zu erstellen.<\/p>\n<p>Eingeteilt nach Dauer: * Sitzungscookies: sammeln und speichern Daten, w\u00e4hrend der Benutzer auf die Webseite zugreift. * Persistente Cookies: sie sammeln und speichern die Daten im Endger\u00e4t des Benutzers f\u00fcr einen variablen Zeitraum, abh\u00e4ngig von dem Zweck, f\u00fcr den sie verwendet wurden.<\/p>\n<p>Die Speicherdauer der Cookies h\u00e4ngt von der jeweiligen Art ab und ist immer das Minimum, das erforderlich ist, um ihren Zweck zu erf\u00fcllen.<\/p>\n<p>In jedem Fall k\u00f6nnen Benutzer ihren Browser so konfigurieren, dass er den Empfang aller oder einiger Cookies deaktiviert oder blockiert. Der Umstand, dass Sie diese Cookies nicht erhalten m\u00f6chten, stellt kein Hindernis f\u00fcr den Zugriff auf die Informationen auf den Websites der Einrichtung dar, obwohl die Nutzung einiger Dienste eingeschr\u00e4nkt sein kann. Wenn, nachdem die Zustimmung zum Empfang von Cookies gegeben wurde, der Wunsch besteht, diese zu widerrufen, m\u00fcssen die auf dem Computer des Benutzers gespeicherten Cookies gel\u00f6scht werden, indem die Optionen der verschiedenen Browser verwendet werden.<\/p>\n<p>Die Anleitung zur Konfiguration der verschiedenen Browser, um die in den vorherigen Abs\u00e4tzen genannten Aktionen auszu\u00fcben, finden Sie unter:<br>* Explorer:&nbsp; <a href=\"http:\/\/windows.microsoft.com\/es-es\/windows7\/how-to-manage-cookies -in-internet-explorer-9\" target=\"_blank\" rel=\"noreferrer noopener\">http:\/\/windows.microsoft.com\/es-es\/windows7\/how-to-manage-cookies -in-internet-explorer-9<\/a><br>* Chrome:&nbsp; <a href=\"https:\/\/support.google.com\/chrome\/answer\/95647?hl=es\" target=\"_blank\" rel=\"noreferrer noopener\">https:\/\/support.google.com\/chrome\/answer\/95647?hl=es<\/a><\/p>\n<p><strong>Verarbeitete Daten und Quellen der personenbezogenen Daten<\/strong><\/p>\n<p>Wir k\u00f6nnen die folgenden Kategorien personenbezogener Daten sammeln oder im Auftrag unserer Kunden verarbeiten:<\/p>\n<ol>\n<li><strong>Informationen, die wir sammeln:<\/strong><\/li>\n<\/ol>\n<div>\n<p>a.&nbsp;<strong>Benutzerkonto-Informationen:<\/strong><\/p>\n<ul>\n<li>Wenn Sie ein Konto bei Nextbrain erstellen, sammeln wir Ihre E-Mail-Adresse, um Ihr Konto mit Ihrem Profil zu verkn\u00fcpfen.<\/li>\n<\/ul>\n<p>b.&nbsp;<strong>Dateifreigabe-Informationen:<\/strong><\/p>\n<ul>\n<li>Wenn Sie sich entscheiden, Dateien direkt oder \u00fcber Dritte mit uns zu teilen, k\u00f6nnen wir die Daten aus diesen Dateien verarbeiten. Diese Daten werden ausschlie\u00dflich verwendet, um Machine Learning Modelle zu erstellen, zu analysieren oder zu verbessern und k\u00f6nnen jederzeit von Ihnen entfernt werden.<\/li>\n<\/ul>\n<\/div>\n<ol start=\"2\">\n<li><strong>Wie wir Ihre Informationen verwenden:<\/strong><\/li>\n<\/ol>\n<div>\n<p>a.&nbsp;<strong>Benutzerkonto-Informationen:<\/strong><\/p>\n<ul>\n<li>Wir verwenden Ihre E-Mail-Adresse, um Ihr Konto zu verwalten und Ihnen personalisierte Dienstleistungen anzubieten.<\/li>\n<\/ul>\n<p>b.&nbsp;<strong>Dateifreigabe-Informationen:<\/strong><\/p>\n<ul>\n<li>Daten aus freigegebenen Dateien werden verwendet, um Machine Learning-Modelle zu entwickeln, zu analysieren und zu verbessern, um pr\u00e4diktive Modelle zu erstellen.<\/li>\n<\/ul>\n<\/div>\n<\/div>\n<div>\n<p>Wir verwenden Verschl\u00fcsselung, um Ihre Informationen und alle Daten, die wir von Ihnen sammeln, zu sch\u00fctzen.<\/p>\n<p>Wir werden Ihre personenbezogenen Daten so lange aufbewahren, wie es erforderlich ist, um die in dieser Datenschutzrichtlinie dargelegten Zwecke zu erf\u00fcllen oder bis Sie dies per E-Mail oder Kontol\u00f6schung anfordern.<\/p>\n<p>Wir \u00fcbertragen oder offenbaren Ihre Informationen nicht an Dritte f\u00fcr andere Zwecke als die angegebenen.<\/p>\n<p>Wir werden Ihre Daten verwenden, um Ihnen die von Ihnen angeforderten Dienste wie Datenanalyse, Machine Learning-Modell bereitzustellen.<\/p>\n<p>Wir verkaufen oder teilen gesammelte Daten nicht mit Dritten.&nbsp;<strong>NEXTBRAIN S.L.<\/strong><\/p>\n<\/div>\t\t\t\t\t\t\t\t<\/div>\n\t\t\t\t<\/div>\n\t\t\t\t\t<\/div>\n\t\t<\/div>\n\t\t\t\t\t<\/div>\n\t\t<\/section>\n\t\t\t\t<\/div>","protected":false},"excerpt":{"rendered":"<p>LEGAL WARNING: In compliance with article 10 of Law 34\/2002, of 11 July, on Information Society Services and Electronic Commerce (LSSICE), the entity\u2019s identification data [&hellip;]<\/p>\n","protected":false},"author":1,"featured_media":0,"parent":0,"menu_order":0,"comment_status":"closed","ping_status":"closed","template":"","meta":{"footnotes":""},"class_list":["post-1226","page","type-page","status-publish","hentry"],"yoast_head":"<!-- This site is optimized with the Yoast SEO plugin v25.6 - https:\/\/yoast.com\/wordpress\/plugins\/seo\/ -->\n<title>Privacy &amp; Policy - NextBrain AI | No-Code Machine Learning<\/title>\n<meta name=\"description\" content=\"Your privacy matters to us. Discover how NextBrain AI handles your personal information and maintains confidentiality in our detailed privacy policy.\" \/>\n<meta name=\"robots\" content=\"index, follow, max-snippet:-1, max-image-preview:large, max-video-preview:-1\" \/>\n<link rel=\"canonical\" href=\"https:\/\/nextbrain.ai\/de\/privacy-policy\/\" \/>\n<meta property=\"og:locale\" content=\"de_DE\" \/>\n<meta property=\"og:type\" content=\"article\" \/>\n<meta property=\"og:title\" content=\"Privacy &amp; Policy - NextBrain AI | No-Code Machine Learning\" \/>\n<meta property=\"og:description\" content=\"Your privacy matters to us. Discover how NextBrain AI handles your personal information and maintains confidentiality in our detailed privacy policy.\" \/>\n<meta property=\"og:url\" content=\"https:\/\/nextbrain.ai\/de\/privacy-policy\/\" \/>\n<meta property=\"og:site_name\" content=\"NextBrain AI | No-Code Machine Learning\" \/>\n<meta property=\"article:modified_time\" content=\"2024-02-28T06:44:49+00:00\" \/>\n<meta property=\"og:image\" content=\"https:\/\/nextbrain.ai\/wp-content\/uploads\/2022\/01\/logoNext.png\" \/>\n\t<meta property=\"og:image:width\" content=\"270\" \/>\n\t<meta property=\"og:image:height\" content=\"96\" \/>\n\t<meta property=\"og:image:type\" content=\"image\/png\" \/>\n<meta name=\"twitter:card\" content=\"summary_large_image\" \/>\n<meta name=\"twitter:site\" content=\"@nextbrain_ai\" \/>\n<meta name=\"twitter:label1\" content=\"Gesch\u00e4tzte Lesezeit\" \/>\n\t<meta name=\"twitter:data1\" content=\"5\u00a0Minuten\" \/>\n<!-- \/ Yoast SEO plugin. -->","yoast_head_json":{"title":"Datenschutz &amp; Richtlinien - NextBrain AI | No-Code Machine Learning","description":"Ihre Privatsph\u00e4re ist uns wichtig. Erfahren Sie, wie NextBrain AI mit Ihren personenbezogenen Daten umgeht und die Vertraulichkeit in unserer detaillierten Datenschutzrichtlinie wahrt.","robots":{"index":"index","follow":"follow","max-snippet":"max-snippet:-1","max-image-preview":"max-image-preview:large","max-video-preview":"max-video-preview:-1"},"canonical":"https:\/\/nextbrain.ai\/de\/privacy-policy\/","og_locale":"de_DE","og_type":"article","og_title":"Privacy & Policy - NextBrain AI | No-Code Machine Learning","og_description":"Your privacy matters to us. Discover how NextBrain AI handles your personal information and maintains confidentiality in our detailed privacy policy.","og_url":"https:\/\/nextbrain.ai\/de\/privacy-policy\/","og_site_name":"NextBrain AI | No-Code Machine Learning","article_modified_time":"2024-02-28T06:44:49+00:00","og_image":[{"width":270,"height":96,"url":"https:\/\/nextbrain.ai\/wp-content\/uploads\/2022\/01\/logoNext.png","type":"image\/png"}],"twitter_card":"summary_large_image","twitter_site":"@nextbrain_ai","twitter_misc":{"Gesch\u00e4tzte Lesezeit":"5\u00a0Minuten"},"schema":{"@context":"https:\/\/schema.org","@graph":[{"@type":"WebPage","@id":"https:\/\/nextbrain.ai\/es\/privacy-policy","url":"https:\/\/nextbrain.ai\/es\/privacy-policy","name":"Datenschutz &amp; Richtlinien - NextBrain AI | No-Code Machine Learning","isPartOf":{"@id":"https:\/\/nextbrain.ai\/#website"},"datePublished":"2021-08-26T11:51:54+00:00","dateModified":"2024-02-28T06:44:49+00:00","description":"Ihre Privatsph\u00e4re ist uns wichtig. Erfahren Sie, wie NextBrain AI mit Ihren personenbezogenen Daten umgeht und die Vertraulichkeit in unserer detaillierten Datenschutzrichtlinie wahrt.","breadcrumb":{"@id":"https:\/\/nextbrain.ai\/es\/privacy-policy#breadcrumb"},"inLanguage":"de","potentialAction":[{"@type":"ReadAction","target":["https:\/\/nextbrain.ai\/es\/privacy-policy"]}]},{"@type":"BreadcrumbList","@id":"https:\/\/nextbrain.ai\/es\/privacy-policy#breadcrumb","itemListElement":[{"@type":"ListItem","position":1,"name":"Portada","item":"https:\/\/nextbrain.ai\/"},{"@type":"ListItem","position":2,"name":"Privacy &#038; Policy"}]},{"@type":"WebSite","@id":"https:\/\/nextbrain.ai\/#website","url":"https:\/\/nextbrain.ai\/","name":"NextBrain AI | No-Code Machine Learning","description":"Upgrade your decision-making","publisher":{"@id":"https:\/\/nextbrain.ai\/#organization"},"potentialAction":[{"@type":"SearchAction","target":{"@type":"EntryPoint","urlTemplate":"https:\/\/nextbrain.ai\/?s={search_term_string}"},"query-input":{"@type":"PropertyValueSpecification","valueRequired":true,"valueName":"search_term_string"}}],"inLanguage":"de"},{"@type":"Organization","@id":"https:\/\/nextbrain.ai\/#organization","name":"NextBrain.ai","url":"https:\/\/nextbrain.ai\/","logo":{"@type":"ImageObject","inLanguage":"de","@id":"https:\/\/nextbrain.ai\/#\/schema\/logo\/image\/","url":"http:\/\/nextbrain.ai\/wp-content\/uploads\/2022\/01\/logoNext.png","contentUrl":"http:\/\/nextbrain.ai\/wp-content\/uploads\/2022\/01\/logoNext.png","width":270,"height":96,"caption":"NextBrain.ai"},"image":{"@id":"https:\/\/nextbrain.ai\/#\/schema\/logo\/image\/"},"sameAs":["https:\/\/x.com\/nextbrain_ai","https:\/\/www.linkedin.com\/company\/nextbrain-ai\/","https:\/\/www.youtube.com\/channel\/UCpRhfXZE3YEdfgp2K0U9kxQ","https:\/\/github.com\/NextBrain-ai"]}]}},"_links":{"self":[{"href":"https:\/\/nextbrain.ai\/de\/wp-json\/wp\/v2\/pages\/1226"}],"collection":[{"href":"https:\/\/nextbrain.ai\/de\/wp-json\/wp\/v2\/pages"}],"about":[{"href":"https:\/\/nextbrain.ai\/de\/wp-json\/wp\/v2\/types\/page"}],"author":[{"embeddable":true,"href":"https:\/\/nextbrain.ai\/de\/wp-json\/wp\/v2\/users\/1"}],"replies":[{"embeddable":true,"href":"https:\/\/nextbrain.ai\/de\/wp-json\/wp\/v2\/comments?post=1226"}],"version-history":[{"count":30,"href":"https:\/\/nextbrain.ai\/de\/wp-json\/wp\/v2\/pages\/1226\/revisions"}],"predecessor-version":[{"id":6188,"href":"https:\/\/nextbrain.ai\/de\/wp-json\/wp\/v2\/pages\/1226\/revisions\/6188"}],"wp:attachment":[{"href":"https:\/\/nextbrain.ai\/de\/wp-json\/wp\/v2\/media?parent=1226"}],"curies":[{"name":"wp","href":"https:\/\/api.w.org\/{rel}","templated":true}]}}